{"id":17511,"date":"2026-02-27T00:35:22","date_gmt":"2026-02-27T00:35:22","guid":{"rendered":"https:\/\/nordicmart.andreevmaster.com\/product\/exklusiva-bysantinska-schackpjaser-i-metall\/"},"modified":"2026-02-27T08:24:56","modified_gmt":"2026-02-27T08:24:56","slug":"exklusiva-bysantinska-schackpjaser-i-metall","status":"publish","type":"product","link":"https:\/\/nordicmart.andreevmaster.com\/sv\/produkt\/exklusiva-bysantinska-schackpjaser-i-metall\/","title":{"rendered":"Exklusiva bysantinska schackpj\u00e4ser i metall"},"content":{"rendered":"<p>Exklusiva schackspel i metall Byzantium &#8211; S1CBRO&nbsp;&nbsp;V\u00e5rt schackspel bygger p\u00e5 traditionerna fr\u00e5n det bysantinska riket, som dominerade syd\u00f6stra Europa och Mindre Asien i n\u00e4stan 1 000 \u00e5r. Schackpj\u00e4serna \u00e4r inspirerade av den ber\u00f6mda makedoniska dynastin, vars medlemmar satt p\u00e5 kejsartronen under \u00e5ren 867\u20131056. Under den makedoniska dynastins tid gick Bysans in i en utvecklings- och blomstringsfas som kallas den bysantinska ren\u00e4ssansen. Bysantinerna hyllade den klassiska perioden och utvidgade den med kristna element, vilket blev en inspiration f\u00f6r konsten i efterf\u00f6ljande epoker. Det var en tid av v\u00e4lst\u00e5nd, prestige och milit\u00e4r makt f\u00f6r imperiet.&nbsp;&nbsp;M\u00e5tt:&nbsp;Schackbr\u00e4de 20 x 20 cmKungens h\u00f6jd 4 cmSetets vikt: 2 kg&nbsp;Schackpj\u00e4ser:&nbsp;MetallschackFigurer och b\u00f6nder tillverkade av zinklegering.F\u00e4rger: brun\/gyllene&nbsp;Schackbr\u00e4de:&nbsp;Tillverkad av m\u00e4ssing F\u00e4rger: b\u00e4rnstensbrun; Handm\u00e5lad F\u00f6rpackning: Schackpj\u00e4serna \u00e4r f\u00f6rpackade i en vacker, lyxig tr\u00e4l\u00e5da. Inuti finns en noggrant tillverkad form f\u00f6r att ordna och f\u00f6rvara figurerna p\u00e5 ett s\u00e4kert s\u00e4tt.<\/p>\n","protected":false},"excerpt":{"rendered":"<p>Exklusiva schackspel i metall Byzantium &#8211; S1CBRO&nbsp;&nbsp;V\u00e5rt schackspel bygger p\u00e5 traditionerna fr\u00e5n det bysantinska riket, som dominerade syd\u00f6stra Europa och Mindre Asien i n\u00e4stan 1 000 \u00e5r. Schackpj\u00e4serna \u00e4r inspirerade av den ber\u00f6mda makedoniska dynastin, vars medlemmar satt p\u00e5 kejsartronen under \u00e5ren 867\u20131056. Under den makedoniska dynastins tid gick Bysans in i en utvecklings- och [&hellip;]<\/p>\n","protected":false},"featured_media":44865,"comment_status":"open","ping_status":"closed","template":"","meta":[],"product_brand":[],"product_cat":[33],"product_tag":[],"class_list":{"0":"post-17511","1":"product","2":"type-product","3":"status-publish","4":"has-post-thumbnail","6":"product_cat-okategoriserad","8":"first","9":"instock","10":"shipping-taxable","11":"purchasable","12":"product-type-simple"},"_links":{"self":[{"href":"https:\/\/nordicmart.andreevmaster.com\/sv\/wp-json\/wp\/v2\/product\/17511","targetHints":{"allow":["GET"]}}],"collection":[{"href":"https:\/\/nordicmart.andreevmaster.com\/sv\/wp-json\/wp\/v2\/product"}],"about":[{"href":"https:\/\/nordicmart.andreevmaster.com\/sv\/wp-json\/wp\/v2\/types\/product"}],"replies":[{"embeddable":true,"href":"https:\/\/nordicmart.andreevmaster.com\/sv\/wp-json\/wp\/v2\/comments?post=17511"}],"wp:featuredmedia":[{"embeddable":true,"href":"https:\/\/nordicmart.andreevmaster.com\/sv\/wp-json\/wp\/v2\/media\/44865"}],"wp:attachment":[{"href":"https:\/\/nordicmart.andreevmaster.com\/sv\/wp-json\/wp\/v2\/media?parent=17511"}],"wp:term":[{"taxonomy":"product_brand","embeddable":true,"href":"https:\/\/nordicmart.andreevmaster.com\/sv\/wp-json\/wp\/v2\/product_brand?post=17511"},{"taxonomy":"product_cat","embeddable":true,"href":"https:\/\/nordicmart.andreevmaster.com\/sv\/wp-json\/wp\/v2\/product_cat?post=17511"},{"taxonomy":"product_tag","embeddable":true,"href":"https:\/\/nordicmart.andreevmaster.com\/sv\/wp-json\/wp\/v2\/product_tag?post=17511"}],"curies":[{"name":"wp","href":"https:\/\/api.w.org\/{rel}","templated":true}]}}