{"id":17510,"date":"2026-02-27T00:35:21","date_gmt":"2026-02-27T00:35:21","guid":{"rendered":"https:\/\/nordicmart.andreevmaster.com\/product\/astrolabe-nyckelring-kr105\/"},"modified":"2026-02-27T08:24:56","modified_gmt":"2026-02-27T08:24:56","slug":"astrolabe-nyckelring-kr105","status":"publish","type":"product","link":"https:\/\/nordicmart.andreevmaster.com\/sv\/produkt\/astrolabe-nyckelring-kr105\/","title":{"rendered":"Astrolabe nyckelring \u2013 KR105"},"content":{"rendered":"<p>Astrolabium nyckelring \u2013 KR105&nbsp;&nbsp;&nbsp;M\u00e4ssingsnyckelring med astrolabium \u00e4r en utm\u00e4rkt presentid\u00e9 f\u00f6r astronomen, rymd\u00e4lskaren och seglingsentusiasten. Astrolabier anv\u00e4ndes av sj\u00f6m\u00e4n f\u00f6r astronavigering och av stora vetenskapsm\u00e4n f\u00f6r att best\u00e4mma ekliptiska och ekvatoriella koordinater. Med hj\u00e4lp av dem kunde man g\u00f6ra matematiska ber\u00e4kningar, best\u00e4mma tidpunkten f\u00f6r soluppg\u00e5ng och solnedg\u00e5ng, l\u00e4ngden p\u00e5 dagen eller best\u00e4mma den astronomiska h\u00f6jden f\u00f6r solen och stj\u00e4rnorna. &nbsp;&nbsp;&nbsp;Produktinformation:&nbsp;Material: m\u00e4ssing F\u00e4rg: m\u00e4ssing M\u00e5tt: diameter 5,5 cm, total l\u00e4ngd 7,5 cm&nbsp;&nbsp;Astrolabium-nyckelringen passar bra som:&nbsp;Present till astronomPresent till rymdintresseradGadget f\u00f6r seglingsentusiast<\/p>\n","protected":false},"excerpt":{"rendered":"<p>Astrolabium nyckelring \u2013 KR105&nbsp;&nbsp;&nbsp;M\u00e4ssingsnyckelring med astrolabium \u00e4r en utm\u00e4rkt presentid\u00e9 f\u00f6r astronomen, rymd\u00e4lskaren och seglingsentusiasten. Astrolabier anv\u00e4ndes av sj\u00f6m\u00e4n f\u00f6r astronavigering och av stora vetenskapsm\u00e4n f\u00f6r att best\u00e4mma ekliptiska och ekvatoriella koordinater. Med hj\u00e4lp av dem kunde man g\u00f6ra matematiska ber\u00e4kningar, best\u00e4mma tidpunkten f\u00f6r soluppg\u00e5ng och solnedg\u00e5ng, l\u00e4ngden p\u00e5 dagen eller best\u00e4mma den astronomiska h\u00f6jden [&hellip;]<\/p>\n","protected":false},"featured_media":44864,"comment_status":"open","ping_status":"closed","template":"","meta":[],"product_brand":[],"product_cat":[33],"product_tag":[],"class_list":{"0":"post-17510","1":"product","2":"type-product","3":"status-publish","4":"has-post-thumbnail","6":"product_cat-okategoriserad","8":"first","9":"instock","10":"shipping-taxable","11":"purchasable","12":"product-type-simple"},"_links":{"self":[{"href":"https:\/\/nordicmart.andreevmaster.com\/sv\/wp-json\/wp\/v2\/product\/17510","targetHints":{"allow":["GET"]}}],"collection":[{"href":"https:\/\/nordicmart.andreevmaster.com\/sv\/wp-json\/wp\/v2\/product"}],"about":[{"href":"https:\/\/nordicmart.andreevmaster.com\/sv\/wp-json\/wp\/v2\/types\/product"}],"replies":[{"embeddable":true,"href":"https:\/\/nordicmart.andreevmaster.com\/sv\/wp-json\/wp\/v2\/comments?post=17510"}],"wp:featuredmedia":[{"embeddable":true,"href":"https:\/\/nordicmart.andreevmaster.com\/sv\/wp-json\/wp\/v2\/media\/44864"}],"wp:attachment":[{"href":"https:\/\/nordicmart.andreevmaster.com\/sv\/wp-json\/wp\/v2\/media?parent=17510"}],"wp:term":[{"taxonomy":"product_brand","embeddable":true,"href":"https:\/\/nordicmart.andreevmaster.com\/sv\/wp-json\/wp\/v2\/product_brand?post=17510"},{"taxonomy":"product_cat","embeddable":true,"href":"https:\/\/nordicmart.andreevmaster.com\/sv\/wp-json\/wp\/v2\/product_cat?post=17510"},{"taxonomy":"product_tag","embeddable":true,"href":"https:\/\/nordicmart.andreevmaster.com\/sv\/wp-json\/wp\/v2\/product_tag?post=17510"}],"curies":[{"name":"wp","href":"https:\/\/api.w.org\/{rel}","templated":true}]}}