{"id":17509,"date":"2026-02-27T00:35:21","date_gmt":"2026-02-27T00:35:21","guid":{"rendered":"https:\/\/nordicmart.andreevmaster.com\/product\/retro-bilmodell-n796\/"},"modified":"2026-02-27T08:24:56","modified_gmt":"2026-02-27T08:24:56","slug":"retro-bilmodell-n796","status":"publish","type":"product","link":"https:\/\/nordicmart.andreevmaster.com\/sv\/produkt\/retro-bilmodell-n796\/","title":{"rendered":"Retro bilmodell \u2013 N796"},"content":{"rendered":"<p>Retro bilmodell \u2013 N796&nbsp;&nbsp;Retro bilmodell i metall som kommer att gl\u00e4dja fans av motorer och vintagebilar. Modellen \u00e4r baserad p\u00e5 den f\u00f6rsta serietillverkade BMW-bilen, allm\u00e4nt k\u00e4nd som Dixi. Bilmodellen \u00e4r tillverkad av metall och har en antik m\u00e4ssingsfinish, vilket f\u00f6rst\u00e4rker dess mellankrigskarakt\u00e4r. Den \u00e4r en perfekt present till bilentusiaster och vintagebils\u00e4lskare. &nbsp;&nbsp;Specifikationer: &nbsp;Material: metall F\u00e4rg: antik m\u00e4ssing. M\u00e5tt: 13,5 x 6,5 x 9 cm&nbsp;<\/p>\n","protected":false},"excerpt":{"rendered":"<p>Retro bilmodell \u2013 N796&nbsp;&nbsp;Retro bilmodell i metall som kommer att gl\u00e4dja fans av motorer och vintagebilar. Modellen \u00e4r baserad p\u00e5 den f\u00f6rsta serietillverkade BMW-bilen, allm\u00e4nt k\u00e4nd som Dixi. Bilmodellen \u00e4r tillverkad av metall och har en antik m\u00e4ssingsfinish, vilket f\u00f6rst\u00e4rker dess mellankrigskarakt\u00e4r. Den \u00e4r en perfekt present till bilentusiaster och vintagebils\u00e4lskare. &nbsp;&nbsp;Specifikationer: &nbsp;Material: metall F\u00e4rg: [&hellip;]<\/p>\n","protected":false},"featured_media":44863,"comment_status":"open","ping_status":"closed","template":"","meta":[],"product_brand":[],"product_cat":[33],"product_tag":[],"class_list":{"0":"post-17509","1":"product","2":"type-product","3":"status-publish","4":"has-post-thumbnail","6":"product_cat-okategoriserad","8":"first","9":"instock","10":"shipping-taxable","11":"purchasable","12":"product-type-simple"},"_links":{"self":[{"href":"https:\/\/nordicmart.andreevmaster.com\/sv\/wp-json\/wp\/v2\/product\/17509","targetHints":{"allow":["GET"]}}],"collection":[{"href":"https:\/\/nordicmart.andreevmaster.com\/sv\/wp-json\/wp\/v2\/product"}],"about":[{"href":"https:\/\/nordicmart.andreevmaster.com\/sv\/wp-json\/wp\/v2\/types\/product"}],"replies":[{"embeddable":true,"href":"https:\/\/nordicmart.andreevmaster.com\/sv\/wp-json\/wp\/v2\/comments?post=17509"}],"wp:featuredmedia":[{"embeddable":true,"href":"https:\/\/nordicmart.andreevmaster.com\/sv\/wp-json\/wp\/v2\/media\/44863"}],"wp:attachment":[{"href":"https:\/\/nordicmart.andreevmaster.com\/sv\/wp-json\/wp\/v2\/media?parent=17509"}],"wp:term":[{"taxonomy":"product_brand","embeddable":true,"href":"https:\/\/nordicmart.andreevmaster.com\/sv\/wp-json\/wp\/v2\/product_brand?post=17509"},{"taxonomy":"product_cat","embeddable":true,"href":"https:\/\/nordicmart.andreevmaster.com\/sv\/wp-json\/wp\/v2\/product_cat?post=17509"},{"taxonomy":"product_tag","embeddable":true,"href":"https:\/\/nordicmart.andreevmaster.com\/sv\/wp-json\/wp\/v2\/product_tag?post=17509"}],"curies":[{"name":"wp","href":"https:\/\/api.w.org\/{rel}","templated":true}]}}