{"id":17508,"date":"2026-02-27T00:35:21","date_gmt":"2026-02-27T00:35:21","guid":{"rendered":"https:\/\/nordicmart.andreevmaster.com\/product\/forstoringsglas-pa-stativ-mag-0015\/"},"modified":"2026-02-27T08:24:55","modified_gmt":"2026-02-27T08:24:55","slug":"forstoringsglas-pa-stativ-mag-0015","status":"publish","type":"product","link":"https:\/\/nordicmart.andreevmaster.com\/sv\/produkt\/forstoringsglas-pa-stativ-mag-0015\/","title":{"rendered":"F\u00f6rstoringsglas p\u00e5 stativ &#8211; MAG-0015"},"content":{"rendered":"<p>F\u00f6rstoringsglas p\u00e5 stativ &#8211; MAG-0015&nbsp;&nbsp;F\u00f6rstoringsglas p\u00e5 stativ \u00e4r praktiskt f\u00f6r dig som beh\u00f6ver ha h\u00e4nderna fria f\u00f6r att arbeta och samtidigt zooma in. V\u00e5rt f\u00f6rstoringsglas i retrostil pryder en juvelerares eller urmakares butik eller en filatelists eller numismatiks skrivbord. Det \u00e4r en elegant och praktisk dekoration f\u00f6r kontoret i engelsk och retrostil. F\u00f6rstoringsglaset i m\u00e4ssingsh\u00f6lje sitter p\u00e5 ett stativ, vilket g\u00f6r att f\u00f6rstoringsglaset kan anv\u00e4ndas utan h\u00e4nderna. Hjuldesignen g\u00f6r den \u00e4nnu mer intressant att anv\u00e4nda!&nbsp;&nbsp;Produktinformation:&nbsp;Material: glas, m\u00e4ssingF\u00e4rg: guld, m\u00e4ssingTripod med hjulM\u00e5tt: 5 x 5 x 7 cm&nbsp;<\/p>\n","protected":false},"excerpt":{"rendered":"<p>F\u00f6rstoringsglas p\u00e5 stativ &#8211; MAG-0015&nbsp;&nbsp;F\u00f6rstoringsglas p\u00e5 stativ \u00e4r praktiskt f\u00f6r dig som beh\u00f6ver ha h\u00e4nderna fria f\u00f6r att arbeta och samtidigt zooma in. V\u00e5rt f\u00f6rstoringsglas i retrostil pryder en juvelerares eller urmakares butik eller en filatelists eller numismatiks skrivbord. Det \u00e4r en elegant och praktisk dekoration f\u00f6r kontoret i engelsk och retrostil. F\u00f6rstoringsglaset i m\u00e4ssingsh\u00f6lje [&hellip;]<\/p>\n","protected":false},"featured_media":44862,"comment_status":"open","ping_status":"closed","template":"","meta":[],"product_brand":[],"product_cat":[33],"product_tag":[],"class_list":{"0":"post-17508","1":"product","2":"type-product","3":"status-publish","4":"has-post-thumbnail","6":"product_cat-okategoriserad","8":"first","9":"instock","10":"shipping-taxable","11":"purchasable","12":"product-type-simple"},"_links":{"self":[{"href":"https:\/\/nordicmart.andreevmaster.com\/sv\/wp-json\/wp\/v2\/product\/17508","targetHints":{"allow":["GET"]}}],"collection":[{"href":"https:\/\/nordicmart.andreevmaster.com\/sv\/wp-json\/wp\/v2\/product"}],"about":[{"href":"https:\/\/nordicmart.andreevmaster.com\/sv\/wp-json\/wp\/v2\/types\/product"}],"replies":[{"embeddable":true,"href":"https:\/\/nordicmart.andreevmaster.com\/sv\/wp-json\/wp\/v2\/comments?post=17508"}],"wp:featuredmedia":[{"embeddable":true,"href":"https:\/\/nordicmart.andreevmaster.com\/sv\/wp-json\/wp\/v2\/media\/44862"}],"wp:attachment":[{"href":"https:\/\/nordicmart.andreevmaster.com\/sv\/wp-json\/wp\/v2\/media?parent=17508"}],"wp:term":[{"taxonomy":"product_brand","embeddable":true,"href":"https:\/\/nordicmart.andreevmaster.com\/sv\/wp-json\/wp\/v2\/product_brand?post=17508"},{"taxonomy":"product_cat","embeddable":true,"href":"https:\/\/nordicmart.andreevmaster.com\/sv\/wp-json\/wp\/v2\/product_cat?post=17508"},{"taxonomy":"product_tag","embeddable":true,"href":"https:\/\/nordicmart.andreevmaster.com\/sv\/wp-json\/wp\/v2\/product_tag?post=17508"}],"curies":[{"name":"wp","href":"https:\/\/api.w.org\/{rel}","templated":true}]}}