{"id":17507,"date":"2026-02-27T00:35:21","date_gmt":"2026-02-27T00:35:21","guid":{"rendered":"https:\/\/nordicmart.andreevmaster.com\/product\/linjalnyckelring-key-0160\/"},"modified":"2026-02-27T08:24:55","modified_gmt":"2026-02-27T08:24:55","slug":"linjalnyckelring-key-0160","status":"publish","type":"product","link":"https:\/\/nordicmart.andreevmaster.com\/sv\/produkt\/linjalnyckelring-key-0160\/","title":{"rendered":"Linjalnyckelring \u2013 Key-0160"},"content":{"rendered":"<p>Linjalnyckelring \u2013 Key-0160&nbsp;&nbsp;Linjalnyckelringen \u00e4r en anv\u00e4ndbar pryl f\u00f6r byggare, ingenj\u00f6rer och hantverkare. Linjalen med en skala p\u00e5 5 centimeter \u00e4r anv\u00e4ndbar f\u00f6r att m\u00e4ta mindre saker snarare \u00e4n st\u00f6rre, men vi l\u00e5ter dig v\u00e4lja sj\u00e4lv. Nyckelringen \u00e4r tillverkad av m\u00e4ssing. Skalan \u00e4r graverad. Den kan f\u00e4stas p\u00e5 nyckelringen. Specifikation: Material: m\u00e4ssing F\u00e4ste: Ring. F\u00e4rg: silver M\u00e5tt: 12,5 cm x 3 cm<\/p>\n","protected":false},"excerpt":{"rendered":"<p>Linjalnyckelring \u2013 Key-0160&nbsp;&nbsp;Linjalnyckelringen \u00e4r en anv\u00e4ndbar pryl f\u00f6r byggare, ingenj\u00f6rer och hantverkare. Linjalen med en skala p\u00e5 5 centimeter \u00e4r anv\u00e4ndbar f\u00f6r att m\u00e4ta mindre saker snarare \u00e4n st\u00f6rre, men vi l\u00e5ter dig v\u00e4lja sj\u00e4lv. Nyckelringen \u00e4r tillverkad av m\u00e4ssing. Skalan \u00e4r graverad. Den kan f\u00e4stas p\u00e5 nyckelringen. Specifikation: Material: m\u00e4ssing F\u00e4ste: Ring. F\u00e4rg: silver [&hellip;]<\/p>\n","protected":false},"featured_media":44861,"comment_status":"open","ping_status":"closed","template":"","meta":[],"product_brand":[],"product_cat":[33],"product_tag":[],"class_list":{"0":"post-17507","1":"product","2":"type-product","3":"status-publish","4":"has-post-thumbnail","6":"product_cat-okategoriserad","8":"first","9":"instock","10":"shipping-taxable","11":"purchasable","12":"product-type-simple"},"_links":{"self":[{"href":"https:\/\/nordicmart.andreevmaster.com\/sv\/wp-json\/wp\/v2\/product\/17507","targetHints":{"allow":["GET"]}}],"collection":[{"href":"https:\/\/nordicmart.andreevmaster.com\/sv\/wp-json\/wp\/v2\/product"}],"about":[{"href":"https:\/\/nordicmart.andreevmaster.com\/sv\/wp-json\/wp\/v2\/types\/product"}],"replies":[{"embeddable":true,"href":"https:\/\/nordicmart.andreevmaster.com\/sv\/wp-json\/wp\/v2\/comments?post=17507"}],"wp:featuredmedia":[{"embeddable":true,"href":"https:\/\/nordicmart.andreevmaster.com\/sv\/wp-json\/wp\/v2\/media\/44861"}],"wp:attachment":[{"href":"https:\/\/nordicmart.andreevmaster.com\/sv\/wp-json\/wp\/v2\/media?parent=17507"}],"wp:term":[{"taxonomy":"product_brand","embeddable":true,"href":"https:\/\/nordicmart.andreevmaster.com\/sv\/wp-json\/wp\/v2\/product_brand?post=17507"},{"taxonomy":"product_cat","embeddable":true,"href":"https:\/\/nordicmart.andreevmaster.com\/sv\/wp-json\/wp\/v2\/product_cat?post=17507"},{"taxonomy":"product_tag","embeddable":true,"href":"https:\/\/nordicmart.andreevmaster.com\/sv\/wp-json\/wp\/v2\/product_tag?post=17507"}],"curies":[{"name":"wp","href":"https:\/\/api.w.org\/{rel}","templated":true}]}}