{"id":17506,"date":"2026-02-27T00:35:20","date_gmt":"2026-02-27T00:35:20","guid":{"rendered":"https:\/\/nordicmart.andreevmaster.com\/product\/bordsklocka-i-metall-clk-0212\/"},"modified":"2026-02-27T08:24:55","modified_gmt":"2026-02-27T08:24:55","slug":"bordsklocka-i-metall-clk-0212","status":"publish","type":"product","link":"https:\/\/nordicmart.andreevmaster.com\/sv\/produkt\/bordsklocka-i-metall-clk-0212\/","title":{"rendered":"Bordsklocka i metall \u2013 CLK-0212"},"content":{"rendered":"<p>Bordsklocka i metall \u2013 CLK-0212&nbsp;&nbsp;&nbsp;Bordsklockan CLK-0212 i metall ser ut som om den kommer fr\u00e5n cockpiten i ett gammalt flygplan. Klockan har en ovanlig form av en avkortad cylinder och \u00e4r en anv\u00e4ndbar och originell dekoration f\u00f6r skrivbordet. Den fungerar ocks\u00e5 bra som sovrumsklocka, som du kan placera p\u00e5 s\u00e4ngbordet. Den vita urtavlan med svarta romerska och arabiska siffror ger en fin kontrast och g\u00f6r det l\u00e4tt att avl\u00e4sa tiden. Romerska siffror anger timmar, arabiska siffror anger minuter. Klockans design \u00e4r ren och snygg och passar in i moderna interi\u00f6rer. &nbsp;&nbsp;Produktinformation:&nbsp;Material: tr\u00e4, metallSiffror: romerska (timmar), arabiska (minuter)Visare: klassiska, svartaF\u00e4rger: silver, vitt, svartUrtavlan: rundKlockans form: diagonalt avskuren cylinder BatteridrivenStil: ModernM\u00e5tt: 13 x 13 19 cm&nbsp;<\/p>\n","protected":false},"excerpt":{"rendered":"<p>Bordsklocka i metall \u2013 CLK-0212&nbsp;&nbsp;&nbsp;Bordsklockan CLK-0212 i metall ser ut som om den kommer fr\u00e5n cockpiten i ett gammalt flygplan. Klockan har en ovanlig form av en avkortad cylinder och \u00e4r en anv\u00e4ndbar och originell dekoration f\u00f6r skrivbordet. Den fungerar ocks\u00e5 bra som sovrumsklocka, som du kan placera p\u00e5 s\u00e4ngbordet. Den vita urtavlan med svarta [&hellip;]<\/p>\n","protected":false},"featured_media":44860,"comment_status":"open","ping_status":"closed","template":"","meta":[],"product_brand":[],"product_cat":[33],"product_tag":[],"class_list":{"0":"post-17506","1":"product","2":"type-product","3":"status-publish","4":"has-post-thumbnail","6":"product_cat-okategoriserad","8":"first","9":"instock","10":"shipping-taxable","11":"purchasable","12":"product-type-simple"},"_links":{"self":[{"href":"https:\/\/nordicmart.andreevmaster.com\/sv\/wp-json\/wp\/v2\/product\/17506","targetHints":{"allow":["GET"]}}],"collection":[{"href":"https:\/\/nordicmart.andreevmaster.com\/sv\/wp-json\/wp\/v2\/product"}],"about":[{"href":"https:\/\/nordicmart.andreevmaster.com\/sv\/wp-json\/wp\/v2\/types\/product"}],"replies":[{"embeddable":true,"href":"https:\/\/nordicmart.andreevmaster.com\/sv\/wp-json\/wp\/v2\/comments?post=17506"}],"wp:featuredmedia":[{"embeddable":true,"href":"https:\/\/nordicmart.andreevmaster.com\/sv\/wp-json\/wp\/v2\/media\/44860"}],"wp:attachment":[{"href":"https:\/\/nordicmart.andreevmaster.com\/sv\/wp-json\/wp\/v2\/media?parent=17506"}],"wp:term":[{"taxonomy":"product_brand","embeddable":true,"href":"https:\/\/nordicmart.andreevmaster.com\/sv\/wp-json\/wp\/v2\/product_brand?post=17506"},{"taxonomy":"product_cat","embeddable":true,"href":"https:\/\/nordicmart.andreevmaster.com\/sv\/wp-json\/wp\/v2\/product_cat?post=17506"},{"taxonomy":"product_tag","embeddable":true,"href":"https:\/\/nordicmart.andreevmaster.com\/sv\/wp-json\/wp\/v2\/product_tag?post=17506"}],"curies":[{"name":"wp","href":"https:\/\/api.w.org\/{rel}","templated":true}]}}