{"id":17505,"date":"2026-02-27T00:35:20","date_gmt":"2026-02-27T00:35:20","guid":{"rendered":"https:\/\/nordicmart.andreevmaster.com\/product\/retro-koksvag-wsb7\/"},"modified":"2026-02-27T08:24:55","modified_gmt":"2026-02-27T08:24:55","slug":"retro-koksvag-wsb7","status":"publish","type":"product","link":"https:\/\/nordicmart.andreevmaster.com\/sv\/produkt\/retro-koksvag-wsb7\/","title":{"rendered":"Retro k\u00f6ksv\u00e5g \u2013 WSB7"},"content":{"rendered":"<p>Retro k\u00f6ksv\u00e5g \u2013 WSB7Retro k\u00f6ksv\u00e5g \u00e4r ett utm\u00e4rkt tillskott till ett rustikt eller eklektiskt k\u00f6k. Den universella kombinationen av m\u00e4ssing och tr\u00e4 och den stiliserade designen g\u00f6r att v\u00e5gen ser ut som om den har ber\u00f6rts av tidens anda. V\u00e5gen kommer att tilltala barn som kan leka med den i butiken. &nbsp;Satsen inneh\u00e5ller 8 vikter f\u00f6r v\u00e5gsk\u00e5len. V\u00e5gen \u00e4r tillverkad av m\u00e4ssing och placeras p\u00e5 en tr\u00e4bas. P\u00e5 basen finns plats f\u00f6r vikterna. &nbsp;Produktinformation:&nbsp;Material: m\u00e4ssingStativ: tr\u00e4 M\u00e5tt: L\u00e4ngd 25,5 cm, h\u00f6jd 10 cm&nbsp;Set med 8 vikter:&nbsp;1 g2 g x 25 g10 g x 220 g50 g&nbsp;&nbsp;V\u00e5gen \u00e4r inte certifierad f\u00f6r professionellt bruk. Det \u00e4r en dekorativ artikel.&nbsp;&nbsp;<\/p>\n","protected":false},"excerpt":{"rendered":"<p>Retro k\u00f6ksv\u00e5g \u2013 WSB7Retro k\u00f6ksv\u00e5g \u00e4r ett utm\u00e4rkt tillskott till ett rustikt eller eklektiskt k\u00f6k. Den universella kombinationen av m\u00e4ssing och tr\u00e4 och den stiliserade designen g\u00f6r att v\u00e5gen ser ut som om den har ber\u00f6rts av tidens anda. V\u00e5gen kommer att tilltala barn som kan leka med den i butiken. &nbsp;Satsen inneh\u00e5ller 8 vikter [&hellip;]<\/p>\n","protected":false},"featured_media":44859,"comment_status":"open","ping_status":"closed","template":"","meta":[],"product_brand":[],"product_cat":[33],"product_tag":[],"class_list":{"0":"post-17505","1":"product","2":"type-product","3":"status-publish","4":"has-post-thumbnail","6":"product_cat-okategoriserad","8":"first","9":"instock","10":"shipping-taxable","11":"purchasable","12":"product-type-simple"},"_links":{"self":[{"href":"https:\/\/nordicmart.andreevmaster.com\/sv\/wp-json\/wp\/v2\/product\/17505","targetHints":{"allow":["GET"]}}],"collection":[{"href":"https:\/\/nordicmart.andreevmaster.com\/sv\/wp-json\/wp\/v2\/product"}],"about":[{"href":"https:\/\/nordicmart.andreevmaster.com\/sv\/wp-json\/wp\/v2\/types\/product"}],"replies":[{"embeddable":true,"href":"https:\/\/nordicmart.andreevmaster.com\/sv\/wp-json\/wp\/v2\/comments?post=17505"}],"wp:featuredmedia":[{"embeddable":true,"href":"https:\/\/nordicmart.andreevmaster.com\/sv\/wp-json\/wp\/v2\/media\/44859"}],"wp:attachment":[{"href":"https:\/\/nordicmart.andreevmaster.com\/sv\/wp-json\/wp\/v2\/media?parent=17505"}],"wp:term":[{"taxonomy":"product_brand","embeddable":true,"href":"https:\/\/nordicmart.andreevmaster.com\/sv\/wp-json\/wp\/v2\/product_brand?post=17505"},{"taxonomy":"product_cat","embeddable":true,"href":"https:\/\/nordicmart.andreevmaster.com\/sv\/wp-json\/wp\/v2\/product_cat?post=17505"},{"taxonomy":"product_tag","embeddable":true,"href":"https:\/\/nordicmart.andreevmaster.com\/sv\/wp-json\/wp\/v2\/product_tag?post=17505"}],"curies":[{"name":"wp","href":"https:\/\/api.w.org\/{rel}","templated":true}]}}