{"id":17504,"date":"2026-02-27T00:35:20","date_gmt":"2026-02-27T00:35:20","guid":{"rendered":"https:\/\/nordicmart.andreevmaster.com\/product\/dekorativ-barvag-wsb8\/"},"modified":"2026-02-27T08:24:55","modified_gmt":"2026-02-27T08:24:55","slug":"dekorativ-barvag-wsb8","status":"publish","type":"product","link":"https:\/\/nordicmart.andreevmaster.com\/sv\/produkt\/dekorativ-barvag-wsb8\/","title":{"rendered":"Dekorativ barv\u00e5g \u2013 WSB8"},"content":{"rendered":"<p>Dekorativ barv\u00e5g \u2013 WSB8&nbsp;&nbsp;Dekorativ barv\u00e5g \u00e4r en charmig inredningsdetalj i ett rum i vintagestil. Den passar bra i ett apotek eller en stilfull, intim butik. Den \u00e4r en fin present till en apotekare och en symbolisk g\u00e5va till en advokat. &nbsp;V\u00e5gar \u00e4r ett av attributen till Themis, den grekiska gudinnan f\u00f6r lag och r\u00e4ttvisa. Den symboliserar r\u00e4ttvisa, klokhet och balans. &nbsp;V\u00e5gen \u00e4r tillverkad av m\u00e4ssing och st\u00e5r p\u00e5 en tr\u00e4bas. Satsen inneh\u00e5ller \u00e4ven 8 vikter. &nbsp;&nbsp;&nbsp;&nbsp;&nbsp;&nbsp;Specifikationer f\u00f6r barv\u00e5gen:&nbsp;Material: m\u00e4ssingStativ: tr\u00e4 &nbsp;Inneh\u00e5ller 8 vikter:&nbsp;1 g2 g x 25 g10 g x 220 g50 g&nbsp;Dekorativa v\u00e5gar passar bra som:&nbsp;ApoteksinredningAdvokatbyr\u00e5inredningRustik k\u00f6ksinredningPresent till en apotekarePresent till en advokatPresent till en domare &nbsp;V\u00e5gen \u00e4r inte certifierad f\u00f6r professionellt bruk. Den \u00e4r en dekorationsartikel.&nbsp;<\/p>\n","protected":false},"excerpt":{"rendered":"<p>Dekorativ barv\u00e5g \u2013 WSB8&nbsp;&nbsp;Dekorativ barv\u00e5g \u00e4r en charmig inredningsdetalj i ett rum i vintagestil. Den passar bra i ett apotek eller en stilfull, intim butik. Den \u00e4r en fin present till en apotekare och en symbolisk g\u00e5va till en advokat. &nbsp;V\u00e5gar \u00e4r ett av attributen till Themis, den grekiska gudinnan f\u00f6r lag och r\u00e4ttvisa. Den [&hellip;]<\/p>\n","protected":false},"featured_media":44858,"comment_status":"open","ping_status":"closed","template":"","meta":[],"product_brand":[],"product_cat":[33],"product_tag":[],"class_list":{"0":"post-17504","1":"product","2":"type-product","3":"status-publish","4":"has-post-thumbnail","6":"product_cat-okategoriserad","8":"first","9":"instock","10":"shipping-taxable","11":"purchasable","12":"product-type-simple"},"_links":{"self":[{"href":"https:\/\/nordicmart.andreevmaster.com\/sv\/wp-json\/wp\/v2\/product\/17504","targetHints":{"allow":["GET"]}}],"collection":[{"href":"https:\/\/nordicmart.andreevmaster.com\/sv\/wp-json\/wp\/v2\/product"}],"about":[{"href":"https:\/\/nordicmart.andreevmaster.com\/sv\/wp-json\/wp\/v2\/types\/product"}],"replies":[{"embeddable":true,"href":"https:\/\/nordicmart.andreevmaster.com\/sv\/wp-json\/wp\/v2\/comments?post=17504"}],"wp:featuredmedia":[{"embeddable":true,"href":"https:\/\/nordicmart.andreevmaster.com\/sv\/wp-json\/wp\/v2\/media\/44858"}],"wp:attachment":[{"href":"https:\/\/nordicmart.andreevmaster.com\/sv\/wp-json\/wp\/v2\/media?parent=17504"}],"wp:term":[{"taxonomy":"product_brand","embeddable":true,"href":"https:\/\/nordicmart.andreevmaster.com\/sv\/wp-json\/wp\/v2\/product_brand?post=17504"},{"taxonomy":"product_cat","embeddable":true,"href":"https:\/\/nordicmart.andreevmaster.com\/sv\/wp-json\/wp\/v2\/product_cat?post=17504"},{"taxonomy":"product_tag","embeddable":true,"href":"https:\/\/nordicmart.andreevmaster.com\/sv\/wp-json\/wp\/v2\/product_tag?post=17504"}],"curies":[{"name":"wp","href":"https:\/\/api.w.org\/{rel}","templated":true}]}}