{"id":17503,"date":"2026-02-27T00:35:20","date_gmt":"2026-02-27T00:35:20","guid":{"rendered":"https:\/\/nordicmart.andreevmaster.com\/product\/massingsklocka-diameter-175-cm-hb43-7\/"},"modified":"2026-02-27T08:24:55","modified_gmt":"2026-02-27T08:24:55","slug":"massingsklocka-diameter-175-cm-hb43-7","status":"publish","type":"product","link":"https:\/\/nordicmart.andreevmaster.com\/sv\/produkt\/massingsklocka-diameter-175-cm-hb43-7\/","title":{"rendered":"M\u00e4ssingsklocka \u2013 diameter 17,5 cm \u2013 HB43\/7"},"content":{"rendered":"<p>M\u00e4ssingsklocka f\u00f6r fartyg \u2013 diameter 17,5 cm \u2013 HB43\/7&nbsp;&nbsp;M\u00e4ssingsklockan f\u00f6r fartyg \u00e4r en nautisk dekoration som passar utm\u00e4rkt i rum inredda i marin stil. Klockan \u00e4r en dekoration med seglingstema f\u00f6r en stuga, en sj\u00f6mans sovrum eller ett arbetsrum i nautisk stil. Skeppsklockan passar perfekt f\u00f6r hotell och pensionat vid havet och i omr\u00e5det kring de stora sj\u00f6arna. Den informerar hush\u00e5llets medlemmar om lunchtid eller om m\u00f6ten som ska h\u00e5llas.&nbsp;Inom segling tror man att klockan \u00e4r skeppets sj\u00e4l. Klockor varnade f\u00f6r \u00f6verh\u00e4ngande fara och markerade b\u00f6rjan och slutet p\u00e5 vakten. Man trodde att klockan hade kraften att skingra stormmoln och driva bort blixtar. Den skulle ocks\u00e5 skydda mot onda krafter som en slags talisman. Skeppsklockan \u00e4r d\u00e4rf\u00f6r en bra presentid\u00e9 till en sj\u00f6man.&nbsp;&nbsp;Specifikationer f\u00f6r m\u00e4ssingsskeppsklocka:&nbsp;Material: m\u00e4ssingKlockans hj\u00e4rta: m\u00e4ssingLinje: dekorativt fl\u00e4tat vitt repF\u00e4rg: guldM\u00e5tt: diameter \u2013 17,5 cm&nbsp;<\/p>\n","protected":false},"excerpt":{"rendered":"<p>M\u00e4ssingsklocka f\u00f6r fartyg \u2013 diameter 17,5 cm \u2013 HB43\/7&nbsp;&nbsp;M\u00e4ssingsklockan f\u00f6r fartyg \u00e4r en nautisk dekoration som passar utm\u00e4rkt i rum inredda i marin stil. Klockan \u00e4r en dekoration med seglingstema f\u00f6r en stuga, en sj\u00f6mans sovrum eller ett arbetsrum i nautisk stil. Skeppsklockan passar perfekt f\u00f6r hotell och pensionat vid havet och i omr\u00e5det kring [&hellip;]<\/p>\n","protected":false},"featured_media":44857,"comment_status":"open","ping_status":"closed","template":"","meta":[],"product_brand":[],"product_cat":[33],"product_tag":[],"class_list":{"0":"post-17503","1":"product","2":"type-product","3":"status-publish","4":"has-post-thumbnail","6":"product_cat-okategoriserad","8":"first","9":"instock","10":"shipping-taxable","11":"purchasable","12":"product-type-simple"},"_links":{"self":[{"href":"https:\/\/nordicmart.andreevmaster.com\/sv\/wp-json\/wp\/v2\/product\/17503","targetHints":{"allow":["GET"]}}],"collection":[{"href":"https:\/\/nordicmart.andreevmaster.com\/sv\/wp-json\/wp\/v2\/product"}],"about":[{"href":"https:\/\/nordicmart.andreevmaster.com\/sv\/wp-json\/wp\/v2\/types\/product"}],"replies":[{"embeddable":true,"href":"https:\/\/nordicmart.andreevmaster.com\/sv\/wp-json\/wp\/v2\/comments?post=17503"}],"wp:featuredmedia":[{"embeddable":true,"href":"https:\/\/nordicmart.andreevmaster.com\/sv\/wp-json\/wp\/v2\/media\/44857"}],"wp:attachment":[{"href":"https:\/\/nordicmart.andreevmaster.com\/sv\/wp-json\/wp\/v2\/media?parent=17503"}],"wp:term":[{"taxonomy":"product_brand","embeddable":true,"href":"https:\/\/nordicmart.andreevmaster.com\/sv\/wp-json\/wp\/v2\/product_brand?post=17503"},{"taxonomy":"product_cat","embeddable":true,"href":"https:\/\/nordicmart.andreevmaster.com\/sv\/wp-json\/wp\/v2\/product_cat?post=17503"},{"taxonomy":"product_tag","embeddable":true,"href":"https:\/\/nordicmart.andreevmaster.com\/sv\/wp-json\/wp\/v2\/product_tag?post=17503"}],"curies":[{"name":"wp","href":"https:\/\/api.w.org\/{rel}","templated":true}]}}