{"id":17502,"date":"2026-02-27T00:35:19","date_gmt":"2026-02-27T00:35:19","guid":{"rendered":"https:\/\/nordicmart.andreevmaster.com\/product\/massingsskeppsklocka-diameter-75-cm-hb34-3\/"},"modified":"2026-02-27T08:24:54","modified_gmt":"2026-02-27T08:24:54","slug":"massingsskeppsklocka-diameter-75-cm-hb34-3","status":"publish","type":"product","link":"https:\/\/nordicmart.andreevmaster.com\/sv\/produkt\/massingsskeppsklocka-diameter-75-cm-hb34-3\/","title":{"rendered":"M\u00e4ssingsskeppsklocka \u2013 diameter 7,5 cm \u2013 HB34\/3"},"content":{"rendered":"<p>M\u00e4ssingsklocka \u2013 HB34\/3 \u2013 diameter 7,5 cm&nbsp;&nbsp;M\u00e4ssingsklockan \u00e4r en dekoration med marint tema som passar bra i en inredning i nautisk stil. Klockan passar bra i en stuga, ett sj\u00f6mansrum eller ett kontor inrett i maritim stil. &nbsp;&nbsp;Produktinformation:&nbsp;Material: m\u00e4ssingKlockans hj\u00e4rta: m\u00e4ssingLinje: dekorativt fl\u00e4tat vitt repF\u00e4rg: guldM\u00e5tt: diameter &#8211; 7,5 cm&nbsp;&nbsp;&nbsp;<\/p>\n","protected":false},"excerpt":{"rendered":"<p>M\u00e4ssingsklocka \u2013 HB34\/3 \u2013 diameter 7,5 cm&nbsp;&nbsp;M\u00e4ssingsklockan \u00e4r en dekoration med marint tema som passar bra i en inredning i nautisk stil. Klockan passar bra i en stuga, ett sj\u00f6mansrum eller ett kontor inrett i maritim stil. &nbsp;&nbsp;Produktinformation:&nbsp;Material: m\u00e4ssingKlockans hj\u00e4rta: m\u00e4ssingLinje: dekorativt fl\u00e4tat vitt repF\u00e4rg: guldM\u00e5tt: diameter &#8211; 7,5 cm&nbsp;&nbsp;&nbsp;<\/p>\n","protected":false},"featured_media":44856,"comment_status":"open","ping_status":"closed","template":"","meta":[],"product_brand":[],"product_cat":[33],"product_tag":[],"class_list":{"0":"post-17502","1":"product","2":"type-product","3":"status-publish","4":"has-post-thumbnail","6":"product_cat-okategoriserad","8":"first","9":"instock","10":"shipping-taxable","11":"purchasable","12":"product-type-simple"},"_links":{"self":[{"href":"https:\/\/nordicmart.andreevmaster.com\/sv\/wp-json\/wp\/v2\/product\/17502","targetHints":{"allow":["GET"]}}],"collection":[{"href":"https:\/\/nordicmart.andreevmaster.com\/sv\/wp-json\/wp\/v2\/product"}],"about":[{"href":"https:\/\/nordicmart.andreevmaster.com\/sv\/wp-json\/wp\/v2\/types\/product"}],"replies":[{"embeddable":true,"href":"https:\/\/nordicmart.andreevmaster.com\/sv\/wp-json\/wp\/v2\/comments?post=17502"}],"wp:featuredmedia":[{"embeddable":true,"href":"https:\/\/nordicmart.andreevmaster.com\/sv\/wp-json\/wp\/v2\/media\/44856"}],"wp:attachment":[{"href":"https:\/\/nordicmart.andreevmaster.com\/sv\/wp-json\/wp\/v2\/media?parent=17502"}],"wp:term":[{"taxonomy":"product_brand","embeddable":true,"href":"https:\/\/nordicmart.andreevmaster.com\/sv\/wp-json\/wp\/v2\/product_brand?post=17502"},{"taxonomy":"product_cat","embeddable":true,"href":"https:\/\/nordicmart.andreevmaster.com\/sv\/wp-json\/wp\/v2\/product_cat?post=17502"},{"taxonomy":"product_tag","embeddable":true,"href":"https:\/\/nordicmart.andreevmaster.com\/sv\/wp-json\/wp\/v2\/product_tag?post=17502"}],"curies":[{"name":"wp","href":"https:\/\/api.w.org\/{rel}","templated":true}]}}