{"id":17501,"date":"2026-02-27T00:35:19","date_gmt":"2026-02-27T00:35:19","guid":{"rendered":"https:\/\/nordicmart.andreevmaster.com\/product\/lasbara-tralada-se28\/"},"modified":"2026-02-27T08:24:54","modified_gmt":"2026-02-27T08:24:54","slug":"lasbara-tralada-se28","status":"publish","type":"product","link":"https:\/\/nordicmart.andreevmaster.com\/sv\/produkt\/lasbara-tralada-se28\/","title":{"rendered":"L\u00e5sbara tr\u00e4l\u00e5da \u2013 SE28"},"content":{"rendered":"<p>L\u00e5sbara tr\u00e4l\u00e5da \u2013 SE28&nbsp;&nbsp;L\u00e5sbara tr\u00e4l\u00e5da g\u00f6r det enkelt att f\u00f6rvara dina hush\u00e5llsskatte. L\u00e5dan rymmer sm\u00e5 smycken, nycklar och brev. Den kan fyllas med mynt och f\u00f6rvandlas till en skattkista som barnen kommer att \u00e4lska.&nbsp;L\u00e5dan \u00e4r tillverkad av tr\u00e4 och \u00e4r rikt dekorerad med metallornament som f\u00e5r den att se ut som om den kommer fr\u00e5n en kunglig skattkammare. Tack vare locket skyddar l\u00e5dan f\u00f6rem\u00e5len fr\u00e5n damm och f\u00f6rlust.&nbsp;&nbsp;Tr\u00e4l\u00e5da:&nbsp;Material: tr\u00e4, metall M\u00e5tt: 22,85 x 15,2 x 15,2 cm F\u00e4rg: brun, guld 6 fack R\u00f6d stoppning&nbsp;<\/p>\n","protected":false},"excerpt":{"rendered":"<p>L\u00e5sbara tr\u00e4l\u00e5da \u2013 SE28&nbsp;&nbsp;L\u00e5sbara tr\u00e4l\u00e5da g\u00f6r det enkelt att f\u00f6rvara dina hush\u00e5llsskatte. L\u00e5dan rymmer sm\u00e5 smycken, nycklar och brev. Den kan fyllas med mynt och f\u00f6rvandlas till en skattkista som barnen kommer att \u00e4lska.&nbsp;L\u00e5dan \u00e4r tillverkad av tr\u00e4 och \u00e4r rikt dekorerad med metallornament som f\u00e5r den att se ut som om den kommer fr\u00e5n [&hellip;]<\/p>\n","protected":false},"featured_media":44855,"comment_status":"open","ping_status":"closed","template":"","meta":[],"product_brand":[],"product_cat":[33],"product_tag":[],"class_list":{"0":"post-17501","1":"product","2":"type-product","3":"status-publish","4":"has-post-thumbnail","6":"product_cat-okategoriserad","8":"first","9":"instock","10":"shipping-taxable","11":"purchasable","12":"product-type-simple"},"_links":{"self":[{"href":"https:\/\/nordicmart.andreevmaster.com\/sv\/wp-json\/wp\/v2\/product\/17501","targetHints":{"allow":["GET"]}}],"collection":[{"href":"https:\/\/nordicmart.andreevmaster.com\/sv\/wp-json\/wp\/v2\/product"}],"about":[{"href":"https:\/\/nordicmart.andreevmaster.com\/sv\/wp-json\/wp\/v2\/types\/product"}],"replies":[{"embeddable":true,"href":"https:\/\/nordicmart.andreevmaster.com\/sv\/wp-json\/wp\/v2\/comments?post=17501"}],"wp:featuredmedia":[{"embeddable":true,"href":"https:\/\/nordicmart.andreevmaster.com\/sv\/wp-json\/wp\/v2\/media\/44855"}],"wp:attachment":[{"href":"https:\/\/nordicmart.andreevmaster.com\/sv\/wp-json\/wp\/v2\/media?parent=17501"}],"wp:term":[{"taxonomy":"product_brand","embeddable":true,"href":"https:\/\/nordicmart.andreevmaster.com\/sv\/wp-json\/wp\/v2\/product_brand?post=17501"},{"taxonomy":"product_cat","embeddable":true,"href":"https:\/\/nordicmart.andreevmaster.com\/sv\/wp-json\/wp\/v2\/product_cat?post=17501"},{"taxonomy":"product_tag","embeddable":true,"href":"https:\/\/nordicmart.andreevmaster.com\/sv\/wp-json\/wp\/v2\/product_tag?post=17501"}],"curies":[{"name":"wp","href":"https:\/\/api.w.org\/{rel}","templated":true}]}}