{"id":17500,"date":"2026-02-27T00:35:19","date_gmt":"2026-02-27T00:35:19","guid":{"rendered":"https:\/\/nordicmart.andreevmaster.com\/product\/exklusiv-kompass-h44\/"},"modified":"2026-02-27T08:24:54","modified_gmt":"2026-02-27T08:24:54","slug":"exklusiv-kompass-h44","status":"publish","type":"product","link":"https:\/\/nordicmart.andreevmaster.com\/sv\/produkt\/exklusiv-kompass-h44\/","title":{"rendered":"Exklusiv kompass H44"},"content":{"rendered":"<p>Exklusiv kompass H44 \u2013 kardansystem &nbsp;&nbsp;Nautisk, exklusiv kompass H44 \u2013 replika av en kompass fr\u00e5n 1600-talet.&nbsp;&nbsp;Produktinformation:&nbsp;M\u00e5tt: H\u00f6jd: 5,8 cm&nbsp;&nbsp;&nbsp;&nbsp;&nbsp;&nbsp;&nbsp;Diameter: 10 cmVikt: 515 gL\u00e5dans m\u00e5tt: &nbsp;bredd 12,5 X &nbsp;l\u00e4ngd 12,5 X h\u00f6jd 6,5 cm &nbsp;&nbsp;&nbsp;&nbsp;&nbsp;&nbsp;&nbsp;Totalvikt kompass + l\u00e5da = 620 g Material: Bok-\/ekvirke (naturligt vaxat och polerat), zinklegering (lackerad i ugn), polykarbonat \u00f6ver magnetkompass&nbsp;&nbsp;<\/p>\n","protected":false},"excerpt":{"rendered":"<p>Exklusiv kompass H44 \u2013 kardansystem &nbsp;&nbsp;Nautisk, exklusiv kompass H44 \u2013 replika av en kompass fr\u00e5n 1600-talet.&nbsp;&nbsp;Produktinformation:&nbsp;M\u00e5tt: H\u00f6jd: 5,8 cm&nbsp;&nbsp;&nbsp;&nbsp;&nbsp;&nbsp;&nbsp;Diameter: 10 cmVikt: 515 gL\u00e5dans m\u00e5tt: &nbsp;bredd 12,5 X &nbsp;l\u00e4ngd 12,5 X h\u00f6jd 6,5 cm &nbsp;&nbsp;&nbsp;&nbsp;&nbsp;&nbsp;&nbsp;Totalvikt kompass + l\u00e5da = 620 g Material: Bok-\/ekvirke (naturligt vaxat och polerat), zinklegering (lackerad i ugn), polykarbonat \u00f6ver magnetkompass&nbsp;&nbsp;<\/p>\n","protected":false},"featured_media":44854,"comment_status":"open","ping_status":"closed","template":"","meta":[],"product_brand":[],"product_cat":[33],"product_tag":[],"class_list":{"0":"post-17500","1":"product","2":"type-product","3":"status-publish","4":"has-post-thumbnail","6":"product_cat-okategoriserad","8":"first","9":"instock","10":"shipping-taxable","11":"purchasable","12":"product-type-simple"},"_links":{"self":[{"href":"https:\/\/nordicmart.andreevmaster.com\/sv\/wp-json\/wp\/v2\/product\/17500","targetHints":{"allow":["GET"]}}],"collection":[{"href":"https:\/\/nordicmart.andreevmaster.com\/sv\/wp-json\/wp\/v2\/product"}],"about":[{"href":"https:\/\/nordicmart.andreevmaster.com\/sv\/wp-json\/wp\/v2\/types\/product"}],"replies":[{"embeddable":true,"href":"https:\/\/nordicmart.andreevmaster.com\/sv\/wp-json\/wp\/v2\/comments?post=17500"}],"wp:featuredmedia":[{"embeddable":true,"href":"https:\/\/nordicmart.andreevmaster.com\/sv\/wp-json\/wp\/v2\/media\/44854"}],"wp:attachment":[{"href":"https:\/\/nordicmart.andreevmaster.com\/sv\/wp-json\/wp\/v2\/media?parent=17500"}],"wp:term":[{"taxonomy":"product_brand","embeddable":true,"href":"https:\/\/nordicmart.andreevmaster.com\/sv\/wp-json\/wp\/v2\/product_brand?post=17500"},{"taxonomy":"product_cat","embeddable":true,"href":"https:\/\/nordicmart.andreevmaster.com\/sv\/wp-json\/wp\/v2\/product_cat?post=17500"},{"taxonomy":"product_tag","embeddable":true,"href":"https:\/\/nordicmart.andreevmaster.com\/sv\/wp-json\/wp\/v2\/product_tag?post=17500"}],"curies":[{"name":"wp","href":"https:\/\/api.w.org\/{rel}","templated":true}]}}