{"id":17499,"date":"2026-02-27T00:35:19","date_gmt":"2026-02-27T00:35:19","guid":{"rendered":"https:\/\/nordicmart.andreevmaster.com\/product\/mini-bowling-desk-gadget-arcade-game-se08-2\/"},"modified":"2026-02-27T08:24:54","modified_gmt":"2026-02-27T08:24:54","slug":"mini-bowling-desk-gadget-arcade-game-se08-2","status":"publish","type":"product","link":"https:\/\/nordicmart.andreevmaster.com\/sv\/produkt\/mini-bowling-desk-gadget-arcade-game-se08-2\/","title":{"rendered":"Mini Bowling &#8211; Desk Gadget &#8211; Arcade Game \u2013 SE08"},"content":{"rendered":"<p>Mini Bowling &#8211; SE08&nbsp;&nbsp;F\u00f6r in lite kul i vardagen med det eleganta SE08 Mini Bowling Set. Det \u00e4r en snygg och kompakt version av det klassiska bowlingspelet som \u00e4r perfekt b\u00e5de som antistressunderh\u00e5llning p\u00e5 skrivbordet och som en originell present till alla som gillar arkadspel.&nbsp;\u00d6va precision, utveckla koordination och koppla av under pauserna p\u00e5 jobbet \u2013 ensam eller tillsammans med kollegorna! Mini bowlingpinnarna i denna version fungerar bra som en prydnad som du kan placera p\u00e5 ditt skrivbord. &nbsp;&nbsp;&nbsp;Varf\u00f6r det \u00e4r v\u00e4rt det:&nbsp;??Underh\u00e5llning alltid till hands \u2013 perfekt f\u00f6r ditt skrivbord p\u00e5 jobbet eller hemma.??Fr\u00e4mjar koncentration och manuell skicklighet \u2013 perfekt f\u00f6r dig som gillar utmaningar.??Bra presentid\u00e9 \u2013 elegant utf\u00f6rande och dekorativ l\u00e5da som drar blickarna till sig.??Vintagestil \u2013 naturligt tr\u00e4, m\u00e4ssingsdetaljer och glaslock skapar en unik atmosf\u00e4r.&nbsp;&nbsp;I setet ing\u00e5r:&nbsp;10 miniatyrbowlingpinnar (h\u00f6jd: 5,5 cm, tr\u00e4).2 tr\u00e4klot (diameter: 3 cm)Elegant l\u00e5da av tr\u00e4 och glas (15 x 7,5 x 8 cm), med l\u00e5sbart lock och m\u00e4ssingsdetaljer.&nbsp;&nbsp;Observera att denna produkt inte \u00e4r en leksak. Produkten \u00e4r avsedd f\u00f6r personer \u00f6ver 14 \u00e5r. &nbsp;<\/p>\n","protected":false},"excerpt":{"rendered":"<p>Mini Bowling &#8211; SE08&nbsp;&nbsp;F\u00f6r in lite kul i vardagen med det eleganta SE08 Mini Bowling Set. Det \u00e4r en snygg och kompakt version av det klassiska bowlingspelet som \u00e4r perfekt b\u00e5de som antistressunderh\u00e5llning p\u00e5 skrivbordet och som en originell present till alla som gillar arkadspel.&nbsp;\u00d6va precision, utveckla koordination och koppla av under pauserna p\u00e5 jobbet [&hellip;]<\/p>\n","protected":false},"featured_media":44853,"comment_status":"open","ping_status":"closed","template":"","meta":[],"product_brand":[],"product_cat":[33],"product_tag":[],"class_list":{"0":"post-17499","1":"product","2":"type-product","3":"status-publish","4":"has-post-thumbnail","6":"product_cat-okategoriserad","8":"first","9":"instock","10":"shipping-taxable","11":"purchasable","12":"product-type-simple"},"_links":{"self":[{"href":"https:\/\/nordicmart.andreevmaster.com\/sv\/wp-json\/wp\/v2\/product\/17499","targetHints":{"allow":["GET"]}}],"collection":[{"href":"https:\/\/nordicmart.andreevmaster.com\/sv\/wp-json\/wp\/v2\/product"}],"about":[{"href":"https:\/\/nordicmart.andreevmaster.com\/sv\/wp-json\/wp\/v2\/types\/product"}],"replies":[{"embeddable":true,"href":"https:\/\/nordicmart.andreevmaster.com\/sv\/wp-json\/wp\/v2\/comments?post=17499"}],"wp:featuredmedia":[{"embeddable":true,"href":"https:\/\/nordicmart.andreevmaster.com\/sv\/wp-json\/wp\/v2\/media\/44853"}],"wp:attachment":[{"href":"https:\/\/nordicmart.andreevmaster.com\/sv\/wp-json\/wp\/v2\/media?parent=17499"}],"wp:term":[{"taxonomy":"product_brand","embeddable":true,"href":"https:\/\/nordicmart.andreevmaster.com\/sv\/wp-json\/wp\/v2\/product_brand?post=17499"},{"taxonomy":"product_cat","embeddable":true,"href":"https:\/\/nordicmart.andreevmaster.com\/sv\/wp-json\/wp\/v2\/product_cat?post=17499"},{"taxonomy":"product_tag","embeddable":true,"href":"https:\/\/nordicmart.andreevmaster.com\/sv\/wp-json\/wp\/v2\/product_tag?post=17499"}],"curies":[{"name":"wp","href":"https:\/\/api.w.org\/{rel}","templated":true}]}}