{"id":17498,"date":"2026-02-27T00:35:18","date_gmt":"2026-02-27T00:35:18","guid":{"rendered":"https:\/\/nordicmart.andreevmaster.com\/product\/kendama-japanskt-arkadspel-se06\/"},"modified":"2026-02-27T08:24:54","modified_gmt":"2026-02-27T08:24:54","slug":"kendama-japanskt-arkadspel-se06","status":"publish","type":"product","link":"https:\/\/nordicmart.andreevmaster.com\/sv\/produkt\/kendama-japanskt-arkadspel-se06\/","title":{"rendered":"Kendama \u2013 japanskt arkadspel \u2013 SE06"},"content":{"rendered":"<p>Kendama \u2013 japanskt arkadspel \u2013 SE06&nbsp;&nbsp;Kendama \u00e4r ett traditionellt japanskt skicklighetsspel som nyligen har vunnit hj\u00e4rtat hos m\u00e4nniskor \u00f6ver hela v\u00e4rlden. &nbsp;Spelet g\u00e5r ut p\u00e5 att sl\u00e5 bollen i h\u00e5len (kopparna). N\u00e4r v\u00e5ra f\u00e4rdigheter utvecklas kan vi lockas att g\u00f6ra mer komplicerade trick och stunts. Kendama, som ibland kallas japansk jojo, kr\u00e4ver reflexer, smidighet och mycket t\u00e5lamod. Det utvecklar motorisk koordination och balans. I en tid d\u00e5 vi \u00e4r uppslukade av flera sk\u00e4rmar \u00e4r detta traditionella arkadspel ett trevligt alternativ f\u00f6r att spendera fritiden. Kendama \u00e4r underh\u00e5llande f\u00f6r b\u00e5de ton\u00e5ringar och vuxna. Specifikationer: Material: tr\u00e4 M\u00e5tt: 27 x 12 x 4,5 cm Obs! Denna produkt \u00e4r inte en leksak och \u00e4r inte l\u00e4mplig f\u00f6r barn under 14 \u00e5r. &nbsp;&nbsp;<\/p>\n","protected":false},"excerpt":{"rendered":"<p>Kendama \u2013 japanskt arkadspel \u2013 SE06&nbsp;&nbsp;Kendama \u00e4r ett traditionellt japanskt skicklighetsspel som nyligen har vunnit hj\u00e4rtat hos m\u00e4nniskor \u00f6ver hela v\u00e4rlden. &nbsp;Spelet g\u00e5r ut p\u00e5 att sl\u00e5 bollen i h\u00e5len (kopparna). N\u00e4r v\u00e5ra f\u00e4rdigheter utvecklas kan vi lockas att g\u00f6ra mer komplicerade trick och stunts. Kendama, som ibland kallas japansk jojo, kr\u00e4ver reflexer, smidighet och [&hellip;]<\/p>\n","protected":false},"featured_media":44852,"comment_status":"open","ping_status":"closed","template":"","meta":[],"product_brand":[],"product_cat":[33],"product_tag":[],"class_list":{"0":"post-17498","1":"product","2":"type-product","3":"status-publish","4":"has-post-thumbnail","6":"product_cat-okategoriserad","8":"first","9":"instock","10":"shipping-taxable","11":"purchasable","12":"product-type-simple"},"_links":{"self":[{"href":"https:\/\/nordicmart.andreevmaster.com\/sv\/wp-json\/wp\/v2\/product\/17498","targetHints":{"allow":["GET"]}}],"collection":[{"href":"https:\/\/nordicmart.andreevmaster.com\/sv\/wp-json\/wp\/v2\/product"}],"about":[{"href":"https:\/\/nordicmart.andreevmaster.com\/sv\/wp-json\/wp\/v2\/types\/product"}],"replies":[{"embeddable":true,"href":"https:\/\/nordicmart.andreevmaster.com\/sv\/wp-json\/wp\/v2\/comments?post=17498"}],"wp:featuredmedia":[{"embeddable":true,"href":"https:\/\/nordicmart.andreevmaster.com\/sv\/wp-json\/wp\/v2\/media\/44852"}],"wp:attachment":[{"href":"https:\/\/nordicmart.andreevmaster.com\/sv\/wp-json\/wp\/v2\/media?parent=17498"}],"wp:term":[{"taxonomy":"product_brand","embeddable":true,"href":"https:\/\/nordicmart.andreevmaster.com\/sv\/wp-json\/wp\/v2\/product_brand?post=17498"},{"taxonomy":"product_cat","embeddable":true,"href":"https:\/\/nordicmart.andreevmaster.com\/sv\/wp-json\/wp\/v2\/product_cat?post=17498"},{"taxonomy":"product_tag","embeddable":true,"href":"https:\/\/nordicmart.andreevmaster.com\/sv\/wp-json\/wp\/v2\/product_tag?post=17498"}],"curies":[{"name":"wp","href":"https:\/\/api.w.org\/{rel}","templated":true}]}}