{"id":17497,"date":"2026-02-27T00:35:18","date_gmt":"2026-02-27T00:35:18","guid":{"rendered":"https:\/\/nordicmart.andreevmaster.com\/product\/dekorativ-glob-present-till-geograf-nc2142\/"},"modified":"2026-02-27T08:24:53","modified_gmt":"2026-02-27T08:24:53","slug":"dekorativ-glob-present-till-geograf-nc2142","status":"publish","type":"product","link":"https:\/\/nordicmart.andreevmaster.com\/sv\/produkt\/dekorativ-glob-present-till-geograf-nc2142\/","title":{"rendered":"Dekorativ glob \u2013 Present till geograf \u2013 NC2142"},"content":{"rendered":"<p>Dekorativ glob \u2013 Present till geograf \u2013 NC2142&nbsp;&nbsp;Letar du efter en present till en geografientusiast? Denna dekorativa glob med ingraverad armillarsf\u00e4r \u00e4r en originell present till geografen och resen\u00e4ren. Den blir en fin dekoration p\u00e5 ett skrivbord, i ett sk\u00e5p eller p\u00e5 en f\u00f6nsterbr\u00e4da. &nbsp;Armillarsf\u00e4ren, eller astrolabiet, \u00e4r ett astronomiskt instrument som anv\u00e4nds f\u00f6r att best\u00e4mma ekvatoriella och ekliptiska koordinater. Denna modell av himmelsf\u00e4ren har en glob med en \u00e5ldrad karta i gula och gr\u00f6na nyanser. Helheten har en elegant, sk\u00e5pformad karakt\u00e4r. &nbsp;&nbsp;Produktinformation:&nbsp;Globens material: plastArmillarsf\u00e4rens material: m\u00e4ssing Bas: m\u00e4ssing och MDFKartans f\u00e4rg: gula och gr\u00f6na nyanserLaminerad kartaM\u00e5tt: 17,5 x 17,5 x 28 cm&nbsp;&nbsp;<\/p>\n","protected":false},"excerpt":{"rendered":"<p>Dekorativ glob \u2013 Present till geograf \u2013 NC2142&nbsp;&nbsp;Letar du efter en present till en geografientusiast? Denna dekorativa glob med ingraverad armillarsf\u00e4r \u00e4r en originell present till geografen och resen\u00e4ren. Den blir en fin dekoration p\u00e5 ett skrivbord, i ett sk\u00e5p eller p\u00e5 en f\u00f6nsterbr\u00e4da. &nbsp;Armillarsf\u00e4ren, eller astrolabiet, \u00e4r ett astronomiskt instrument som anv\u00e4nds f\u00f6r att [&hellip;]<\/p>\n","protected":false},"featured_media":44851,"comment_status":"open","ping_status":"closed","template":"","meta":[],"product_brand":[],"product_cat":[33],"product_tag":[],"class_list":{"0":"post-17497","1":"product","2":"type-product","3":"status-publish","4":"has-post-thumbnail","6":"product_cat-okategoriserad","8":"first","9":"instock","10":"shipping-taxable","11":"purchasable","12":"product-type-simple"},"_links":{"self":[{"href":"https:\/\/nordicmart.andreevmaster.com\/sv\/wp-json\/wp\/v2\/product\/17497","targetHints":{"allow":["GET"]}}],"collection":[{"href":"https:\/\/nordicmart.andreevmaster.com\/sv\/wp-json\/wp\/v2\/product"}],"about":[{"href":"https:\/\/nordicmart.andreevmaster.com\/sv\/wp-json\/wp\/v2\/types\/product"}],"replies":[{"embeddable":true,"href":"https:\/\/nordicmart.andreevmaster.com\/sv\/wp-json\/wp\/v2\/comments?post=17497"}],"wp:featuredmedia":[{"embeddable":true,"href":"https:\/\/nordicmart.andreevmaster.com\/sv\/wp-json\/wp\/v2\/media\/44851"}],"wp:attachment":[{"href":"https:\/\/nordicmart.andreevmaster.com\/sv\/wp-json\/wp\/v2\/media?parent=17497"}],"wp:term":[{"taxonomy":"product_brand","embeddable":true,"href":"https:\/\/nordicmart.andreevmaster.com\/sv\/wp-json\/wp\/v2\/product_brand?post=17497"},{"taxonomy":"product_cat","embeddable":true,"href":"https:\/\/nordicmart.andreevmaster.com\/sv\/wp-json\/wp\/v2\/product_cat?post=17497"},{"taxonomy":"product_tag","embeddable":true,"href":"https:\/\/nordicmart.andreevmaster.com\/sv\/wp-json\/wp\/v2\/product_tag?post=17497"}],"curies":[{"name":"wp","href":"https:\/\/api.w.org\/{rel}","templated":true}]}}