{"id":17496,"date":"2026-02-27T00:35:18","date_gmt":"2026-02-27T00:35:18","guid":{"rendered":"https:\/\/nordicmart.andreevmaster.com\/product\/traratt-45-cm-nc1402a\/"},"modified":"2026-02-27T08:24:53","modified_gmt":"2026-02-27T08:24:53","slug":"traratt-45-cm-nc1402a","status":"publish","type":"product","link":"https:\/\/nordicmart.andreevmaster.com\/sv\/produkt\/traratt-45-cm-nc1402a\/","title":{"rendered":"Tr\u00e4ratt &#8211; 45 cm &#8211; NC1402A"},"content":{"rendered":"<p>Tr\u00e4ratt &#8211; 45 cm &#8211; NC1402A &nbsp;Tr\u00e4ratt \u00e4r en marin dekoration som ger ditt hem en maritim touch. En symbolisk g\u00e5va till sj\u00f6m\u00e4n och alla som styr i sitt yrkes- och privatliv. Roderhjulet i tr\u00e4 med en mittdel i m\u00e4ssing passar bra mot bl\u00e5, gr\u00f6na eller vita v\u00e4ggar. &nbsp;Hjulets specifikationer: &nbsp;&#8211; Material: tr\u00e4 &#8211; Insats: m\u00e4ssing &#8211; Hjulets diameter: 45 cm &#8211; Stil: maritim, retro &nbsp;Perfekt som:&nbsp;&#8211; Present till en sj\u00f6man &#8211; Present till chefen &#8211; Present till en sj\u00f6man &#8211; Maritim dekoration&nbsp;<\/p>\n","protected":false},"excerpt":{"rendered":"<p>Tr\u00e4ratt &#8211; 45 cm &#8211; NC1402A &nbsp;Tr\u00e4ratt \u00e4r en marin dekoration som ger ditt hem en maritim touch. En symbolisk g\u00e5va till sj\u00f6m\u00e4n och alla som styr i sitt yrkes- och privatliv. Roderhjulet i tr\u00e4 med en mittdel i m\u00e4ssing passar bra mot bl\u00e5, gr\u00f6na eller vita v\u00e4ggar. &nbsp;Hjulets specifikationer: &nbsp;&#8211; Material: tr\u00e4 &#8211; Insats: [&hellip;]<\/p>\n","protected":false},"featured_media":44850,"comment_status":"open","ping_status":"closed","template":"","meta":[],"product_brand":[],"product_cat":[33],"product_tag":[],"class_list":{"0":"post-17496","1":"product","2":"type-product","3":"status-publish","4":"has-post-thumbnail","6":"product_cat-okategoriserad","8":"first","9":"instock","10":"shipping-taxable","11":"purchasable","12":"product-type-simple"},"_links":{"self":[{"href":"https:\/\/nordicmart.andreevmaster.com\/sv\/wp-json\/wp\/v2\/product\/17496","targetHints":{"allow":["GET"]}}],"collection":[{"href":"https:\/\/nordicmart.andreevmaster.com\/sv\/wp-json\/wp\/v2\/product"}],"about":[{"href":"https:\/\/nordicmart.andreevmaster.com\/sv\/wp-json\/wp\/v2\/types\/product"}],"replies":[{"embeddable":true,"href":"https:\/\/nordicmart.andreevmaster.com\/sv\/wp-json\/wp\/v2\/comments?post=17496"}],"wp:featuredmedia":[{"embeddable":true,"href":"https:\/\/nordicmart.andreevmaster.com\/sv\/wp-json\/wp\/v2\/media\/44850"}],"wp:attachment":[{"href":"https:\/\/nordicmart.andreevmaster.com\/sv\/wp-json\/wp\/v2\/media?parent=17496"}],"wp:term":[{"taxonomy":"product_brand","embeddable":true,"href":"https:\/\/nordicmart.andreevmaster.com\/sv\/wp-json\/wp\/v2\/product_brand?post=17496"},{"taxonomy":"product_cat","embeddable":true,"href":"https:\/\/nordicmart.andreevmaster.com\/sv\/wp-json\/wp\/v2\/product_cat?post=17496"},{"taxonomy":"product_tag","embeddable":true,"href":"https:\/\/nordicmart.andreevmaster.com\/sv\/wp-json\/wp\/v2\/product_tag?post=17496"}],"curies":[{"name":"wp","href":"https:\/\/api.w.org\/{rel}","templated":true}]}}