{"id":17495,"date":"2026-02-27T00:35:17","date_gmt":"2026-02-27T00:35:17","guid":{"rendered":"https:\/\/nordicmart.andreevmaster.com\/product\/segelfartygsmodell-dar-pomorza-darpom80\/"},"modified":"2026-02-27T08:24:53","modified_gmt":"2026-02-27T08:24:53","slug":"segelfartygsmodell-dar-pomorza-darpom80","status":"publish","type":"product","link":"https:\/\/nordicmart.andreevmaster.com\/sv\/produkt\/segelfartygsmodell-dar-pomorza-darpom80\/","title":{"rendered":"Segelfartygsmodell Dar Pomorza \u2013 DARPOM80"},"content":{"rendered":"<p>Segelfartygsmodell Dar Pomorza \u2013 DARPOM80&nbsp;&nbsp;Fartygsmodellen kan bli ett viktigt dekorativt inslag i ditt kontor eller vardagsrum. Dess stora storlek g\u00f6r att den drar till sig dina g\u00e4sters uppm\u00e4rksamhet. Det noggranna hantverket och den eleganta designen g\u00f6r produkten unik.&nbsp;&nbsp;Produktinformation:&nbsp;Material: Modellen \u00e4r tillverkad av tr\u00e4 (skrov och master), segel av canvas, detaljer (metall, plast).H\u00f6gkvalitativ modell, noggrant tillverkad med omsorg om detaljerna.Modellen levereras i delar som ska monteras \u2013 masten ska resas, bogspr\u00f6tet monteras och linorna kopplas ihop och sp\u00e4nns. Monteringen tar ca 10-15 minuter och kr\u00e4ver inga verktyg. M\u00e5tt: l\u00e4ngd 80 cm, h\u00f6jd 57 cm, bredd 14 cm. Dar Pomorza \u00e4r ett tremastat segelfartyg f\u00f6r utbildning, k\u00e4nt som den vita fregatten. En legend inom polsk sj\u00f6fartsutbildning. Dar Pomorza k\u00f6ptes av Pommerska s\u00e4llskapet 1929 f\u00f6r sj\u00f6fartsskolan i Gdynia. Under polsk flagg gjorde Dar Pomorza 102 skolresor och seglade en halv miljon nautiska mil \u2013 en str\u00e4cka som motsvarar cirka 25 resor jorden runt. Det blev k\u00e4nt som det f\u00f6rsta fartyget i den polska handelsflottans historia som seglade jorden runt och utbildade 13 384 studenter.<\/p>\n","protected":false},"excerpt":{"rendered":"<p>Segelfartygsmodell Dar Pomorza \u2013 DARPOM80&nbsp;&nbsp;Fartygsmodellen kan bli ett viktigt dekorativt inslag i ditt kontor eller vardagsrum. Dess stora storlek g\u00f6r att den drar till sig dina g\u00e4sters uppm\u00e4rksamhet. Det noggranna hantverket och den eleganta designen g\u00f6r produkten unik.&nbsp;&nbsp;Produktinformation:&nbsp;Material: Modellen \u00e4r tillverkad av tr\u00e4 (skrov och master), segel av canvas, detaljer (metall, plast).H\u00f6gkvalitativ modell, noggrant tillverkad [&hellip;]<\/p>\n","protected":false},"featured_media":44849,"comment_status":"open","ping_status":"closed","template":"","meta":[],"product_brand":[],"product_cat":[33],"product_tag":[],"class_list":{"0":"post-17495","1":"product","2":"type-product","3":"status-publish","4":"has-post-thumbnail","6":"product_cat-okategoriserad","8":"first","9":"instock","10":"shipping-taxable","11":"purchasable","12":"product-type-simple"},"_links":{"self":[{"href":"https:\/\/nordicmart.andreevmaster.com\/sv\/wp-json\/wp\/v2\/product\/17495","targetHints":{"allow":["GET"]}}],"collection":[{"href":"https:\/\/nordicmart.andreevmaster.com\/sv\/wp-json\/wp\/v2\/product"}],"about":[{"href":"https:\/\/nordicmart.andreevmaster.com\/sv\/wp-json\/wp\/v2\/types\/product"}],"replies":[{"embeddable":true,"href":"https:\/\/nordicmart.andreevmaster.com\/sv\/wp-json\/wp\/v2\/comments?post=17495"}],"wp:featuredmedia":[{"embeddable":true,"href":"https:\/\/nordicmart.andreevmaster.com\/sv\/wp-json\/wp\/v2\/media\/44849"}],"wp:attachment":[{"href":"https:\/\/nordicmart.andreevmaster.com\/sv\/wp-json\/wp\/v2\/media?parent=17495"}],"wp:term":[{"taxonomy":"product_brand","embeddable":true,"href":"https:\/\/nordicmart.andreevmaster.com\/sv\/wp-json\/wp\/v2\/product_brand?post=17495"},{"taxonomy":"product_cat","embeddable":true,"href":"https:\/\/nordicmart.andreevmaster.com\/sv\/wp-json\/wp\/v2\/product_cat?post=17495"},{"taxonomy":"product_tag","embeddable":true,"href":"https:\/\/nordicmart.andreevmaster.com\/sv\/wp-json\/wp\/v2\/product_tag?post=17495"}],"curies":[{"name":"wp","href":"https:\/\/api.w.org\/{rel}","templated":true}]}}