{"id":17494,"date":"2026-02-27T00:35:17","date_gmt":"2026-02-27T00:35:17","guid":{"rendered":"https:\/\/nordicmart.andreevmaster.com\/product\/schooner-model-atlantic-72-cm-atl72\/"},"modified":"2026-02-27T08:24:53","modified_gmt":"2026-02-27T08:24:53","slug":"schooner-model-atlantic-72-cm-atl72","status":"publish","type":"product","link":"https:\/\/nordicmart.andreevmaster.com\/sv\/produkt\/schooner-model-atlantic-72-cm-atl72\/","title":{"rendered":"Schooner Model Atlantic 72 cm &#8211; ATL72"},"content":{"rendered":"<p>Skonertmodell Atlantic H\u00f6jd 72 cm | ATL72&nbsp;&nbsp;Vacker, stor 3-mastad skonert. En replika av den ber\u00f6mda Atlantic-skonert fr\u00e5n 1903. \u00c5r 1905 vann skonert den transatlantiska regattan fr\u00e5n New York till London och satte ett ruttrekord.&nbsp;Tillverkad av tr\u00e4. Segel av linne. En underbar present till seglingsentusiasten!&nbsp;&nbsp;Produktinformation:&nbsp;M\u00e5tt: l\u00e4ngd 72 cm, bredd 10,5 cm, h\u00f6jd 53 cmMaterial: Tr\u00e4 och linneSj\u00e4lvmontering (kr\u00e4ver varken lim eller extra verktyg \u2013 tar cirka 20 minuter)&nbsp;Observera! Riggen f\u00f6r sj\u00e4lvmontering \u2013 kr\u00e4ver varken lim eller extra verktyg. Monteringstid \u2013 cirka 20 minuter.&nbsp;<\/p>\n","protected":false},"excerpt":{"rendered":"<p>Skonertmodell Atlantic H\u00f6jd 72 cm | ATL72&nbsp;&nbsp;Vacker, stor 3-mastad skonert. En replika av den ber\u00f6mda Atlantic-skonert fr\u00e5n 1903. \u00c5r 1905 vann skonert den transatlantiska regattan fr\u00e5n New York till London och satte ett ruttrekord.&nbsp;Tillverkad av tr\u00e4. Segel av linne. En underbar present till seglingsentusiasten!&nbsp;&nbsp;Produktinformation:&nbsp;M\u00e5tt: l\u00e4ngd 72 cm, bredd 10,5 cm, h\u00f6jd 53 cmMaterial: Tr\u00e4 och [&hellip;]<\/p>\n","protected":false},"featured_media":44848,"comment_status":"open","ping_status":"closed","template":"","meta":[],"product_brand":[],"product_cat":[33],"product_tag":[],"class_list":{"0":"post-17494","1":"product","2":"type-product","3":"status-publish","4":"has-post-thumbnail","6":"product_cat-okategoriserad","8":"first","9":"instock","10":"shipping-taxable","11":"purchasable","12":"product-type-simple"},"_links":{"self":[{"href":"https:\/\/nordicmart.andreevmaster.com\/sv\/wp-json\/wp\/v2\/product\/17494","targetHints":{"allow":["GET"]}}],"collection":[{"href":"https:\/\/nordicmart.andreevmaster.com\/sv\/wp-json\/wp\/v2\/product"}],"about":[{"href":"https:\/\/nordicmart.andreevmaster.com\/sv\/wp-json\/wp\/v2\/types\/product"}],"replies":[{"embeddable":true,"href":"https:\/\/nordicmart.andreevmaster.com\/sv\/wp-json\/wp\/v2\/comments?post=17494"}],"wp:featuredmedia":[{"embeddable":true,"href":"https:\/\/nordicmart.andreevmaster.com\/sv\/wp-json\/wp\/v2\/media\/44848"}],"wp:attachment":[{"href":"https:\/\/nordicmart.andreevmaster.com\/sv\/wp-json\/wp\/v2\/media?parent=17494"}],"wp:term":[{"taxonomy":"product_brand","embeddable":true,"href":"https:\/\/nordicmart.andreevmaster.com\/sv\/wp-json\/wp\/v2\/product_brand?post=17494"},{"taxonomy":"product_cat","embeddable":true,"href":"https:\/\/nordicmart.andreevmaster.com\/sv\/wp-json\/wp\/v2\/product_cat?post=17494"},{"taxonomy":"product_tag","embeddable":true,"href":"https:\/\/nordicmart.andreevmaster.com\/sv\/wp-json\/wp\/v2\/product_tag?post=17494"}],"curies":[{"name":"wp","href":"https:\/\/api.w.org\/{rel}","templated":true}]}}