{"id":17492,"date":"2026-02-27T00:35:17","date_gmt":"2026-02-27T00:35:17","guid":{"rendered":"https:\/\/nordicmart.andreevmaster.com\/product\/statyett-av-musiknot-en-present-till-en-musiker-mus-22\/"},"modified":"2026-02-27T08:24:52","modified_gmt":"2026-02-27T08:24:52","slug":"statyett-av-musiknot-en-present-till-en-musiker-mus-22","status":"publish","type":"product","link":"https:\/\/nordicmart.andreevmaster.com\/sv\/produkt\/statyett-av-musiknot-en-present-till-en-musiker-mus-22\/","title":{"rendered":"Statyett av musiknot \u2013 en present till en musiker \u2013 MUS-22"},"content":{"rendered":"<p>Statyett av musiknot \u2013 en present till en musiker \u2013 MUS-22&nbsp;&nbsp;Noter \u00e4r musiknotationens alfabet \u2013 musikers universella spr\u00e5k. De \u00e4r en grafisk representation av ett musikaliskt ljud och anger dess l\u00e4ngd och tonh\u00f6jd. En not \u00e4r en sextondel \u2013 den representerar ett ljud med en varaktighet p\u00e5 en sextondel av en helnot. Tv\u00e5 eller flera sextondelar skrivs med en dubbel treble (bindning).&nbsp;&nbsp;Statuetten med musiknoten \u00e4r en charmig present till en musiker. Den \u00e4r perfekt som present vid examen fr\u00e5n en musikskola. Den \u00e4r ocks\u00e5 en perfekt present till en musikl\u00e4rare och en vacker utm\u00e4rkelse i en musikt\u00e4vling. &nbsp;&nbsp;Produktinformation:&nbsp;Material: aluminiumBas: tr\u00e4M\u00e5tt: 26 x 20 x 6,5 cm F\u00e4rg: guld Basf\u00e4rg: svart&nbsp;Musiknotstatyetten \u00e4r:&nbsp;Musikalisk dekoration f\u00f6r en musikers rumPresent till en musikerPresent till en musikl\u00e4rarePris i en musikt\u00e4vling&nbsp;&nbsp;&nbsp;&nbsp;&nbsp;&nbsp;&nbsp;&nbsp;&nbsp;<\/p>\n","protected":false},"excerpt":{"rendered":"<p>Statyett av musiknot \u2013 en present till en musiker \u2013 MUS-22&nbsp;&nbsp;Noter \u00e4r musiknotationens alfabet \u2013 musikers universella spr\u00e5k. De \u00e4r en grafisk representation av ett musikaliskt ljud och anger dess l\u00e4ngd och tonh\u00f6jd. En not \u00e4r en sextondel \u2013 den representerar ett ljud med en varaktighet p\u00e5 en sextondel av en helnot. Tv\u00e5 eller flera [&hellip;]<\/p>\n","protected":false},"featured_media":44846,"comment_status":"open","ping_status":"closed","template":"","meta":[],"product_brand":[],"product_cat":[33],"product_tag":[],"class_list":{"0":"post-17492","1":"product","2":"type-product","3":"status-publish","4":"has-post-thumbnail","6":"product_cat-okategoriserad","8":"first","9":"instock","10":"shipping-taxable","11":"purchasable","12":"product-type-simple"},"_links":{"self":[{"href":"https:\/\/nordicmart.andreevmaster.com\/sv\/wp-json\/wp\/v2\/product\/17492","targetHints":{"allow":["GET"]}}],"collection":[{"href":"https:\/\/nordicmart.andreevmaster.com\/sv\/wp-json\/wp\/v2\/product"}],"about":[{"href":"https:\/\/nordicmart.andreevmaster.com\/sv\/wp-json\/wp\/v2\/types\/product"}],"replies":[{"embeddable":true,"href":"https:\/\/nordicmart.andreevmaster.com\/sv\/wp-json\/wp\/v2\/comments?post=17492"}],"wp:featuredmedia":[{"embeddable":true,"href":"https:\/\/nordicmart.andreevmaster.com\/sv\/wp-json\/wp\/v2\/media\/44846"}],"wp:attachment":[{"href":"https:\/\/nordicmart.andreevmaster.com\/sv\/wp-json\/wp\/v2\/media?parent=17492"}],"wp:term":[{"taxonomy":"product_brand","embeddable":true,"href":"https:\/\/nordicmart.andreevmaster.com\/sv\/wp-json\/wp\/v2\/product_brand?post=17492"},{"taxonomy":"product_cat","embeddable":true,"href":"https:\/\/nordicmart.andreevmaster.com\/sv\/wp-json\/wp\/v2\/product_cat?post=17492"},{"taxonomy":"product_tag","embeddable":true,"href":"https:\/\/nordicmart.andreevmaster.com\/sv\/wp-json\/wp\/v2\/product_tag?post=17492"}],"curies":[{"name":"wp","href":"https:\/\/api.w.org\/{rel}","templated":true}]}}