{"id":17491,"date":"2026-02-27T00:35:16","date_gmt":"2026-02-27T00:35:16","guid":{"rendered":"https:\/\/nordicmart.andreevmaster.com\/product\/metallgitarrmodell-present-till-gitarrist-mus-20\/"},"modified":"2026-02-27T08:24:52","modified_gmt":"2026-02-27T08:24:52","slug":"metallgitarrmodell-present-till-gitarrist-mus-20","status":"publish","type":"product","link":"https:\/\/nordicmart.andreevmaster.com\/sv\/produkt\/metallgitarrmodell-present-till-gitarrist-mus-20\/","title":{"rendered":"Metallgitarrmodell \u2013 present till gitarrist \u2013 MUS-20"},"content":{"rendered":"<p>Metallgitarrmodell \u2013 present till gitarrist \u2013 MUS-20&nbsp;&nbsp;Gitarr \u2013 ett av v\u00e4rldens mest popul\u00e4ra musikinstrument. Under 2020 s\u00e5ldes cirka 160 miljoner akustiska gitarrer bara i USA! Gitarren har er\u00f6vrat hj\u00e4rtat hos m\u00e4nniskor \u00f6ver hela v\u00e4rlden. Romantiska ballader, bluesl\u00e5tar, flamenco, gitarrspel vid brasan \u2013 gitarrtoner f\u00f6ljer oss n\u00e4stan \u00f6verallt. &nbsp;&nbsp;Den klassiska gitarren i metall \u00e4r en charmig present till dem som gillar musik. Gitarrmodellen \u00e4r en utm\u00e4rkt present till en gitarrist och passar ocks\u00e5 bra som pris i en musikt\u00e4vling. Gitarrfiguren \u00e4r ocks\u00e5 en perfekt present till en musikl\u00e4rare. &nbsp;Produktinformation:&nbsp;Material: aluminium M\u00e5tt: 25 x 9,5 x 6,5 cm F\u00e4rg: guld &nbsp;&nbsp;<\/p>\n","protected":false},"excerpt":{"rendered":"<p>Metallgitarrmodell \u2013 present till gitarrist \u2013 MUS-20&nbsp;&nbsp;Gitarr \u2013 ett av v\u00e4rldens mest popul\u00e4ra musikinstrument. Under 2020 s\u00e5ldes cirka 160 miljoner akustiska gitarrer bara i USA! Gitarren har er\u00f6vrat hj\u00e4rtat hos m\u00e4nniskor \u00f6ver hela v\u00e4rlden. Romantiska ballader, bluesl\u00e5tar, flamenco, gitarrspel vid brasan \u2013 gitarrtoner f\u00f6ljer oss n\u00e4stan \u00f6verallt. &nbsp;&nbsp;Den klassiska gitarren i metall \u00e4r en charmig [&hellip;]<\/p>\n","protected":false},"featured_media":44845,"comment_status":"open","ping_status":"closed","template":"","meta":[],"product_brand":[],"product_cat":[33],"product_tag":[],"class_list":{"0":"post-17491","1":"product","2":"type-product","3":"status-publish","4":"has-post-thumbnail","6":"product_cat-okategoriserad","8":"first","9":"instock","10":"shipping-taxable","11":"purchasable","12":"product-type-simple"},"_links":{"self":[{"href":"https:\/\/nordicmart.andreevmaster.com\/sv\/wp-json\/wp\/v2\/product\/17491","targetHints":{"allow":["GET"]}}],"collection":[{"href":"https:\/\/nordicmart.andreevmaster.com\/sv\/wp-json\/wp\/v2\/product"}],"about":[{"href":"https:\/\/nordicmart.andreevmaster.com\/sv\/wp-json\/wp\/v2\/types\/product"}],"replies":[{"embeddable":true,"href":"https:\/\/nordicmart.andreevmaster.com\/sv\/wp-json\/wp\/v2\/comments?post=17491"}],"wp:featuredmedia":[{"embeddable":true,"href":"https:\/\/nordicmart.andreevmaster.com\/sv\/wp-json\/wp\/v2\/media\/44845"}],"wp:attachment":[{"href":"https:\/\/nordicmart.andreevmaster.com\/sv\/wp-json\/wp\/v2\/media?parent=17491"}],"wp:term":[{"taxonomy":"product_brand","embeddable":true,"href":"https:\/\/nordicmart.andreevmaster.com\/sv\/wp-json\/wp\/v2\/product_brand?post=17491"},{"taxonomy":"product_cat","embeddable":true,"href":"https:\/\/nordicmart.andreevmaster.com\/sv\/wp-json\/wp\/v2\/product_cat?post=17491"},{"taxonomy":"product_tag","embeddable":true,"href":"https:\/\/nordicmart.andreevmaster.com\/sv\/wp-json\/wp\/v2\/product_tag?post=17491"}],"curies":[{"name":"wp","href":"https:\/\/api.w.org\/{rel}","templated":true}]}}