{"id":17490,"date":"2026-02-27T00:35:16","date_gmt":"2026-02-27T00:35:16","guid":{"rendered":"https:\/\/nordicmart.andreevmaster.com\/product\/spitfire-flygplansmodell-legendariskt-stridsflygplan-fran-andra-varldskriget-spis\/"},"modified":"2026-02-27T08:24:52","modified_gmt":"2026-02-27T08:24:52","slug":"spitfire-flygplansmodell-legendariskt-stridsflygplan-fran-andra-varldskriget-spis","status":"publish","type":"product","link":"https:\/\/nordicmart.andreevmaster.com\/sv\/produkt\/spitfire-flygplansmodell-legendariskt-stridsflygplan-fran-andra-varldskriget-spis\/","title":{"rendered":"Spitfire-flygplansmodell \u2013 legendariskt stridsflygplan fr\u00e5n andra v\u00e4rldskriget \u2013 SPIS"},"content":{"rendered":"<p>Spitfire flygplansmodell \u2013 legendariskt stridsflygplan fr\u00e5n andra v\u00e4rldskriget \u2013 SPIS&nbsp;&nbsp;Spitfire Model, det legendariska stridsflygplanet fr\u00e5n andra v\u00e4rldskriget, \u00e4r en riktig h\u00f6jdare f\u00f6r fans av flyghistoria och en fantastisk present f\u00f6r dem som gillar milit\u00e4r teknikhistoria.&nbsp;Spitfire var ett av de mest k\u00e4nda flygplanen under andra v\u00e4rldskriget, med mer \u00e4n 23 000 tillverkade exemplar av detta otroligt snabba och smidiga stridsflygplan. \u00c5tta skvadroner fr\u00e5n det polska flygvapnet i Storbritannien fl\u00f6g Spitfire under kriget. Spitfire blev symbolen f\u00f6r segern \u00f6ver det tyska Luftwaffe i slaget om Storbritannien. &nbsp;&nbsp;&nbsp;Produktinformation:&nbsp;Material: aluminium M\u00e5tt: 15 x 13 x 8 cm F\u00e4rg: Guld &nbsp;<\/p>\n","protected":false},"excerpt":{"rendered":"<p>Spitfire flygplansmodell \u2013 legendariskt stridsflygplan fr\u00e5n andra v\u00e4rldskriget \u2013 SPIS&nbsp;&nbsp;Spitfire Model, det legendariska stridsflygplanet fr\u00e5n andra v\u00e4rldskriget, \u00e4r en riktig h\u00f6jdare f\u00f6r fans av flyghistoria och en fantastisk present f\u00f6r dem som gillar milit\u00e4r teknikhistoria.&nbsp;Spitfire var ett av de mest k\u00e4nda flygplanen under andra v\u00e4rldskriget, med mer \u00e4n 23 000 tillverkade exemplar av detta otroligt [&hellip;]<\/p>\n","protected":false},"featured_media":44844,"comment_status":"open","ping_status":"closed","template":"","meta":[],"product_brand":[],"product_cat":[33],"product_tag":[],"class_list":{"0":"post-17490","1":"product","2":"type-product","3":"status-publish","4":"has-post-thumbnail","6":"product_cat-okategoriserad","8":"first","9":"instock","10":"shipping-taxable","11":"purchasable","12":"product-type-simple"},"_links":{"self":[{"href":"https:\/\/nordicmart.andreevmaster.com\/sv\/wp-json\/wp\/v2\/product\/17490","targetHints":{"allow":["GET"]}}],"collection":[{"href":"https:\/\/nordicmart.andreevmaster.com\/sv\/wp-json\/wp\/v2\/product"}],"about":[{"href":"https:\/\/nordicmart.andreevmaster.com\/sv\/wp-json\/wp\/v2\/types\/product"}],"replies":[{"embeddable":true,"href":"https:\/\/nordicmart.andreevmaster.com\/sv\/wp-json\/wp\/v2\/comments?post=17490"}],"wp:featuredmedia":[{"embeddable":true,"href":"https:\/\/nordicmart.andreevmaster.com\/sv\/wp-json\/wp\/v2\/media\/44844"}],"wp:attachment":[{"href":"https:\/\/nordicmart.andreevmaster.com\/sv\/wp-json\/wp\/v2\/media?parent=17490"}],"wp:term":[{"taxonomy":"product_brand","embeddable":true,"href":"https:\/\/nordicmart.andreevmaster.com\/sv\/wp-json\/wp\/v2\/product_brand?post=17490"},{"taxonomy":"product_cat","embeddable":true,"href":"https:\/\/nordicmart.andreevmaster.com\/sv\/wp-json\/wp\/v2\/product_cat?post=17490"},{"taxonomy":"product_tag","embeddable":true,"href":"https:\/\/nordicmart.andreevmaster.com\/sv\/wp-json\/wp\/v2\/product_tag?post=17490"}],"curies":[{"name":"wp","href":"https:\/\/api.w.org\/{rel}","templated":true}]}}