{"id":17489,"date":"2026-02-27T00:35:16","date_gmt":"2026-02-27T00:35:16","guid":{"rendered":"https:\/\/nordicmart.andreevmaster.com\/product\/concorde-modellflygplan-i-metall-flygikon-con\/"},"modified":"2026-02-27T08:24:52","modified_gmt":"2026-02-27T08:24:52","slug":"concorde-modellflygplan-i-metall-flygikon-con","status":"publish","type":"product","link":"https:\/\/nordicmart.andreevmaster.com\/sv\/produkt\/concorde-modellflygplan-i-metall-flygikon-con\/","title":{"rendered":"Concorde-modellflygplan i metall \u2013 flygikon \u2013 CON"},"content":{"rendered":"<p>Concorde-modellflygplan i metall \u2013 flygikon \u2013 CON&nbsp;&nbsp;Denna metallmodell av Concorde-flygplanet, den legendariska supersoniska maskinen, \u00e4r den perfekta presenten f\u00f6r den ivrige flygintresserade.&nbsp;Det turbindrivna passagerarflygplanet Concorde anses av m\u00e5nga vara en ikon inom flyget. Det slog hastighetsrekord: fr\u00e5n London Heathrow till New York JFK fl\u00f6g det p\u00e5 2 timmar 52 minuter och 59 sekunder, och cirkulerade jorden runt p\u00e5 mindre \u00e4n 33 timmar (med mellanlandningar). Concorde s\u00e5gs som ett prestigefyllt transportmedel f\u00f6r de rikaste, men tack vare charterflyg kunde \u00e4ven medelinkomsttagare g\u00f6ra en enkelresa. Efter kraschen av flight 4590 den 25 juli 2000 och ekonomiska problem togs Concorde ur trafik 2003. Denna moderna, minimalistiska Concorde-modell \u00e4r en utm\u00e4rkt present till flygintresserade. &nbsp;&nbsp;Produktinformation:&nbsp;Material: aluminium M\u00e5tt: 31 x 12 x 13 cm F\u00e4rg: silver Elegant, silverf\u00e4rgat stativ&nbsp;<\/p>\n","protected":false},"excerpt":{"rendered":"<p>Concorde-modellflygplan i metall \u2013 flygikon \u2013 CON&nbsp;&nbsp;Denna metallmodell av Concorde-flygplanet, den legendariska supersoniska maskinen, \u00e4r den perfekta presenten f\u00f6r den ivrige flygintresserade.&nbsp;Det turbindrivna passagerarflygplanet Concorde anses av m\u00e5nga vara en ikon inom flyget. Det slog hastighetsrekord: fr\u00e5n London Heathrow till New York JFK fl\u00f6g det p\u00e5 2 timmar 52 minuter och 59 sekunder, och cirkulerade [&hellip;]<\/p>\n","protected":false},"featured_media":44843,"comment_status":"open","ping_status":"closed","template":"","meta":[],"product_brand":[],"product_cat":[33],"product_tag":[],"class_list":{"0":"post-17489","1":"product","2":"type-product","3":"status-publish","4":"has-post-thumbnail","6":"product_cat-okategoriserad","8":"first","9":"instock","10":"shipping-taxable","11":"purchasable","12":"product-type-simple"},"_links":{"self":[{"href":"https:\/\/nordicmart.andreevmaster.com\/sv\/wp-json\/wp\/v2\/product\/17489","targetHints":{"allow":["GET"]}}],"collection":[{"href":"https:\/\/nordicmart.andreevmaster.com\/sv\/wp-json\/wp\/v2\/product"}],"about":[{"href":"https:\/\/nordicmart.andreevmaster.com\/sv\/wp-json\/wp\/v2\/types\/product"}],"replies":[{"embeddable":true,"href":"https:\/\/nordicmart.andreevmaster.com\/sv\/wp-json\/wp\/v2\/comments?post=17489"}],"wp:featuredmedia":[{"embeddable":true,"href":"https:\/\/nordicmart.andreevmaster.com\/sv\/wp-json\/wp\/v2\/media\/44843"}],"wp:attachment":[{"href":"https:\/\/nordicmart.andreevmaster.com\/sv\/wp-json\/wp\/v2\/media?parent=17489"}],"wp:term":[{"taxonomy":"product_brand","embeddable":true,"href":"https:\/\/nordicmart.andreevmaster.com\/sv\/wp-json\/wp\/v2\/product_brand?post=17489"},{"taxonomy":"product_cat","embeddable":true,"href":"https:\/\/nordicmart.andreevmaster.com\/sv\/wp-json\/wp\/v2\/product_cat?post=17489"},{"taxonomy":"product_tag","embeddable":true,"href":"https:\/\/nordicmart.andreevmaster.com\/sv\/wp-json\/wp\/v2\/product_tag?post=17489"}],"curies":[{"name":"wp","href":"https:\/\/api.w.org\/{rel}","templated":true}]}}