{"id":17488,"date":"2026-02-27T00:35:16","date_gmt":"2026-02-27T00:35:16","guid":{"rendered":"https:\/\/nordicmart.andreevmaster.com\/product\/enmotorigt-modellflygplan-i-metall-n-0896\/"},"modified":"2026-02-27T08:24:51","modified_gmt":"2026-02-27T08:24:51","slug":"enmotorigt-modellflygplan-i-metall-n-0896","status":"publish","type":"product","link":"https:\/\/nordicmart.andreevmaster.com\/sv\/produkt\/enmotorigt-modellflygplan-i-metall-n-0896\/","title":{"rendered":"Enmotorigt modellflygplan i metall \u2013 N-0896"},"content":{"rendered":"<p>Enmotorigt modellflygplan i metall \u2013 N-0896&nbsp;&nbsp;Modellflygplanet i metall \u00e4r en utm\u00e4rkt present till en nyutexaminerad pilot. Det dekorativa modellflygplanet blir ett vackert minne. Flygplansfiguren kommer ocks\u00e5 att gl\u00e4dja flygintresserade. &nbsp;Tack vare modellens bas ser flygplanet ut som om det flyger. Den moderna, diskreta formen p\u00e5 det enmotoriga flygplanet passar b\u00e5de industriella och kontorsinredningar. &nbsp;Det kommer att pryda ett skrivbord, en \u00f6ppen spis och en byr\u00e5.&nbsp;Produktinformation:&nbsp;Material: aluminium M\u00e5tt: 17 x 14 x 11 cm F\u00e4rg: silver St\u00e4ll p\u00e5 basen&nbsp;&nbsp;<\/p>\n","protected":false},"excerpt":{"rendered":"<p>Enmotorigt modellflygplan i metall \u2013 N-0896&nbsp;&nbsp;Modellflygplanet i metall \u00e4r en utm\u00e4rkt present till en nyutexaminerad pilot. Det dekorativa modellflygplanet blir ett vackert minne. Flygplansfiguren kommer ocks\u00e5 att gl\u00e4dja flygintresserade. &nbsp;Tack vare modellens bas ser flygplanet ut som om det flyger. Den moderna, diskreta formen p\u00e5 det enmotoriga flygplanet passar b\u00e5de industriella och kontorsinredningar. &nbsp;Det kommer [&hellip;]<\/p>\n","protected":false},"featured_media":44842,"comment_status":"open","ping_status":"closed","template":"","meta":[],"product_brand":[],"product_cat":[33],"product_tag":[],"class_list":{"0":"post-17488","1":"product","2":"type-product","3":"status-publish","4":"has-post-thumbnail","6":"product_cat-okategoriserad","8":"first","9":"instock","10":"shipping-taxable","11":"purchasable","12":"product-type-simple"},"_links":{"self":[{"href":"https:\/\/nordicmart.andreevmaster.com\/sv\/wp-json\/wp\/v2\/product\/17488","targetHints":{"allow":["GET"]}}],"collection":[{"href":"https:\/\/nordicmart.andreevmaster.com\/sv\/wp-json\/wp\/v2\/product"}],"about":[{"href":"https:\/\/nordicmart.andreevmaster.com\/sv\/wp-json\/wp\/v2\/types\/product"}],"replies":[{"embeddable":true,"href":"https:\/\/nordicmart.andreevmaster.com\/sv\/wp-json\/wp\/v2\/comments?post=17488"}],"wp:featuredmedia":[{"embeddable":true,"href":"https:\/\/nordicmart.andreevmaster.com\/sv\/wp-json\/wp\/v2\/media\/44842"}],"wp:attachment":[{"href":"https:\/\/nordicmart.andreevmaster.com\/sv\/wp-json\/wp\/v2\/media?parent=17488"}],"wp:term":[{"taxonomy":"product_brand","embeddable":true,"href":"https:\/\/nordicmart.andreevmaster.com\/sv\/wp-json\/wp\/v2\/product_brand?post=17488"},{"taxonomy":"product_cat","embeddable":true,"href":"https:\/\/nordicmart.andreevmaster.com\/sv\/wp-json\/wp\/v2\/product_cat?post=17488"},{"taxonomy":"product_tag","embeddable":true,"href":"https:\/\/nordicmart.andreevmaster.com\/sv\/wp-json\/wp\/v2\/product_tag?post=17488"}],"curies":[{"name":"wp","href":"https:\/\/api.w.org\/{rel}","templated":true}]}}