{"id":17487,"date":"2026-02-27T00:35:15","date_gmt":"2026-02-27T00:35:15","guid":{"rendered":"https:\/\/nordicmart.andreevmaster.com\/product\/flashminne-16-gb-och-powerbank-2600-mah-i-en-lada-pdpb\/"},"modified":"2026-02-27T08:24:51","modified_gmt":"2026-02-27T08:24:51","slug":"flashminne-16-gb-och-powerbank-2600-mah-i-en-lada-pdpb","status":"publish","type":"product","link":"https:\/\/nordicmart.andreevmaster.com\/sv\/produkt\/flashminne-16-gb-och-powerbank-2600-mah-i-en-lada-pdpb\/","title":{"rendered":"Flashminne 16 GB och powerbank 2600 mAh i en l\u00e5da PDPB"},"content":{"rendered":"<p>USB-minne 16 GB och powerbank 2600 mAh i en l\u00e5da PDPB &nbsp;Aff\u00e4rsset: USB-minne 16 GB och powerbank 2600 mAh i en l\u00e5da PDPB passar perfekt som present till en anst\u00e4lld eller aff\u00e4rskund. De eleganta enheterna i en tr\u00e4l\u00e5da \u00e4r praktiska prylar som kan anv\u00e4ndas p\u00e5 kontoret och p\u00e5 aff\u00e4rsresor. Flashminnet i tr\u00e4 med en kapacitet p\u00e5 16 GB kan f\u00e4stas p\u00e5 en nyckelring. Flashminnets ing\u00e5ng \u00e4r skyddad med en tr\u00e4plugg.&nbsp;Powerbanken p\u00e5 2600 mAh kan anv\u00e4ndas upp till 3 laddningar. En powerbank \u00e4r en elektronisk gadget som kan r\u00e4dda dig n\u00e4r batteriet i din telefon \u00e4r p\u00e5 v\u00e4g att ta slut. USB-minnet och powerbanken levereras i en elegant svart kartong med en svamp f\u00f6r f\u00f6rvaring av enheterna. USB-minnets specifikationer: \u2022 Kapacitet: 16 GB \u2022 Gr\u00e4nssnitt: USB \u2022 H\u00f6lje: tr\u00e4, metall \u2022 F\u00e4rg: ljusbrun&bull;M\u00e5tt:&nbsp;Powerbanks specifikationer:&nbsp;&bull; Antal portar: 2&bull; Nominell kapacitet [mAh]: 2600 mAh&bull; Material: metall, tr\u00e4&bull; F\u00e4rg: ljusbrun&bull; M\u00e5tt:&nbsp;F\u00f6rpackning:&nbsp;&bull; Svart kartong&bull; Svamp&bull; M\u00e5tt:&nbsp;<\/p>\n","protected":false},"excerpt":{"rendered":"<p>USB-minne 16 GB och powerbank 2600 mAh i en l\u00e5da PDPB &nbsp;Aff\u00e4rsset: USB-minne 16 GB och powerbank 2600 mAh i en l\u00e5da PDPB passar perfekt som present till en anst\u00e4lld eller aff\u00e4rskund. De eleganta enheterna i en tr\u00e4l\u00e5da \u00e4r praktiska prylar som kan anv\u00e4ndas p\u00e5 kontoret och p\u00e5 aff\u00e4rsresor. Flashminnet i tr\u00e4 med en kapacitet [&hellip;]<\/p>\n","protected":false},"featured_media":0,"comment_status":"open","ping_status":"closed","template":"","meta":[],"product_brand":[],"product_cat":[33],"product_tag":[],"class_list":{"0":"post-17487","1":"product","2":"type-product","3":"status-publish","5":"product_cat-okategoriserad","7":"first","8":"instock","9":"shipping-taxable","10":"purchasable","11":"product-type-simple"},"_links":{"self":[{"href":"https:\/\/nordicmart.andreevmaster.com\/sv\/wp-json\/wp\/v2\/product\/17487","targetHints":{"allow":["GET"]}}],"collection":[{"href":"https:\/\/nordicmart.andreevmaster.com\/sv\/wp-json\/wp\/v2\/product"}],"about":[{"href":"https:\/\/nordicmart.andreevmaster.com\/sv\/wp-json\/wp\/v2\/types\/product"}],"replies":[{"embeddable":true,"href":"https:\/\/nordicmart.andreevmaster.com\/sv\/wp-json\/wp\/v2\/comments?post=17487"}],"wp:attachment":[{"href":"https:\/\/nordicmart.andreevmaster.com\/sv\/wp-json\/wp\/v2\/media?parent=17487"}],"wp:term":[{"taxonomy":"product_brand","embeddable":true,"href":"https:\/\/nordicmart.andreevmaster.com\/sv\/wp-json\/wp\/v2\/product_brand?post=17487"},{"taxonomy":"product_cat","embeddable":true,"href":"https:\/\/nordicmart.andreevmaster.com\/sv\/wp-json\/wp\/v2\/product_cat?post=17487"},{"taxonomy":"product_tag","embeddable":true,"href":"https:\/\/nordicmart.andreevmaster.com\/sv\/wp-json\/wp\/v2\/product_tag?post=17487"}],"curies":[{"name":"wp","href":"https:\/\/api.w.org\/{rel}","templated":true}]}}