{"id":17486,"date":"2026-02-27T00:35:15","date_gmt":"2026-02-27T00:35:15","guid":{"rendered":"https:\/\/nordicmart.andreevmaster.com\/product\/elegant-4-delat-vinset-g196\/"},"modified":"2026-02-27T08:24:51","modified_gmt":"2026-02-27T08:24:51","slug":"elegant-4-delat-vinset-g196","status":"publish","type":"product","link":"https:\/\/nordicmart.andreevmaster.com\/sv\/produkt\/elegant-4-delat-vinset-g196\/","title":{"rendered":"Elegant 4-delat vinset \u2013 G196"},"content":{"rendered":"<p>Elegant 4-delat vinset \u2013 G196&nbsp;&nbsp;Inuti denna eleganta tr\u00e4flaska finns vintillbeh\u00f6r: en korkskruv med propp, en extra propp, en flaskunderl\u00e4gg och en flaskhalsring \u2013 det perfekta tillbeh\u00f6ret f\u00f6r en hembar. Tillbeh\u00f6ren \u00e4r tillverkade av rostfritt st\u00e5l och \u00e4r silverpl\u00e4terade. Varje del har sin egen plats inuti flaskf\u00f6rpackningen. F\u00f6r att g\u00f6ra det enkelt att ta ut tillbeh\u00f6ren \u00e4r varje del inf\u00e4lld i formen. Setet \u00e4r f\u00f6rpackat i en estetisk l\u00e5da av vit kartong med kritfinish.&nbsp;&nbsp;Produktinformation:&nbsp;M\u00e5tt: 29,7 cm x 17 cm x 5,5 cmMaterial: Tillbeh\u00f6r: silverpl\u00e4terat rostfritt st\u00e5l; F\u00f6rpackning: tr\u00e4 (flaskformad); L\u00e5da: vit, kritf\u00e4rgad kartong. Setets inneh\u00e5ll: Korkskruv med flaskpropp Extra propp Flaskunderl\u00e4gg Flaskhalsring&nbsp;Varf\u00f6r \u00e4r det v\u00e4rt det?&nbsp;Elegant f\u00f6rpackning: Varje del har sin egen plats i f\u00f6rpackningen. Komplett 4-i-1-set: Setet inneh\u00e5ller alla tillbeh\u00f6r som beh\u00f6vs f\u00f6r att njuta av vin till fullo: en korkskruv med flaskpropp, en extra propp, en flaskunderl\u00e4gg och en droppring f\u00f6r flaskhalsen. H\u00f6gkvalitativa material: Tillbeh\u00f6ren \u00e4r tillverkade av rostfritt st\u00e5l och \u00e4r silverpl\u00e4terade, vilket ger dem ett elegant utseende och garanterar h\u00e5llbarhet.M\u00e5ngsidig present: Detta eleganta set \u00e4r en utm\u00e4rkt present till en vin\u00e4lskare, en present till kvinnodagen eller en present till din chef. Det \u00e4r en perfekt presentid\u00e9 f\u00f6r alla tillf\u00e4llen. Praktiskt och funktionellt: Detta set \u00e4r den perfekta utrustningen f\u00f6r hemmabaren och \u00e4r ett m\u00e5ste f\u00f6r professionell vinservering.<\/p>\n","protected":false},"excerpt":{"rendered":"<p>Elegant 4-delat vinset \u2013 G196&nbsp;&nbsp;Inuti denna eleganta tr\u00e4flaska finns vintillbeh\u00f6r: en korkskruv med propp, en extra propp, en flaskunderl\u00e4gg och en flaskhalsring \u2013 det perfekta tillbeh\u00f6ret f\u00f6r en hembar. Tillbeh\u00f6ren \u00e4r tillverkade av rostfritt st\u00e5l och \u00e4r silverpl\u00e4terade. Varje del har sin egen plats inuti flaskf\u00f6rpackningen. F\u00f6r att g\u00f6ra det enkelt att ta ut tillbeh\u00f6ren [&hellip;]<\/p>\n","protected":false},"featured_media":44841,"comment_status":"open","ping_status":"closed","template":"","meta":[],"product_brand":[],"product_cat":[33],"product_tag":[],"class_list":{"0":"post-17486","1":"product","2":"type-product","3":"status-publish","4":"has-post-thumbnail","6":"product_cat-okategoriserad","8":"first","9":"instock","10":"shipping-taxable","11":"purchasable","12":"product-type-simple"},"_links":{"self":[{"href":"https:\/\/nordicmart.andreevmaster.com\/sv\/wp-json\/wp\/v2\/product\/17486","targetHints":{"allow":["GET"]}}],"collection":[{"href":"https:\/\/nordicmart.andreevmaster.com\/sv\/wp-json\/wp\/v2\/product"}],"about":[{"href":"https:\/\/nordicmart.andreevmaster.com\/sv\/wp-json\/wp\/v2\/types\/product"}],"replies":[{"embeddable":true,"href":"https:\/\/nordicmart.andreevmaster.com\/sv\/wp-json\/wp\/v2\/comments?post=17486"}],"wp:featuredmedia":[{"embeddable":true,"href":"https:\/\/nordicmart.andreevmaster.com\/sv\/wp-json\/wp\/v2\/media\/44841"}],"wp:attachment":[{"href":"https:\/\/nordicmart.andreevmaster.com\/sv\/wp-json\/wp\/v2\/media?parent=17486"}],"wp:term":[{"taxonomy":"product_brand","embeddable":true,"href":"https:\/\/nordicmart.andreevmaster.com\/sv\/wp-json\/wp\/v2\/product_brand?post=17486"},{"taxonomy":"product_cat","embeddable":true,"href":"https:\/\/nordicmart.andreevmaster.com\/sv\/wp-json\/wp\/v2\/product_cat?post=17486"},{"taxonomy":"product_tag","embeddable":true,"href":"https:\/\/nordicmart.andreevmaster.com\/sv\/wp-json\/wp\/v2\/product_tag?post=17486"}],"curies":[{"name":"wp","href":"https:\/\/api.w.org\/{rel}","templated":true}]}}