{"id":17485,"date":"2026-02-27T00:35:15","date_gmt":"2026-02-27T00:35:15","guid":{"rendered":"https:\/\/nordicmart.andreevmaster.com\/product\/exklusivt-2-delat-golfpresentpaket-g032\/"},"modified":"2026-02-27T08:24:51","modified_gmt":"2026-02-27T08:24:51","slug":"exklusivt-2-delat-golfpresentpaket-g032","status":"publish","type":"product","link":"https:\/\/nordicmart.andreevmaster.com\/sv\/produkt\/exklusivt-2-delat-golfpresentpaket-g032\/","title":{"rendered":"Exklusivt 2-delat golfpresentpaket | G032"},"content":{"rendered":"<p>Golf \u2013 tv\u00e5delat presentpaket \u2013 present till golfare \u2013 G032&nbsp;&nbsp;Letar du efter den perfekta presenten till en golf\u00e4lskare? Setet G032 \u00e4r en succ\u00e9! Elegant och praktiskt, det kommer s\u00e4kert att gl\u00e4dja alla fans av denna sport.&nbsp;&nbsp;Setet best\u00e5r av tv\u00e5 delar:&nbsp;Nyckelring i form av en halv golfboll med klocka. Klockan \u00f6ppnas med knappen p\u00e5 sidan av enheten. Metallgaffel f\u00f6r att lyfta bollar (s\u00e5 kallad fork) med tr\u00e4\u00f6verdel.&nbsp;&nbsp;Hela setet \u00e4r f\u00f6rpackat i en elegant tr\u00e4l\u00e5da med halvcirkelformad lock och kr\u00e4mf\u00e4rgad list.&nbsp;Setet G032 \u00e4r en perfekt presentid\u00e9 f\u00f6r alla golfare, oavsett niv\u00e5. Det \u00e4r ocks\u00e5 en smakfull dekoration p\u00e5 skrivbordet f\u00f6r alla sportfantaster.&nbsp;&nbsp;Produktinformation:&nbsp;M\u00e5tt: 21 x 12 x 4 cmMaterial: tr\u00e4, metallSetet inneh\u00e5ller: en nyckelring med klocka, en gaffel f\u00f6r att lyfta bollar, en tr\u00e4l\u00e5da&nbsp;&nbsp;Golf \u00e4r en av v\u00e4rldens mest popul\u00e4ra sporter. Det \u00e4r en sport f\u00f6r m\u00e4nniskor i alla \u00e5ldrar och med olika fysisk kondition. Golf kr\u00e4ver precision, fokus och strategi, vilket g\u00f6r det till en extremt beroendeframkallande disciplin.&nbsp;<\/p>\n","protected":false},"excerpt":{"rendered":"<p>Golf \u2013 tv\u00e5delat presentpaket \u2013 present till golfare \u2013 G032&nbsp;&nbsp;Letar du efter den perfekta presenten till en golf\u00e4lskare? Setet G032 \u00e4r en succ\u00e9! Elegant och praktiskt, det kommer s\u00e4kert att gl\u00e4dja alla fans av denna sport.&nbsp;&nbsp;Setet best\u00e5r av tv\u00e5 delar:&nbsp;Nyckelring i form av en halv golfboll med klocka. Klockan \u00f6ppnas med knappen p\u00e5 sidan av [&hellip;]<\/p>\n","protected":false},"featured_media":44840,"comment_status":"open","ping_status":"closed","template":"","meta":[],"product_brand":[],"product_cat":[33],"product_tag":[],"class_list":{"0":"post-17485","1":"product","2":"type-product","3":"status-publish","4":"has-post-thumbnail","6":"product_cat-okategoriserad","8":"first","9":"instock","10":"shipping-taxable","11":"purchasable","12":"product-type-simple"},"_links":{"self":[{"href":"https:\/\/nordicmart.andreevmaster.com\/sv\/wp-json\/wp\/v2\/product\/17485","targetHints":{"allow":["GET"]}}],"collection":[{"href":"https:\/\/nordicmart.andreevmaster.com\/sv\/wp-json\/wp\/v2\/product"}],"about":[{"href":"https:\/\/nordicmart.andreevmaster.com\/sv\/wp-json\/wp\/v2\/types\/product"}],"replies":[{"embeddable":true,"href":"https:\/\/nordicmart.andreevmaster.com\/sv\/wp-json\/wp\/v2\/comments?post=17485"}],"wp:featuredmedia":[{"embeddable":true,"href":"https:\/\/nordicmart.andreevmaster.com\/sv\/wp-json\/wp\/v2\/media\/44840"}],"wp:attachment":[{"href":"https:\/\/nordicmart.andreevmaster.com\/sv\/wp-json\/wp\/v2\/media?parent=17485"}],"wp:term":[{"taxonomy":"product_brand","embeddable":true,"href":"https:\/\/nordicmart.andreevmaster.com\/sv\/wp-json\/wp\/v2\/product_brand?post=17485"},{"taxonomy":"product_cat","embeddable":true,"href":"https:\/\/nordicmart.andreevmaster.com\/sv\/wp-json\/wp\/v2\/product_cat?post=17485"},{"taxonomy":"product_tag","embeddable":true,"href":"https:\/\/nordicmart.andreevmaster.com\/sv\/wp-json\/wp\/v2\/product_tag?post=17485"}],"curies":[{"name":"wp","href":"https:\/\/api.w.org\/{rel}","templated":true}]}}