{"id":17484,"date":"2026-02-27T00:35:15","date_gmt":"2026-02-27T00:35:15","guid":{"rendered":"https:\/\/nordicmart.andreevmaster.com\/product\/turistkompass-antik-finish-nc2884\/"},"modified":"2026-02-27T08:24:50","modified_gmt":"2026-02-27T08:24:50","slug":"turistkompass-antik-finish-nc2884","status":"publish","type":"product","link":"https:\/\/nordicmart.andreevmaster.com\/sv\/produkt\/turistkompass-antik-finish-nc2884\/","title":{"rendered":"Turistkompass antik finish NC2884"},"content":{"rendered":"<p>Turistkompass antik finish NC2884Den perfekta f\u00f6ljeslagaren f\u00f6r varje resa och ett oers\u00e4ttligt alternativ till en felaktig GPS \u2013 en turistkompass underl\u00e4ttar effektiv navigering i f\u00e4lt och kartl\u00e4sning. Tack vare den kan du enkelt best\u00e4mma v\u00e4derstrecken under dina resor. En turistkompass \u00e4r anv\u00e4ndbar f\u00f6r scouter, svampplockare och alla som ibland avviker fr\u00e5n stigen.&nbsp;Kompassen i m\u00e4ssingsfodralet har en antik finish. Den har ett l\u00e5sbart lock som skyddar glaset fr\u00e5n att g\u00e5 s\u00f6nder. Perfekt f\u00f6r gravering. En magnetisk n\u00e5l med r\u00f6d spets pekar mot norr. Kompassen har en krok f\u00f6r att f\u00e4sta en kedja.&nbsp;Turistkompass antik finish NC2884 Specifikation:&nbsp;&bull; M\u00e5tt: 6 x 5 x 1,75 cm&bull; Material: m\u00e4ssing&bull; F\u00e4rg: antik m\u00e4ssing, brun&bull; Magnetisk n\u00e5l: med en r\u00f6d spets som pekar mot norr&nbsp;Turistkompass NC2884 \u00e4r perfekt som:&nbsp;&bull; En present till svampplockaren&bull; En present till vandraren&bull; En pryl f\u00f6r resen\u00e4ren&bull; En m\u00e5ste-ha-pryl f\u00f6r vandringsleden&bull; En present till scouten&nbsp;&nbsp;<\/p>\n","protected":false},"excerpt":{"rendered":"<p>Turistkompass antik finish NC2884Den perfekta f\u00f6ljeslagaren f\u00f6r varje resa och ett oers\u00e4ttligt alternativ till en felaktig GPS \u2013 en turistkompass underl\u00e4ttar effektiv navigering i f\u00e4lt och kartl\u00e4sning. Tack vare den kan du enkelt best\u00e4mma v\u00e4derstrecken under dina resor. En turistkompass \u00e4r anv\u00e4ndbar f\u00f6r scouter, svampplockare och alla som ibland avviker fr\u00e5n stigen.&nbsp;Kompassen i m\u00e4ssingsfodralet har [&hellip;]<\/p>\n","protected":false},"featured_media":44839,"comment_status":"open","ping_status":"closed","template":"","meta":[],"product_brand":[],"product_cat":[33],"product_tag":[],"class_list":{"0":"post-17484","1":"product","2":"type-product","3":"status-publish","4":"has-post-thumbnail","6":"product_cat-okategoriserad","8":"first","9":"instock","10":"shipping-taxable","11":"purchasable","12":"product-type-simple"},"_links":{"self":[{"href":"https:\/\/nordicmart.andreevmaster.com\/sv\/wp-json\/wp\/v2\/product\/17484","targetHints":{"allow":["GET"]}}],"collection":[{"href":"https:\/\/nordicmart.andreevmaster.com\/sv\/wp-json\/wp\/v2\/product"}],"about":[{"href":"https:\/\/nordicmart.andreevmaster.com\/sv\/wp-json\/wp\/v2\/types\/product"}],"replies":[{"embeddable":true,"href":"https:\/\/nordicmart.andreevmaster.com\/sv\/wp-json\/wp\/v2\/comments?post=17484"}],"wp:featuredmedia":[{"embeddable":true,"href":"https:\/\/nordicmart.andreevmaster.com\/sv\/wp-json\/wp\/v2\/media\/44839"}],"wp:attachment":[{"href":"https:\/\/nordicmart.andreevmaster.com\/sv\/wp-json\/wp\/v2\/media?parent=17484"}],"wp:term":[{"taxonomy":"product_brand","embeddable":true,"href":"https:\/\/nordicmart.andreevmaster.com\/sv\/wp-json\/wp\/v2\/product_brand?post=17484"},{"taxonomy":"product_cat","embeddable":true,"href":"https:\/\/nordicmart.andreevmaster.com\/sv\/wp-json\/wp\/v2\/product_cat?post=17484"},{"taxonomy":"product_tag","embeddable":true,"href":"https:\/\/nordicmart.andreevmaster.com\/sv\/wp-json\/wp\/v2\/product_tag?post=17484"}],"curies":[{"name":"wp","href":"https:\/\/api.w.org\/{rel}","templated":true}]}}