{"id":17483,"date":"2026-02-27T00:35:14","date_gmt":"2026-02-27T00:35:14","guid":{"rendered":"https:\/\/nordicmart.andreevmaster.com\/product\/love-metallfigur-present-till-alskande-mt2020\/"},"modified":"2026-02-27T08:24:50","modified_gmt":"2026-02-27T08:24:50","slug":"love-metallfigur-present-till-alskande-mt2020","status":"publish","type":"product","link":"https:\/\/nordicmart.andreevmaster.com\/sv\/produkt\/love-metallfigur-present-till-alskande-mt2020\/","title":{"rendered":"Love \u2013 metallfigur \u2013 present till \u00e4lskande MT2020"},"content":{"rendered":"<p>K\u00e4rlek \u2013 metallfigur \u2013 present till \u00e4lskande MT2020&nbsp;&nbsp;K\u00e4rlek \u00e4r en originell dekorativ figur i minimalistisk stil. Den f\u00f6rest\u00e4ller symboliska figurer av kramande \u00e4lskande. Figuren \u00e4r en perfekt dekoration i rum i industriell stil. Love-figuren \u00e4r en tilltalande present till \u00e4lskande, som du kan ge till din partner p\u00e5 Alla hj\u00e4rtans dag eller p\u00e5 \u00e5rsdagen av ert f\u00f6rsta m\u00f6te eller br\u00f6llop.&nbsp;&nbsp;Figurens parametrar:&nbsp;Material: aluminiumF\u00e4rg: m\u00e4ssingM\u00e5tt: 21,5 cm, bredd 10 cm<\/p>\n","protected":false},"excerpt":{"rendered":"<p>K\u00e4rlek \u2013 metallfigur \u2013 present till \u00e4lskande MT2020&nbsp;&nbsp;K\u00e4rlek \u00e4r en originell dekorativ figur i minimalistisk stil. Den f\u00f6rest\u00e4ller symboliska figurer av kramande \u00e4lskande. Figuren \u00e4r en perfekt dekoration i rum i industriell stil. Love-figuren \u00e4r en tilltalande present till \u00e4lskande, som du kan ge till din partner p\u00e5 Alla hj\u00e4rtans dag eller p\u00e5 \u00e5rsdagen av [&hellip;]<\/p>\n","protected":false},"featured_media":0,"comment_status":"open","ping_status":"closed","template":"","meta":[],"product_brand":[],"product_cat":[33],"product_tag":[],"class_list":{"0":"post-17483","1":"product","2":"type-product","3":"status-publish","5":"product_cat-okategoriserad","7":"first","8":"instock","9":"shipping-taxable","10":"purchasable","11":"product-type-simple"},"_links":{"self":[{"href":"https:\/\/nordicmart.andreevmaster.com\/sv\/wp-json\/wp\/v2\/product\/17483","targetHints":{"allow":["GET"]}}],"collection":[{"href":"https:\/\/nordicmart.andreevmaster.com\/sv\/wp-json\/wp\/v2\/product"}],"about":[{"href":"https:\/\/nordicmart.andreevmaster.com\/sv\/wp-json\/wp\/v2\/types\/product"}],"replies":[{"embeddable":true,"href":"https:\/\/nordicmart.andreevmaster.com\/sv\/wp-json\/wp\/v2\/comments?post=17483"}],"wp:attachment":[{"href":"https:\/\/nordicmart.andreevmaster.com\/sv\/wp-json\/wp\/v2\/media?parent=17483"}],"wp:term":[{"taxonomy":"product_brand","embeddable":true,"href":"https:\/\/nordicmart.andreevmaster.com\/sv\/wp-json\/wp\/v2\/product_brand?post=17483"},{"taxonomy":"product_cat","embeddable":true,"href":"https:\/\/nordicmart.andreevmaster.com\/sv\/wp-json\/wp\/v2\/product_cat?post=17483"},{"taxonomy":"product_tag","embeddable":true,"href":"https:\/\/nordicmart.andreevmaster.com\/sv\/wp-json\/wp\/v2\/product_tag?post=17483"}],"curies":[{"name":"wp","href":"https:\/\/api.w.org\/{rel}","templated":true}]}}