{"id":17482,"date":"2026-02-27T00:35:14","date_gmt":"2026-02-27T00:35:14","guid":{"rendered":"https:\/\/nordicmart.andreevmaster.com\/product\/cykelfigur-mt209\/"},"modified":"2026-02-27T08:24:50","modified_gmt":"2026-02-27T08:24:50","slug":"cykelfigur-mt209","status":"publish","type":"product","link":"https:\/\/nordicmart.andreevmaster.com\/sv\/produkt\/cykelfigur-mt209\/","title":{"rendered":"Cykelfigur MT209"},"content":{"rendered":"<p>Cykelfigur MT209&nbsp;Cykeln som transportmedel f\u00e5r allt fler anh\u00e4ngare runt om i v\u00e4rlden. Antalet fans av cykelresor forts\u00e4tter att v\u00e4xa. Letar du efter en intressant present till cykel\u00e4lskare? Cykelstatyett \u00e4r en utm\u00e4rkt present till cyklister och cykelturister. Cykelstatyetten \u00e4r tillverkad av metall. Den f\u00f6rest\u00e4ller en gammal stadscykel med ett b\u00f6jt hjul. Cykelstatyetten \u00e4r i m\u00e4ssingsf\u00e4rg och blir en originell dekoration p\u00e5 en cyklists hylla eller skrivbord.&nbsp;Statyns parametrar:&nbsp;&bull; Material: metall&bull; F\u00e4rg: m\u00e4ssing&bull; M\u00e5tt: H. 18 cm, L. 23,5 cm, D. 8 cm&nbsp;Cykelstatyn passar perfekt som:&nbsp;&bull; Present till en cyklist&bull; Dekoration p\u00e5 skrivbordet f\u00f6r en cykelentusiast&bull; Dekoration i en cykelverkstad &nbsp;<\/p>\n","protected":false},"excerpt":{"rendered":"<p>Cykelfigur MT209&nbsp;Cykeln som transportmedel f\u00e5r allt fler anh\u00e4ngare runt om i v\u00e4rlden. Antalet fans av cykelresor forts\u00e4tter att v\u00e4xa. Letar du efter en intressant present till cykel\u00e4lskare? Cykelstatyett \u00e4r en utm\u00e4rkt present till cyklister och cykelturister. Cykelstatyetten \u00e4r tillverkad av metall. Den f\u00f6rest\u00e4ller en gammal stadscykel med ett b\u00f6jt hjul. Cykelstatyetten \u00e4r i m\u00e4ssingsf\u00e4rg och [&hellip;]<\/p>\n","protected":false},"featured_media":44838,"comment_status":"open","ping_status":"closed","template":"","meta":[],"product_brand":[],"product_cat":[33],"product_tag":[],"class_list":{"0":"post-17482","1":"product","2":"type-product","3":"status-publish","4":"has-post-thumbnail","6":"product_cat-okategoriserad","8":"first","9":"instock","10":"shipping-taxable","11":"purchasable","12":"product-type-simple"},"_links":{"self":[{"href":"https:\/\/nordicmart.andreevmaster.com\/sv\/wp-json\/wp\/v2\/product\/17482","targetHints":{"allow":["GET"]}}],"collection":[{"href":"https:\/\/nordicmart.andreevmaster.com\/sv\/wp-json\/wp\/v2\/product"}],"about":[{"href":"https:\/\/nordicmart.andreevmaster.com\/sv\/wp-json\/wp\/v2\/types\/product"}],"replies":[{"embeddable":true,"href":"https:\/\/nordicmart.andreevmaster.com\/sv\/wp-json\/wp\/v2\/comments?post=17482"}],"wp:featuredmedia":[{"embeddable":true,"href":"https:\/\/nordicmart.andreevmaster.com\/sv\/wp-json\/wp\/v2\/media\/44838"}],"wp:attachment":[{"href":"https:\/\/nordicmart.andreevmaster.com\/sv\/wp-json\/wp\/v2\/media?parent=17482"}],"wp:term":[{"taxonomy":"product_brand","embeddable":true,"href":"https:\/\/nordicmart.andreevmaster.com\/sv\/wp-json\/wp\/v2\/product_brand?post=17482"},{"taxonomy":"product_cat","embeddable":true,"href":"https:\/\/nordicmart.andreevmaster.com\/sv\/wp-json\/wp\/v2\/product_cat?post=17482"},{"taxonomy":"product_tag","embeddable":true,"href":"https:\/\/nordicmart.andreevmaster.com\/sv\/wp-json\/wp\/v2\/product_tag?post=17482"}],"curies":[{"name":"wp","href":"https:\/\/api.w.org\/{rel}","templated":true}]}}