{"id":17481,"date":"2026-02-27T00:35:14","date_gmt":"2026-02-27T00:35:14","guid":{"rendered":"https:\/\/nordicmart.andreevmaster.com\/product\/nyckelring-i-kork-mt2016\/"},"modified":"2026-02-27T08:24:50","modified_gmt":"2026-02-27T08:24:50","slug":"nyckelring-i-kork-mt2016","status":"publish","type":"product","link":"https:\/\/nordicmart.andreevmaster.com\/sv\/produkt\/nyckelring-i-kork-mt2016\/","title":{"rendered":"Nyckelring i kork \u2013 MT2016"},"content":{"rendered":"<p>Nyckelring i kork \u2013 MT2016&nbsp;&nbsp;&nbsp;Letar du efter en praktisk och snygg nyckelring? Korknyckelring \u00e4r det perfekta valet f\u00f6r alla som uppskattar enkelhet och funktionalitet. Den \u00e4r tillverkad av naturkork, \u00e4r l\u00e4tt, h\u00e5llbar och behaglig att ta i.&nbsp;&nbsp;&nbsp;Varf\u00f6r v\u00e4lja en korkh\u00e4ngare?&nbsp;Den sjunker inte! &#8211; Perfekt f\u00f6r strandn\u00e4ra milj\u00f6er, seglare och vattensportentusiaster.Bekv\u00e4m och praktisk \u2013 l\u00e4tt att f\u00e4sta p\u00e5 nycklar, ryggs\u00e4ck eller v\u00e4ska. Milj\u00f6v\u00e4nlig \u2013 kork \u00e4r ett naturligt och f\u00f6rnybart material.&nbsp;Korkh\u00e4nget \u00e4r ocks\u00e5 en utm\u00e4rkt presentid\u00e9 f\u00f6r alla som uppskattar praktiska och originella prylar.&nbsp;&nbsp;Den passar perfekt som:&nbsp;Present till en seglareMarin presentKomplement till en semesterupps\u00e4ttningLiten gest till en n\u00e4ra och k\u00e4r&nbsp;<\/p>\n","protected":false},"excerpt":{"rendered":"<p>Nyckelring i kork \u2013 MT2016&nbsp;&nbsp;&nbsp;Letar du efter en praktisk och snygg nyckelring? Korknyckelring \u00e4r det perfekta valet f\u00f6r alla som uppskattar enkelhet och funktionalitet. Den \u00e4r tillverkad av naturkork, \u00e4r l\u00e4tt, h\u00e5llbar och behaglig att ta i.&nbsp;&nbsp;&nbsp;Varf\u00f6r v\u00e4lja en korkh\u00e4ngare?&nbsp;Den sjunker inte! &#8211; Perfekt f\u00f6r strandn\u00e4ra milj\u00f6er, seglare och vattensportentusiaster.Bekv\u00e4m och praktisk \u2013 l\u00e4tt att [&hellip;]<\/p>\n","protected":false},"featured_media":44837,"comment_status":"open","ping_status":"closed","template":"","meta":[],"product_brand":[],"product_cat":[33],"product_tag":[],"class_list":{"0":"post-17481","1":"product","2":"type-product","3":"status-publish","4":"has-post-thumbnail","6":"product_cat-okategoriserad","8":"first","9":"instock","10":"shipping-taxable","11":"purchasable","12":"product-type-simple"},"_links":{"self":[{"href":"https:\/\/nordicmart.andreevmaster.com\/sv\/wp-json\/wp\/v2\/product\/17481","targetHints":{"allow":["GET"]}}],"collection":[{"href":"https:\/\/nordicmart.andreevmaster.com\/sv\/wp-json\/wp\/v2\/product"}],"about":[{"href":"https:\/\/nordicmart.andreevmaster.com\/sv\/wp-json\/wp\/v2\/types\/product"}],"replies":[{"embeddable":true,"href":"https:\/\/nordicmart.andreevmaster.com\/sv\/wp-json\/wp\/v2\/comments?post=17481"}],"wp:featuredmedia":[{"embeddable":true,"href":"https:\/\/nordicmart.andreevmaster.com\/sv\/wp-json\/wp\/v2\/media\/44837"}],"wp:attachment":[{"href":"https:\/\/nordicmart.andreevmaster.com\/sv\/wp-json\/wp\/v2\/media?parent=17481"}],"wp:term":[{"taxonomy":"product_brand","embeddable":true,"href":"https:\/\/nordicmart.andreevmaster.com\/sv\/wp-json\/wp\/v2\/product_brand?post=17481"},{"taxonomy":"product_cat","embeddable":true,"href":"https:\/\/nordicmart.andreevmaster.com\/sv\/wp-json\/wp\/v2\/product_cat?post=17481"},{"taxonomy":"product_tag","embeddable":true,"href":"https:\/\/nordicmart.andreevmaster.com\/sv\/wp-json\/wp\/v2\/product_tag?post=17481"}],"curies":[{"name":"wp","href":"https:\/\/api.w.org\/{rel}","templated":true}]}}