{"id":17480,"date":"2026-02-27T00:35:14","date_gmt":"2026-02-27T00:35:14","guid":{"rendered":"https:\/\/nordicmart.andreevmaster.com\/product\/smartphone-stativ-ankare-mt201\/"},"modified":"2026-02-27T08:24:50","modified_gmt":"2026-02-27T08:24:50","slug":"smartphone-stativ-ankare-mt201","status":"publish","type":"product","link":"https:\/\/nordicmart.andreevmaster.com\/sv\/produkt\/smartphone-stativ-ankare-mt201\/","title":{"rendered":"Smartphone-stativ \u2013 Ankare \u2013 MT201"},"content":{"rendered":"<p>Anchor smartphone-stativ MT201&nbsp;&nbsp;Anchor-format smartphone-stativ \u00e4r en anv\u00e4ndbar gadget som \u00e4r s\u00e4rskilt praktisk vid videosamtal och n\u00e4r man tittar p\u00e5 filmer och serier. Det \u00e4r en liten present till en sj\u00f6man. Det \u00e4r en anv\u00e4ndbar dekoration i marin stil f\u00f6r yachtkaptenens skrivbord. Telefonst\u00e4llet \u00e4r tillverkat av metall.&nbsp;&nbsp;St\u00e4llets parametrar:&nbsp;Material: metallF\u00e4rg: silver, guldM\u00e5tt: h\u00f6jd 25 cm, bredd 16 cm&nbsp;&nbsp;<\/p>\n","protected":false},"excerpt":{"rendered":"<p>Anchor smartphone-stativ MT201&nbsp;&nbsp;Anchor-format smartphone-stativ \u00e4r en anv\u00e4ndbar gadget som \u00e4r s\u00e4rskilt praktisk vid videosamtal och n\u00e4r man tittar p\u00e5 filmer och serier. Det \u00e4r en liten present till en sj\u00f6man. Det \u00e4r en anv\u00e4ndbar dekoration i marin stil f\u00f6r yachtkaptenens skrivbord. Telefonst\u00e4llet \u00e4r tillverkat av metall.&nbsp;&nbsp;St\u00e4llets parametrar:&nbsp;Material: metallF\u00e4rg: silver, guldM\u00e5tt: h\u00f6jd 25 cm, bredd 16 [&hellip;]<\/p>\n","protected":false},"featured_media":44836,"comment_status":"open","ping_status":"closed","template":"","meta":[],"product_brand":[],"product_cat":[33],"product_tag":[],"class_list":{"0":"post-17480","1":"product","2":"type-product","3":"status-publish","4":"has-post-thumbnail","6":"product_cat-okategoriserad","8":"first","9":"instock","10":"shipping-taxable","11":"purchasable","12":"product-type-simple"},"_links":{"self":[{"href":"https:\/\/nordicmart.andreevmaster.com\/sv\/wp-json\/wp\/v2\/product\/17480","targetHints":{"allow":["GET"]}}],"collection":[{"href":"https:\/\/nordicmart.andreevmaster.com\/sv\/wp-json\/wp\/v2\/product"}],"about":[{"href":"https:\/\/nordicmart.andreevmaster.com\/sv\/wp-json\/wp\/v2\/types\/product"}],"replies":[{"embeddable":true,"href":"https:\/\/nordicmart.andreevmaster.com\/sv\/wp-json\/wp\/v2\/comments?post=17480"}],"wp:featuredmedia":[{"embeddable":true,"href":"https:\/\/nordicmart.andreevmaster.com\/sv\/wp-json\/wp\/v2\/media\/44836"}],"wp:attachment":[{"href":"https:\/\/nordicmart.andreevmaster.com\/sv\/wp-json\/wp\/v2\/media?parent=17480"}],"wp:term":[{"taxonomy":"product_brand","embeddable":true,"href":"https:\/\/nordicmart.andreevmaster.com\/sv\/wp-json\/wp\/v2\/product_brand?post=17480"},{"taxonomy":"product_cat","embeddable":true,"href":"https:\/\/nordicmart.andreevmaster.com\/sv\/wp-json\/wp\/v2\/product_cat?post=17480"},{"taxonomy":"product_tag","embeddable":true,"href":"https:\/\/nordicmart.andreevmaster.com\/sv\/wp-json\/wp\/v2\/product_tag?post=17480"}],"curies":[{"name":"wp","href":"https:\/\/api.w.org\/{rel}","templated":true}]}}