{"id":17479,"date":"2026-02-27T00:35:13","date_gmt":"2026-02-27T00:35:13","guid":{"rendered":"https:\/\/nordicmart.andreevmaster.com\/product\/bokstodglob-nc2677c\/"},"modified":"2026-02-27T08:24:49","modified_gmt":"2026-02-27T08:24:49","slug":"bokstodglob-nc2677c","status":"publish","type":"product","link":"https:\/\/nordicmart.andreevmaster.com\/sv\/produkt\/bokstodglob-nc2677c\/","title":{"rendered":"Bokst\u00f6dglob &#8211; NC2677C"},"content":{"rendered":"<p>Eleganta bokst\u00f6dglob &#8211; Bokst\u00f6d &#8211; NC2677C&nbsp;&nbsp;&nbsp;Bokst\u00f6dglob \u00e4r inte bara ett praktiskt s\u00e4tt att f\u00f6rvara dina b\u00f6cker p\u00e5 ett s\u00e4kert s\u00e4tt, utan ocks\u00e5 ett unikt dekorativt element. Deras unika design passar b\u00e5de moderna och klassiska interi\u00f6rer och tillf\u00f6r subtil charm och elegans.&nbsp;Detta \u00e4r en bra presentid\u00e9 f\u00f6r resen\u00e4rer, l\u00e4sare och entusiaster av originella dekorationer.&nbsp;&nbsp;Produktinformation:&nbsp;Bredd 15,0 cm Djup 11,5 cm H\u00f6jd 17,5 cm Tr\u00e4st\u00f6d Plastklot Elegant dekorativt inslag<\/p>\n","protected":false},"excerpt":{"rendered":"<p>Eleganta bokst\u00f6dglob &#8211; Bokst\u00f6d &#8211; NC2677C&nbsp;&nbsp;&nbsp;Bokst\u00f6dglob \u00e4r inte bara ett praktiskt s\u00e4tt att f\u00f6rvara dina b\u00f6cker p\u00e5 ett s\u00e4kert s\u00e4tt, utan ocks\u00e5 ett unikt dekorativt element. Deras unika design passar b\u00e5de moderna och klassiska interi\u00f6rer och tillf\u00f6r subtil charm och elegans.&nbsp;Detta \u00e4r en bra presentid\u00e9 f\u00f6r resen\u00e4rer, l\u00e4sare och entusiaster av originella dekorationer.&nbsp;&nbsp;Produktinformation:&nbsp;Bredd 15,0 cm [&hellip;]<\/p>\n","protected":false},"featured_media":44835,"comment_status":"open","ping_status":"closed","template":"","meta":[],"product_brand":[],"product_cat":[33],"product_tag":[],"class_list":{"0":"post-17479","1":"product","2":"type-product","3":"status-publish","4":"has-post-thumbnail","6":"product_cat-okategoriserad","8":"first","9":"instock","10":"shipping-taxable","11":"purchasable","12":"product-type-simple"},"_links":{"self":[{"href":"https:\/\/nordicmart.andreevmaster.com\/sv\/wp-json\/wp\/v2\/product\/17479","targetHints":{"allow":["GET"]}}],"collection":[{"href":"https:\/\/nordicmart.andreevmaster.com\/sv\/wp-json\/wp\/v2\/product"}],"about":[{"href":"https:\/\/nordicmart.andreevmaster.com\/sv\/wp-json\/wp\/v2\/types\/product"}],"replies":[{"embeddable":true,"href":"https:\/\/nordicmart.andreevmaster.com\/sv\/wp-json\/wp\/v2\/comments?post=17479"}],"wp:featuredmedia":[{"embeddable":true,"href":"https:\/\/nordicmart.andreevmaster.com\/sv\/wp-json\/wp\/v2\/media\/44835"}],"wp:attachment":[{"href":"https:\/\/nordicmart.andreevmaster.com\/sv\/wp-json\/wp\/v2\/media?parent=17479"}],"wp:term":[{"taxonomy":"product_brand","embeddable":true,"href":"https:\/\/nordicmart.andreevmaster.com\/sv\/wp-json\/wp\/v2\/product_brand?post=17479"},{"taxonomy":"product_cat","embeddable":true,"href":"https:\/\/nordicmart.andreevmaster.com\/sv\/wp-json\/wp\/v2\/product_cat?post=17479"},{"taxonomy":"product_tag","embeddable":true,"href":"https:\/\/nordicmart.andreevmaster.com\/sv\/wp-json\/wp\/v2\/product_tag?post=17479"}],"curies":[{"name":"wp","href":"https:\/\/api.w.org\/{rel}","templated":true}]}}