{"id":17478,"date":"2026-02-27T00:35:13","date_gmt":"2026-02-27T00:35:13","guid":{"rendered":"https:\/\/nordicmart.andreevmaster.com\/product\/marin-skrivbordsklocka-nc2963\/"},"modified":"2026-02-27T08:24:49","modified_gmt":"2026-02-27T08:24:49","slug":"marin-skrivbordsklocka-nc2963","status":"publish","type":"product","link":"https:\/\/nordicmart.andreevmaster.com\/sv\/produkt\/marin-skrivbordsklocka-nc2963\/","title":{"rendered":"Marin skrivbordsklocka NC2963"},"content":{"rendered":"<p>Marin skrivbordsklocka NC2963&nbsp;&nbsp;Den marina skrivbordsklockan \u00e4r en pryl som passar perfekt i interi\u00f6rer i nautisk stil. Urtavlan med en dekorativ vindros kommer att vinna hj\u00e4rtat hos reslystna globetrotters. Detsamma g\u00e4ller v\u00e4rldskartan p\u00e5 klockans baksida. Klockan kommer att tilltala m\u00e4nniskor som har en stark koppling till segling.&nbsp;Den kulformade klockan \u00e4r placerad i en m\u00e4ssingsbas i guld. De svarta inskriptionerna och visarna kontrasterar v\u00e4l mot klockans vita urtavla. Urtavlan \u00e4r dekorerad med en vindros. P\u00e5 baksidan av klockan finns en svartvit v\u00e4rldskarta.&nbsp;&nbsp;Produktinformation:&nbsp;Material: m\u00e4ssing, glasM\u00e5tt: H\u00f6jd 11 cm x Bredd 9,5 cm x Djup 5 cmF\u00e4rg: guldurtavla: vit med svart vindrosBokst\u00e4ver: svartaVisare: svartaSvartvit v\u00e4rldskarta p\u00e5 baksidanDrivning: batteri&nbsp;<\/p>\n","protected":false},"excerpt":{"rendered":"<p>Marin skrivbordsklocka NC2963&nbsp;&nbsp;Den marina skrivbordsklockan \u00e4r en pryl som passar perfekt i interi\u00f6rer i nautisk stil. Urtavlan med en dekorativ vindros kommer att vinna hj\u00e4rtat hos reslystna globetrotters. Detsamma g\u00e4ller v\u00e4rldskartan p\u00e5 klockans baksida. Klockan kommer att tilltala m\u00e4nniskor som har en stark koppling till segling.&nbsp;Den kulformade klockan \u00e4r placerad i en m\u00e4ssingsbas i guld. [&hellip;]<\/p>\n","protected":false},"featured_media":44834,"comment_status":"open","ping_status":"closed","template":"","meta":[],"product_brand":[],"product_cat":[33],"product_tag":[],"class_list":{"0":"post-17478","1":"product","2":"type-product","3":"status-publish","4":"has-post-thumbnail","6":"product_cat-okategoriserad","8":"first","9":"instock","10":"shipping-taxable","11":"purchasable","12":"product-type-simple"},"_links":{"self":[{"href":"https:\/\/nordicmart.andreevmaster.com\/sv\/wp-json\/wp\/v2\/product\/17478","targetHints":{"allow":["GET"]}}],"collection":[{"href":"https:\/\/nordicmart.andreevmaster.com\/sv\/wp-json\/wp\/v2\/product"}],"about":[{"href":"https:\/\/nordicmart.andreevmaster.com\/sv\/wp-json\/wp\/v2\/types\/product"}],"replies":[{"embeddable":true,"href":"https:\/\/nordicmart.andreevmaster.com\/sv\/wp-json\/wp\/v2\/comments?post=17478"}],"wp:featuredmedia":[{"embeddable":true,"href":"https:\/\/nordicmart.andreevmaster.com\/sv\/wp-json\/wp\/v2\/media\/44834"}],"wp:attachment":[{"href":"https:\/\/nordicmart.andreevmaster.com\/sv\/wp-json\/wp\/v2\/media?parent=17478"}],"wp:term":[{"taxonomy":"product_brand","embeddable":true,"href":"https:\/\/nordicmart.andreevmaster.com\/sv\/wp-json\/wp\/v2\/product_brand?post=17478"},{"taxonomy":"product_cat","embeddable":true,"href":"https:\/\/nordicmart.andreevmaster.com\/sv\/wp-json\/wp\/v2\/product_cat?post=17478"},{"taxonomy":"product_tag","embeddable":true,"href":"https:\/\/nordicmart.andreevmaster.com\/sv\/wp-json\/wp\/v2\/product_tag?post=17478"}],"curies":[{"name":"wp","href":"https:\/\/api.w.org\/{rel}","templated":true}]}}