{"id":17477,"date":"2026-02-27T00:35:13","date_gmt":"2026-02-27T00:35:13","guid":{"rendered":"https:\/\/nordicmart.andreevmaster.com\/product\/silvery-compass-sundial-nc1028-2\/"},"modified":"2026-02-27T08:24:49","modified_gmt":"2026-02-27T08:24:49","slug":"silvery-compass-sundial-nc1028-2","status":"publish","type":"product","link":"https:\/\/nordicmart.andreevmaster.com\/sv\/produkt\/silvery-compass-sundial-nc1028-2\/","title":{"rendered":"Silvery Compass Sundial | NC1028"},"content":{"rendered":"<p>Silvery Compass Sundial &#8211; NC1028&nbsp;&nbsp;Silvery solur med kompass &#8211; modell NC1028. Tillverkad av m\u00e4ssing i silverf\u00e4rg. Kompassn\u00e5len \u00e4r svart med en r\u00f6d spets. Det presenterade soluret kallas Dollonds solur. Tack vare kompassen \u00e4r det m\u00f6jligt att placera enheten i nord-sydlig riktning. N\u00e4r gnomonen lyfts till vertikalt l\u00e4ge \u2013 en triangul\u00e4r, r\u00f6rlig indikator p\u00e5 toppen \u2013 kastar solens str\u00e5lar en skugga p\u00e5 enhetens yttre urtavla, d\u00e4r timmarna \u00e4r markerade. Du kan d\u00e5 avl\u00e4sa aktuell tid.&nbsp;En utm\u00e4rkt present till seglings- och sj\u00f6fartsentusiaster. Ett intressant dekorativt element f\u00f6r skrivbordet. Den passar perfekt i moderna och koloniala interi\u00f6rer.&nbsp;&nbsp;M\u00e5tt: &nbsp;Diameter 4,5 cmL\u00e4ngd med stift 6,5 cm&nbsp;&nbsp;<\/p>\n","protected":false},"excerpt":{"rendered":"<p>Silvery Compass Sundial &#8211; NC1028&nbsp;&nbsp;Silvery solur med kompass &#8211; modell NC1028. Tillverkad av m\u00e4ssing i silverf\u00e4rg. Kompassn\u00e5len \u00e4r svart med en r\u00f6d spets. Det presenterade soluret kallas Dollonds solur. Tack vare kompassen \u00e4r det m\u00f6jligt att placera enheten i nord-sydlig riktning. N\u00e4r gnomonen lyfts till vertikalt l\u00e4ge \u2013 en triangul\u00e4r, r\u00f6rlig indikator p\u00e5 toppen \u2013 [&hellip;]<\/p>\n","protected":false},"featured_media":44833,"comment_status":"open","ping_status":"closed","template":"","meta":[],"product_brand":[],"product_cat":[33],"product_tag":[],"class_list":{"0":"post-17477","1":"product","2":"type-product","3":"status-publish","4":"has-post-thumbnail","6":"product_cat-okategoriserad","8":"first","9":"instock","10":"shipping-taxable","11":"purchasable","12":"product-type-simple"},"_links":{"self":[{"href":"https:\/\/nordicmart.andreevmaster.com\/sv\/wp-json\/wp\/v2\/product\/17477","targetHints":{"allow":["GET"]}}],"collection":[{"href":"https:\/\/nordicmart.andreevmaster.com\/sv\/wp-json\/wp\/v2\/product"}],"about":[{"href":"https:\/\/nordicmart.andreevmaster.com\/sv\/wp-json\/wp\/v2\/types\/product"}],"replies":[{"embeddable":true,"href":"https:\/\/nordicmart.andreevmaster.com\/sv\/wp-json\/wp\/v2\/comments?post=17477"}],"wp:featuredmedia":[{"embeddable":true,"href":"https:\/\/nordicmart.andreevmaster.com\/sv\/wp-json\/wp\/v2\/media\/44833"}],"wp:attachment":[{"href":"https:\/\/nordicmart.andreevmaster.com\/sv\/wp-json\/wp\/v2\/media?parent=17477"}],"wp:term":[{"taxonomy":"product_brand","embeddable":true,"href":"https:\/\/nordicmart.andreevmaster.com\/sv\/wp-json\/wp\/v2\/product_brand?post=17477"},{"taxonomy":"product_cat","embeddable":true,"href":"https:\/\/nordicmart.andreevmaster.com\/sv\/wp-json\/wp\/v2\/product_cat?post=17477"},{"taxonomy":"product_tag","embeddable":true,"href":"https:\/\/nordicmart.andreevmaster.com\/sv\/wp-json\/wp\/v2\/product_tag?post=17477"}],"curies":[{"name":"wp","href":"https:\/\/api.w.org\/{rel}","templated":true}]}}