{"id":17476,"date":"2026-02-27T00:35:13","date_gmt":"2026-02-27T00:35:13","guid":{"rendered":"https:\/\/nordicmart.andreevmaster.com\/product\/massingskompass-med-flytande-skold-nc1609\/"},"modified":"2026-02-27T08:24:49","modified_gmt":"2026-02-27T08:24:49","slug":"massingskompass-med-flytande-skold-nc1609","status":"publish","type":"product","link":"https:\/\/nordicmart.andreevmaster.com\/sv\/produkt\/massingskompass-med-flytande-skold-nc1609\/","title":{"rendered":"M\u00e4ssingskompass med flytande sk\u00f6ld | NC1609"},"content":{"rendered":"<p>M\u00e4ssingskompass med flytande kompassskiva NC1609&nbsp;&nbsp;M\u00e4ssingskompass med flytande kompassskiva \u00e4r en elegant gadget i nautisk stil som ger rummet en maritim touch. Den funktionella kompassen, d\u00e4r kompassskivan sj\u00e4lv fungerar som magnetn\u00e5l, \u00e4r ett intressant alternativ till vanliga kompasser. Kompassskivan \u00e4r fritt upph\u00e4ngd, vilket g\u00f6r att den ser ut att sv\u00e4va.&nbsp;Kompassen \u00e4r en vacker present till en styrman, kapten eller sj\u00f6man. Den kan ocks\u00e5 fungera som en ovanlig brevpress. Det \u00e4r ett unikt dekorativt element som passar bra i rum i nautisk, kolonial eller vintage stil.&nbsp;&nbsp;Produktinformation:&nbsp;Material: m\u00e4ssing, glas.M\u00e5tt: 5,90 x 5,90 x 3 cm F\u00e4rg: brun Skivans f\u00e4rg: nyanser av brunt och beige Dekorativ skiva Magnetisk n\u00e5l: fritt h\u00e4ngande kompassskiva fungerar som en n\u00e5l. Kompassen passar bra som: Present till en sj\u00f6man Present till en skeppare Gadget i maritim stil En intressant brevpress Dekoration i vintage-stil &nbsp;<\/p>\n","protected":false},"excerpt":{"rendered":"<p>M\u00e4ssingskompass med flytande kompassskiva NC1609&nbsp;&nbsp;M\u00e4ssingskompass med flytande kompassskiva \u00e4r en elegant gadget i nautisk stil som ger rummet en maritim touch. Den funktionella kompassen, d\u00e4r kompassskivan sj\u00e4lv fungerar som magnetn\u00e5l, \u00e4r ett intressant alternativ till vanliga kompasser. Kompassskivan \u00e4r fritt upph\u00e4ngd, vilket g\u00f6r att den ser ut att sv\u00e4va.&nbsp;Kompassen \u00e4r en vacker present till en [&hellip;]<\/p>\n","protected":false},"featured_media":44832,"comment_status":"open","ping_status":"closed","template":"","meta":[],"product_brand":[],"product_cat":[33],"product_tag":[],"class_list":{"0":"post-17476","1":"product","2":"type-product","3":"status-publish","4":"has-post-thumbnail","6":"product_cat-okategoriserad","8":"first","9":"instock","10":"shipping-taxable","11":"purchasable","12":"product-type-simple"},"_links":{"self":[{"href":"https:\/\/nordicmart.andreevmaster.com\/sv\/wp-json\/wp\/v2\/product\/17476","targetHints":{"allow":["GET"]}}],"collection":[{"href":"https:\/\/nordicmart.andreevmaster.com\/sv\/wp-json\/wp\/v2\/product"}],"about":[{"href":"https:\/\/nordicmart.andreevmaster.com\/sv\/wp-json\/wp\/v2\/types\/product"}],"replies":[{"embeddable":true,"href":"https:\/\/nordicmart.andreevmaster.com\/sv\/wp-json\/wp\/v2\/comments?post=17476"}],"wp:featuredmedia":[{"embeddable":true,"href":"https:\/\/nordicmart.andreevmaster.com\/sv\/wp-json\/wp\/v2\/media\/44832"}],"wp:attachment":[{"href":"https:\/\/nordicmart.andreevmaster.com\/sv\/wp-json\/wp\/v2\/media?parent=17476"}],"wp:term":[{"taxonomy":"product_brand","embeddable":true,"href":"https:\/\/nordicmart.andreevmaster.com\/sv\/wp-json\/wp\/v2\/product_brand?post=17476"},{"taxonomy":"product_cat","embeddable":true,"href":"https:\/\/nordicmart.andreevmaster.com\/sv\/wp-json\/wp\/v2\/product_cat?post=17476"},{"taxonomy":"product_tag","embeddable":true,"href":"https:\/\/nordicmart.andreevmaster.com\/sv\/wp-json\/wp\/v2\/product_tag?post=17476"}],"curies":[{"name":"wp","href":"https:\/\/api.w.org\/{rel}","templated":true}]}}