{"id":17475,"date":"2026-02-27T00:35:12","date_gmt":"2026-02-27T00:35:12","guid":{"rendered":"https:\/\/nordicmart.andreevmaster.com\/product\/linsformad-kompass-i-massing-nc2511\/"},"modified":"2026-02-27T08:24:49","modified_gmt":"2026-02-27T08:24:49","slug":"linsformad-kompass-i-massing-nc2511","status":"publish","type":"product","link":"https:\/\/nordicmart.andreevmaster.com\/sv\/produkt\/linsformad-kompass-i-massing-nc2511\/","title":{"rendered":"Linsformad kompass i m\u00e4ssing \u2013 NC2511"},"content":{"rendered":"<p>Linsformad kompass i m\u00e4ssing \u2013 NC2511&nbsp;&nbsp;&nbsp;Den stora linsformade kompassen \u00e4r en utm\u00e4rkt skrivbordsdekoration f\u00f6r alla resen\u00e4rer. Den passar perfekt som dekoration i en stuga eller ett rum inrett i maritim stil. Kompassen fungerar ocks\u00e5 utm\u00e4rkt som en intressant brevpress. &nbsp;Kompassen \u00e4r fullt fungerande. Instrumentet \u00e4r en replika av en brittisk kompass fr\u00e5n 1941 av H. Hughes. Kompasshuset \u00e4r tillverkat av m\u00e4ssing. P\u00e5 basen finns ett vackert ordspr\u00e5k: &quot;En resa p\u00e5 tusen mil b\u00f6rjar med ett enda steg&quot;. &#8211; &quot;En resa p\u00e5 tusen mil b\u00f6rjar med ett f\u00f6rsta steg&quot;. Anv\u00e4ndningen av en lins ger intrycket att skalan \u00e4r neds\u00e4nkt i v\u00e4tska. Kompassens urtavla fungerar som en magnetisk n\u00e5l.&nbsp;&nbsp;Produktinformation:&nbsp;&nbsp;M\u00e5tt: 8 x 8 x 2,70 cmMaterial: m\u00e4ssing, glasF\u00e4rg: m\u00e4ssing, svart, beigeMagnetisk n\u00e5l: rollen spelas av kompassens urtavlaInskriptioner: svart&nbsp;&nbsp;<\/p>\n","protected":false},"excerpt":{"rendered":"<p>Linsformad kompass i m\u00e4ssing \u2013 NC2511&nbsp;&nbsp;&nbsp;Den stora linsformade kompassen \u00e4r en utm\u00e4rkt skrivbordsdekoration f\u00f6r alla resen\u00e4rer. Den passar perfekt som dekoration i en stuga eller ett rum inrett i maritim stil. Kompassen fungerar ocks\u00e5 utm\u00e4rkt som en intressant brevpress. &nbsp;Kompassen \u00e4r fullt fungerande. Instrumentet \u00e4r en replika av en brittisk kompass fr\u00e5n 1941 av H. [&hellip;]<\/p>\n","protected":false},"featured_media":44831,"comment_status":"open","ping_status":"closed","template":"","meta":[],"product_brand":[],"product_cat":[33],"product_tag":[],"class_list":{"0":"post-17475","1":"product","2":"type-product","3":"status-publish","4":"has-post-thumbnail","6":"product_cat-okategoriserad","8":"first","9":"instock","10":"shipping-taxable","11":"purchasable","12":"product-type-simple"},"_links":{"self":[{"href":"https:\/\/nordicmart.andreevmaster.com\/sv\/wp-json\/wp\/v2\/product\/17475","targetHints":{"allow":["GET"]}}],"collection":[{"href":"https:\/\/nordicmart.andreevmaster.com\/sv\/wp-json\/wp\/v2\/product"}],"about":[{"href":"https:\/\/nordicmart.andreevmaster.com\/sv\/wp-json\/wp\/v2\/types\/product"}],"replies":[{"embeddable":true,"href":"https:\/\/nordicmart.andreevmaster.com\/sv\/wp-json\/wp\/v2\/comments?post=17475"}],"wp:featuredmedia":[{"embeddable":true,"href":"https:\/\/nordicmart.andreevmaster.com\/sv\/wp-json\/wp\/v2\/media\/44831"}],"wp:attachment":[{"href":"https:\/\/nordicmart.andreevmaster.com\/sv\/wp-json\/wp\/v2\/media?parent=17475"}],"wp:term":[{"taxonomy":"product_brand","embeddable":true,"href":"https:\/\/nordicmart.andreevmaster.com\/sv\/wp-json\/wp\/v2\/product_brand?post=17475"},{"taxonomy":"product_cat","embeddable":true,"href":"https:\/\/nordicmart.andreevmaster.com\/sv\/wp-json\/wp\/v2\/product_cat?post=17475"},{"taxonomy":"product_tag","embeddable":true,"href":"https:\/\/nordicmart.andreevmaster.com\/sv\/wp-json\/wp\/v2\/product_tag?post=17475"}],"curies":[{"name":"wp","href":"https:\/\/api.w.org\/{rel}","templated":true}]}}