{"id":17474,"date":"2026-02-27T00:35:12","date_gmt":"2026-02-27T00:35:12","guid":{"rendered":"https:\/\/nordicmart.andreevmaster.com\/product\/lentikularkompass-massing-och-glas-nc2119\/"},"modified":"2026-02-27T08:24:48","modified_gmt":"2026-02-27T08:24:48","slug":"lentikularkompass-massing-och-glas-nc2119","status":"publish","type":"product","link":"https:\/\/nordicmart.andreevmaster.com\/sv\/produkt\/lentikularkompass-massing-och-glas-nc2119\/","title":{"rendered":"Lentikul\u00e4rkompass \u2013 m\u00e4ssing och glas NC2119"},"content":{"rendered":"<p>Lentikul\u00e4rkompass \u2013 m\u00e4ssing och glas NC2119&nbsp;&nbsp;&nbsp;Lentikul\u00e4rkompass \u00e4r en idealisk dekoration f\u00f6r skrivbordet hos varje rese\u00e4lskare. Den kan fungera som en originell och smakfull brevpress. &quot;Sv\u00e4vande&quot; kompassurtavla ger intrycket av att det finns v\u00e4tska inuti. Kompassen \u00e4r funktionell.&nbsp;Kompassfodralet \u00e4r tillverkat av m\u00e4ssing. Kompassurtavlan befinner sig under en tjock lins som f\u00f6rstorar bilden. Kompassen har ingen n\u00e5l, dess funktion utf\u00f6rs av urtavlan sj\u00e4lv. Urtavlan h\u00e5lls i nyanser av beige, r\u00f6tt och svart. &nbsp; &nbsp;Produktinformation:&nbsp;&nbsp;M\u00e5tt: diameter 6,3 cm, h\u00f6jd 3 cmMaterial: m\u00e4ssing, glasF\u00e4rg: m\u00e4ssing, svart, r\u00f6d, beigeMagnetn\u00e5l: rollen spelas av kompassurtavlan&nbsp;<\/p>\n","protected":false},"excerpt":{"rendered":"<p>Lentikul\u00e4rkompass \u2013 m\u00e4ssing och glas NC2119&nbsp;&nbsp;&nbsp;Lentikul\u00e4rkompass \u00e4r en idealisk dekoration f\u00f6r skrivbordet hos varje rese\u00e4lskare. Den kan fungera som en originell och smakfull brevpress. &quot;Sv\u00e4vande&quot; kompassurtavla ger intrycket av att det finns v\u00e4tska inuti. Kompassen \u00e4r funktionell.&nbsp;Kompassfodralet \u00e4r tillverkat av m\u00e4ssing. Kompassurtavlan befinner sig under en tjock lins som f\u00f6rstorar bilden. Kompassen har ingen n\u00e5l, [&hellip;]<\/p>\n","protected":false},"featured_media":44830,"comment_status":"open","ping_status":"closed","template":"","meta":[],"product_brand":[],"product_cat":[33],"product_tag":[],"class_list":{"0":"post-17474","1":"product","2":"type-product","3":"status-publish","4":"has-post-thumbnail","6":"product_cat-okategoriserad","8":"first","9":"instock","10":"shipping-taxable","11":"purchasable","12":"product-type-simple"},"_links":{"self":[{"href":"https:\/\/nordicmart.andreevmaster.com\/sv\/wp-json\/wp\/v2\/product\/17474","targetHints":{"allow":["GET"]}}],"collection":[{"href":"https:\/\/nordicmart.andreevmaster.com\/sv\/wp-json\/wp\/v2\/product"}],"about":[{"href":"https:\/\/nordicmart.andreevmaster.com\/sv\/wp-json\/wp\/v2\/types\/product"}],"replies":[{"embeddable":true,"href":"https:\/\/nordicmart.andreevmaster.com\/sv\/wp-json\/wp\/v2\/comments?post=17474"}],"wp:featuredmedia":[{"embeddable":true,"href":"https:\/\/nordicmart.andreevmaster.com\/sv\/wp-json\/wp\/v2\/media\/44830"}],"wp:attachment":[{"href":"https:\/\/nordicmart.andreevmaster.com\/sv\/wp-json\/wp\/v2\/media?parent=17474"}],"wp:term":[{"taxonomy":"product_brand","embeddable":true,"href":"https:\/\/nordicmart.andreevmaster.com\/sv\/wp-json\/wp\/v2\/product_brand?post=17474"},{"taxonomy":"product_cat","embeddable":true,"href":"https:\/\/nordicmart.andreevmaster.com\/sv\/wp-json\/wp\/v2\/product_cat?post=17474"},{"taxonomy":"product_tag","embeddable":true,"href":"https:\/\/nordicmart.andreevmaster.com\/sv\/wp-json\/wp\/v2\/product_tag?post=17474"}],"curies":[{"name":"wp","href":"https:\/\/api.w.org\/{rel}","templated":true}]}}