{"id":17472,"date":"2026-02-27T00:35:12","date_gmt":"2026-02-27T00:35:12","guid":{"rendered":"https:\/\/nordicmart.andreevmaster.com\/product\/liten-dykarhjalm-med-klocka-nc1220\/"},"modified":"2026-02-27T08:24:48","modified_gmt":"2026-02-27T08:24:48","slug":"liten-dykarhjalm-med-klocka-nc1220","status":"publish","type":"product","link":"https:\/\/nordicmart.andreevmaster.com\/sv\/produkt\/liten-dykarhjalm-med-klocka-nc1220\/","title":{"rendered":"Liten dykarhj\u00e4lm med klocka NC1220"},"content":{"rendered":"<p>Liten dykarhj\u00e4lm med klocka NC1220 &nbsp;&nbsp;Liten dykarhj\u00e4lm med klocka \u00e4r en charmig dekoration som kommer att tilltala alla som \u00e4lskar undervattensutforskning. En liten bordsur ger arbetsplatsen en maritim pr\u00e4gel och understryker \u00e4garens k\u00e4rlek till dykning. En dekorativ dykarhj\u00e4lm \u00e4r en utm\u00e4rkt present till en dykare, en entusiast av havsklimat och undervattensv\u00e4rlden.&nbsp;Dykarhj\u00e4lmen \u00e4r tillverkad av tr\u00e4 och m\u00e4ssing. I st\u00e4llet f\u00f6r det fr\u00e4mre f\u00f6nstret finns en klocka med vit urtavla, svarta siffror och guldf\u00e4rgade visare. P\u00e5 toppen av hj\u00e4lmen finns en liten kompass.&nbsp;&nbsp;Produktinformation:&nbsp;&nbsp;Material: tr\u00e4, m\u00e4ssing, glasM\u00e5tt: 10 x 9,5 x 11,5 cmF\u00e4rg: brun, m\u00e4ssing&nbsp;<\/p>\n","protected":false},"excerpt":{"rendered":"<p>Liten dykarhj\u00e4lm med klocka NC1220 &nbsp;&nbsp;Liten dykarhj\u00e4lm med klocka \u00e4r en charmig dekoration som kommer att tilltala alla som \u00e4lskar undervattensutforskning. En liten bordsur ger arbetsplatsen en maritim pr\u00e4gel och understryker \u00e4garens k\u00e4rlek till dykning. En dekorativ dykarhj\u00e4lm \u00e4r en utm\u00e4rkt present till en dykare, en entusiast av havsklimat och undervattensv\u00e4rlden.&nbsp;Dykarhj\u00e4lmen \u00e4r tillverkad av tr\u00e4 [&hellip;]<\/p>\n","protected":false},"featured_media":44828,"comment_status":"open","ping_status":"closed","template":"","meta":[],"product_brand":[],"product_cat":[33],"product_tag":[],"class_list":{"0":"post-17472","1":"product","2":"type-product","3":"status-publish","4":"has-post-thumbnail","6":"product_cat-okategoriserad","8":"first","9":"instock","10":"shipping-taxable","11":"purchasable","12":"product-type-simple"},"_links":{"self":[{"href":"https:\/\/nordicmart.andreevmaster.com\/sv\/wp-json\/wp\/v2\/product\/17472","targetHints":{"allow":["GET"]}}],"collection":[{"href":"https:\/\/nordicmart.andreevmaster.com\/sv\/wp-json\/wp\/v2\/product"}],"about":[{"href":"https:\/\/nordicmart.andreevmaster.com\/sv\/wp-json\/wp\/v2\/types\/product"}],"replies":[{"embeddable":true,"href":"https:\/\/nordicmart.andreevmaster.com\/sv\/wp-json\/wp\/v2\/comments?post=17472"}],"wp:featuredmedia":[{"embeddable":true,"href":"https:\/\/nordicmart.andreevmaster.com\/sv\/wp-json\/wp\/v2\/media\/44828"}],"wp:attachment":[{"href":"https:\/\/nordicmart.andreevmaster.com\/sv\/wp-json\/wp\/v2\/media?parent=17472"}],"wp:term":[{"taxonomy":"product_brand","embeddable":true,"href":"https:\/\/nordicmart.andreevmaster.com\/sv\/wp-json\/wp\/v2\/product_brand?post=17472"},{"taxonomy":"product_cat","embeddable":true,"href":"https:\/\/nordicmart.andreevmaster.com\/sv\/wp-json\/wp\/v2\/product_cat?post=17472"},{"taxonomy":"product_tag","embeddable":true,"href":"https:\/\/nordicmart.andreevmaster.com\/sv\/wp-json\/wp\/v2\/product_tag?post=17472"}],"curies":[{"name":"wp","href":"https:\/\/api.w.org\/{rel}","templated":true}]}}