{"id":17471,"date":"2026-02-27T00:35:11","date_gmt":"2026-02-27T00:35:11","guid":{"rendered":"https:\/\/nordicmart.andreevmaster.com\/product\/figur-retro-bike-nc1714\/"},"modified":"2026-02-27T08:24:47","modified_gmt":"2026-02-27T08:24:47","slug":"figur-retro-bike-nc1714","status":"publish","type":"product","link":"https:\/\/nordicmart.andreevmaster.com\/sv\/produkt\/figur-retro-bike-nc1714\/","title":{"rendered":"Figur Retro Bike NC1714"},"content":{"rendered":"<p>Figur Retro Bike NC1714&nbsp;&nbsp;Figuren Retro Bike \u00e4r en presentid\u00e9 f\u00f6r cyklister och fans av detta ekologiska transportmedel. Den passar bra som dekoration i en cykelverkstad.&nbsp;Modellen f\u00f6rest\u00e4ller en stadscykel. Ratten och framhjulet \u00e4r r\u00f6rliga. Retro Bike-figuren \u00e4r tillverkad av metall. Handtagen och sadeln \u00e4r av tr\u00e4. Figuren har ett antikt utseende. Den \u00e4r en perfekt dekoration i rum med klassisk och modern stil.&nbsp;&nbsp;Produktinformation:&nbsp;Material: metall, tr\u00e4F\u00e4rg: nyanser av brunt och beigeM\u00e5tt: 35 x 11 x 24,5 cm&nbsp;<\/p>\n","protected":false},"excerpt":{"rendered":"<p>Figur Retro Bike NC1714&nbsp;&nbsp;Figuren Retro Bike \u00e4r en presentid\u00e9 f\u00f6r cyklister och fans av detta ekologiska transportmedel. Den passar bra som dekoration i en cykelverkstad.&nbsp;Modellen f\u00f6rest\u00e4ller en stadscykel. Ratten och framhjulet \u00e4r r\u00f6rliga. Retro Bike-figuren \u00e4r tillverkad av metall. Handtagen och sadeln \u00e4r av tr\u00e4. Figuren har ett antikt utseende. Den \u00e4r en perfekt dekoration [&hellip;]<\/p>\n","protected":false},"featured_media":44827,"comment_status":"open","ping_status":"closed","template":"","meta":[],"product_brand":[],"product_cat":[33],"product_tag":[],"class_list":{"0":"post-17471","1":"product","2":"type-product","3":"status-publish","4":"has-post-thumbnail","6":"product_cat-okategoriserad","8":"first","9":"instock","10":"shipping-taxable","11":"purchasable","12":"product-type-simple"},"_links":{"self":[{"href":"https:\/\/nordicmart.andreevmaster.com\/sv\/wp-json\/wp\/v2\/product\/17471","targetHints":{"allow":["GET"]}}],"collection":[{"href":"https:\/\/nordicmart.andreevmaster.com\/sv\/wp-json\/wp\/v2\/product"}],"about":[{"href":"https:\/\/nordicmart.andreevmaster.com\/sv\/wp-json\/wp\/v2\/types\/product"}],"replies":[{"embeddable":true,"href":"https:\/\/nordicmart.andreevmaster.com\/sv\/wp-json\/wp\/v2\/comments?post=17471"}],"wp:featuredmedia":[{"embeddable":true,"href":"https:\/\/nordicmart.andreevmaster.com\/sv\/wp-json\/wp\/v2\/media\/44827"}],"wp:attachment":[{"href":"https:\/\/nordicmart.andreevmaster.com\/sv\/wp-json\/wp\/v2\/media?parent=17471"}],"wp:term":[{"taxonomy":"product_brand","embeddable":true,"href":"https:\/\/nordicmart.andreevmaster.com\/sv\/wp-json\/wp\/v2\/product_brand?post=17471"},{"taxonomy":"product_cat","embeddable":true,"href":"https:\/\/nordicmart.andreevmaster.com\/sv\/wp-json\/wp\/v2\/product_cat?post=17471"},{"taxonomy":"product_tag","embeddable":true,"href":"https:\/\/nordicmart.andreevmaster.com\/sv\/wp-json\/wp\/v2\/product_tag?post=17471"}],"curies":[{"name":"wp","href":"https:\/\/api.w.org\/{rel}","templated":true}]}}