{"id":17470,"date":"2026-02-27T00:35:11","date_gmt":"2026-02-27T00:35:11","guid":{"rendered":"https:\/\/nordicmart.andreevmaster.com\/product\/biplan-retro-modell-nc1389\/"},"modified":"2026-02-27T08:24:47","modified_gmt":"2026-02-27T08:24:47","slug":"biplan-retro-modell-nc1389","status":"publish","type":"product","link":"https:\/\/nordicmart.andreevmaster.com\/sv\/produkt\/biplan-retro-modell-nc1389\/","title":{"rendered":"Biplan Retro-modell NC1389"},"content":{"rendered":"<p>Biplan Retro-modell NC1389Retro-stil biplan modell \u00e4r en original dekoration f\u00f6r en flyg\u00e4lskares l\u00e4genhet. Biplan figuren \u00e4r en intressant g\u00e5va f\u00f6r en pilot och en fan av flyg.&nbsp;Modellen av biplan flygplan \u00e4r gjord av metall. har f\u00e5tt ett n\u00e5got antikt utseende. Modellen \u00e4r inte en leksak.&nbsp;Biplan \u00e4r en typ av flygplan med tv\u00e5 vingar placerade ovanf\u00f6r varandra. Biplanets utformning var dominerande under f\u00f6rsta v\u00e4rldskriget och p\u00e5 1920-talet, och var ocks\u00e5 vanlig p\u00e5 1930-talet.&nbsp;&nbsp;Produktinformation:&nbsp;Material: metallF\u00e4rg: nyanser av m\u00e4ssingAntikt utseendeM\u00e5tt: 17 x 17,50 x 11,5 cm&nbsp;Den retroinspirerade biplanmodellen passar perfekt som:&nbsp;Present till pilotenPresent till en flygintresseradPersonlig dekoration f\u00f6r en flygplansfantastPresent till flygv\u00e4rdinnan&nbsp;<\/p>\n","protected":false},"excerpt":{"rendered":"<p>Biplan Retro-modell NC1389Retro-stil biplan modell \u00e4r en original dekoration f\u00f6r en flyg\u00e4lskares l\u00e4genhet. Biplan figuren \u00e4r en intressant g\u00e5va f\u00f6r en pilot och en fan av flyg.&nbsp;Modellen av biplan flygplan \u00e4r gjord av metall. har f\u00e5tt ett n\u00e5got antikt utseende. Modellen \u00e4r inte en leksak.&nbsp;Biplan \u00e4r en typ av flygplan med tv\u00e5 vingar placerade ovanf\u00f6r [&hellip;]<\/p>\n","protected":false},"featured_media":44826,"comment_status":"open","ping_status":"closed","template":"","meta":[],"product_brand":[],"product_cat":[33],"product_tag":[],"class_list":{"0":"post-17470","1":"product","2":"type-product","3":"status-publish","4":"has-post-thumbnail","6":"product_cat-okategoriserad","8":"first","9":"instock","10":"shipping-taxable","11":"purchasable","12":"product-type-simple"},"_links":{"self":[{"href":"https:\/\/nordicmart.andreevmaster.com\/sv\/wp-json\/wp\/v2\/product\/17470","targetHints":{"allow":["GET"]}}],"collection":[{"href":"https:\/\/nordicmart.andreevmaster.com\/sv\/wp-json\/wp\/v2\/product"}],"about":[{"href":"https:\/\/nordicmart.andreevmaster.com\/sv\/wp-json\/wp\/v2\/types\/product"}],"replies":[{"embeddable":true,"href":"https:\/\/nordicmart.andreevmaster.com\/sv\/wp-json\/wp\/v2\/comments?post=17470"}],"wp:featuredmedia":[{"embeddable":true,"href":"https:\/\/nordicmart.andreevmaster.com\/sv\/wp-json\/wp\/v2\/media\/44826"}],"wp:attachment":[{"href":"https:\/\/nordicmart.andreevmaster.com\/sv\/wp-json\/wp\/v2\/media?parent=17470"}],"wp:term":[{"taxonomy":"product_brand","embeddable":true,"href":"https:\/\/nordicmart.andreevmaster.com\/sv\/wp-json\/wp\/v2\/product_brand?post=17470"},{"taxonomy":"product_cat","embeddable":true,"href":"https:\/\/nordicmart.andreevmaster.com\/sv\/wp-json\/wp\/v2\/product_cat?post=17470"},{"taxonomy":"product_tag","embeddable":true,"href":"https:\/\/nordicmart.andreevmaster.com\/sv\/wp-json\/wp\/v2\/product_tag?post=17470"}],"curies":[{"name":"wp","href":"https:\/\/api.w.org\/{rel}","templated":true}]}}