{"id":17469,"date":"2026-02-27T00:35:11","date_gmt":"2026-02-27T00:35:11","guid":{"rendered":"https:\/\/nordicmart.andreevmaster.com\/product\/massingsforstoringsglas-och-papperskniv-i-lader-mfpcsol\/"},"modified":"2026-02-27T08:24:47","modified_gmt":"2026-02-27T08:24:47","slug":"massingsforstoringsglas-och-papperskniv-i-lader-mfpcsol","status":"publish","type":"product","link":"https:\/\/nordicmart.andreevmaster.com\/sv\/produkt\/massingsforstoringsglas-och-papperskniv-i-lader-mfpcsol\/","title":{"rendered":"M\u00e4ssingsf\u00f6rstoringsglas och papperskniv i l\u00e4der | MFPCSOL"},"content":{"rendered":"<p>L\u00e4sglas i m\u00e4ssing och papperskniv med l\u00e4derhandtag | MFPCSOL&nbsp;Vi presenterar ett elegant set best\u00e5ende av ett l\u00e4sglas i m\u00e4ssing och en papperskniv. Produkterna ser mycket eleganta ut och passar perfekt som dekorativa inslag p\u00e5 ditt kontor. Med papperskniven kan du enkelt \u00f6ppna kuvert, och med l\u00e4sglaset kan du l\u00e4sa \u00e4ven den minsta texten och arbeta \u00e4nnu mer precist. B\u00e5da produkterna har ett l\u00e4derhandtag, vilket ger dem en kolonial stil och ger ditt kontor en unik karakt\u00e4r.&nbsp;Grundl\u00e4ggande information:F\u00f6rstoringsglasets l\u00e4ngd: 18,5 cmF\u00f6rstoringsglasets diameter: 7,5 cm3x zoomMaterial: M\u00e4ssing, l\u00e4der och glas&nbsp;Produkten levereras i l\u00e5dor, vars pris inte l\u00e4ggs till p\u00e5 grund av n\u00e5gra mindre skador p\u00e5 l\u00e5dorna!&nbsp;&nbsp;<\/p>\n","protected":false},"excerpt":{"rendered":"<p>L\u00e4sglas i m\u00e4ssing och papperskniv med l\u00e4derhandtag | MFPCSOL&nbsp;Vi presenterar ett elegant set best\u00e5ende av ett l\u00e4sglas i m\u00e4ssing och en papperskniv. Produkterna ser mycket eleganta ut och passar perfekt som dekorativa inslag p\u00e5 ditt kontor. Med papperskniven kan du enkelt \u00f6ppna kuvert, och med l\u00e4sglaset kan du l\u00e4sa \u00e4ven den minsta texten och arbeta [&hellip;]<\/p>\n","protected":false},"featured_media":44825,"comment_status":"open","ping_status":"closed","template":"","meta":[],"product_brand":[],"product_cat":[33],"product_tag":[],"class_list":{"0":"post-17469","1":"product","2":"type-product","3":"status-publish","4":"has-post-thumbnail","6":"product_cat-okategoriserad","8":"first","9":"instock","10":"shipping-taxable","11":"purchasable","12":"product-type-simple"},"_links":{"self":[{"href":"https:\/\/nordicmart.andreevmaster.com\/sv\/wp-json\/wp\/v2\/product\/17469","targetHints":{"allow":["GET"]}}],"collection":[{"href":"https:\/\/nordicmart.andreevmaster.com\/sv\/wp-json\/wp\/v2\/product"}],"about":[{"href":"https:\/\/nordicmart.andreevmaster.com\/sv\/wp-json\/wp\/v2\/types\/product"}],"replies":[{"embeddable":true,"href":"https:\/\/nordicmart.andreevmaster.com\/sv\/wp-json\/wp\/v2\/comments?post=17469"}],"wp:featuredmedia":[{"embeddable":true,"href":"https:\/\/nordicmart.andreevmaster.com\/sv\/wp-json\/wp\/v2\/media\/44825"}],"wp:attachment":[{"href":"https:\/\/nordicmart.andreevmaster.com\/sv\/wp-json\/wp\/v2\/media?parent=17469"}],"wp:term":[{"taxonomy":"product_brand","embeddable":true,"href":"https:\/\/nordicmart.andreevmaster.com\/sv\/wp-json\/wp\/v2\/product_brand?post=17469"},{"taxonomy":"product_cat","embeddable":true,"href":"https:\/\/nordicmart.andreevmaster.com\/sv\/wp-json\/wp\/v2\/product_cat?post=17469"},{"taxonomy":"product_tag","embeddable":true,"href":"https:\/\/nordicmart.andreevmaster.com\/sv\/wp-json\/wp\/v2\/product_tag?post=17469"}],"curies":[{"name":"wp","href":"https:\/\/api.w.org\/{rel}","templated":true}]}}