{"id":17468,"date":"2026-02-27T00:35:11","date_gmt":"2026-02-27T00:35:11","guid":{"rendered":"https:\/\/nordicmart.andreevmaster.com\/product\/nautisk-cardan-kompass-i-massing-i-tralada-reproduktion-h43\/"},"modified":"2026-02-27T08:24:47","modified_gmt":"2026-02-27T08:24:47","slug":"nautisk-cardan-kompass-i-massing-i-tralada-reproduktion-h43","status":"publish","type":"product","link":"https:\/\/nordicmart.andreevmaster.com\/sv\/produkt\/nautisk-cardan-kompass-i-massing-i-tralada-reproduktion-h43\/","title":{"rendered":"Nautisk Cardan-kompass i m\u00e4ssing i tr\u00e4l\u00e5da \u2013 reproduktion \u2013 H43"},"content":{"rendered":"<p>Nautisk Cardan-kompass i m\u00e4ssing i tr\u00e4l\u00e5da \u2013 reproduktion \u2013 H43 &nbsp;&nbsp;Produktinformation:&nbsp;&nbsp;Cardan-systemet inneb\u00e4r att kompassen r\u00f6r sig fritt n\u00e4r havsv\u00e5gorna svallar. \u00d6vre del \u2013 ren\u00e4ssansdesign Anv\u00e4ndes ursprungligen p\u00e5 1600-talet. Stor uppm\u00e4rksamhet p\u00e5 detaljer. &nbsp;M\u00e5tt: kompassen \u00e4r \u00e5ttkantig, avst\u00e5ndet m\u00e4tt i rak linje mellan tv\u00e5 sidor \u00e4r 10 cm. Om vi m\u00e4ter motsatta kanter \u00e4r l\u00e4ngden 10,5 cm. Kompassens h\u00f6jd i hopf\u00e4llt l\u00e4ge: 5 cm, i \u00f6ppet l\u00e4ge: 14 cm. Presentf\u00f6rpackning: vacker presentask med lister.&nbsp;&nbsp;<\/p>\n","protected":false},"excerpt":{"rendered":"<p>Nautisk Cardan-kompass i m\u00e4ssing i tr\u00e4l\u00e5da \u2013 reproduktion \u2013 H43 &nbsp;&nbsp;Produktinformation:&nbsp;&nbsp;Cardan-systemet inneb\u00e4r att kompassen r\u00f6r sig fritt n\u00e4r havsv\u00e5gorna svallar. \u00d6vre del \u2013 ren\u00e4ssansdesign Anv\u00e4ndes ursprungligen p\u00e5 1600-talet. Stor uppm\u00e4rksamhet p\u00e5 detaljer. &nbsp;M\u00e5tt: kompassen \u00e4r \u00e5ttkantig, avst\u00e5ndet m\u00e4tt i rak linje mellan tv\u00e5 sidor \u00e4r 10 cm. Om vi m\u00e4ter motsatta kanter \u00e4r l\u00e4ngden 10,5 [&hellip;]<\/p>\n","protected":false},"featured_media":44824,"comment_status":"open","ping_status":"closed","template":"","meta":[],"product_brand":[],"product_cat":[33],"product_tag":[],"class_list":{"0":"post-17468","1":"product","2":"type-product","3":"status-publish","4":"has-post-thumbnail","6":"product_cat-okategoriserad","8":"first","9":"instock","10":"shipping-taxable","11":"purchasable","12":"product-type-simple"},"_links":{"self":[{"href":"https:\/\/nordicmart.andreevmaster.com\/sv\/wp-json\/wp\/v2\/product\/17468","targetHints":{"allow":["GET"]}}],"collection":[{"href":"https:\/\/nordicmart.andreevmaster.com\/sv\/wp-json\/wp\/v2\/product"}],"about":[{"href":"https:\/\/nordicmart.andreevmaster.com\/sv\/wp-json\/wp\/v2\/types\/product"}],"replies":[{"embeddable":true,"href":"https:\/\/nordicmart.andreevmaster.com\/sv\/wp-json\/wp\/v2\/comments?post=17468"}],"wp:featuredmedia":[{"embeddable":true,"href":"https:\/\/nordicmart.andreevmaster.com\/sv\/wp-json\/wp\/v2\/media\/44824"}],"wp:attachment":[{"href":"https:\/\/nordicmart.andreevmaster.com\/sv\/wp-json\/wp\/v2\/media?parent=17468"}],"wp:term":[{"taxonomy":"product_brand","embeddable":true,"href":"https:\/\/nordicmart.andreevmaster.com\/sv\/wp-json\/wp\/v2\/product_brand?post=17468"},{"taxonomy":"product_cat","embeddable":true,"href":"https:\/\/nordicmart.andreevmaster.com\/sv\/wp-json\/wp\/v2\/product_cat?post=17468"},{"taxonomy":"product_tag","embeddable":true,"href":"https:\/\/nordicmart.andreevmaster.com\/sv\/wp-json\/wp\/v2\/product_tag?post=17468"}],"curies":[{"name":"wp","href":"https:\/\/api.w.org\/{rel}","templated":true}]}}