{"id":17467,"date":"2026-02-27T00:35:10","date_gmt":"2026-02-27T00:35:10","guid":{"rendered":"https:\/\/nordicmart.andreevmaster.com\/product\/modell-av-segelfartyget-dar-pomorza-50-cm\/"},"modified":"2026-02-27T08:24:47","modified_gmt":"2026-02-27T08:24:47","slug":"modell-av-segelfartyget-dar-pomorza-50-cm","status":"publish","type":"product","link":"https:\/\/nordicmart.andreevmaster.com\/sv\/produkt\/modell-av-segelfartyget-dar-pomorza-50-cm\/","title":{"rendered":"Modell av segelfartyget Dar Pomorza 50 cm"},"content":{"rendered":"<p>Modell av segelfartyget Dar Pomorza 50 cm &nbsp; Modellen av det tremastade segelfartyget Dar Pomorza, k\u00e4nt som den &ldquo;vita fregatten&rdquo;, \u00e4r en utm\u00e4rkt id\u00e9 f\u00f6r en nautisk present eller stilfull inredningsdetalj. Den \u00e4r omsorgsfullt tillverkad av tr\u00e4, segelduk och metalldetaljer och imponerar med sin detaljrikedom och h\u00f6gkvalitativa utf\u00f6rande. &nbsp; ? Perfekt f\u00f6r havsentusiaster! &nbsp;&nbsp; Modellen blir en vacker dekoration i kontoret, vardagsrummet eller stugan . Den \u00e4r en utm\u00e4rkt present till sj\u00f6m\u00e4n och \u00e4lskare av havs\u00e4ventyr. &nbsp; Produktinformation:&nbsp; Material: Modell tillverkad av tr\u00e4 (skrov och master), segel av canvas, trim (metall, plast). Modell av mycket god kvalitet, omsorgsfullt tillverkad. M\u00e5tt: h\u00f6jd 42,5 cm x bredd 11,5 cm x l\u00e4ngd 53 cm Dar Pomorza \u2013 Historia Dar Pomorza k\u00f6ptes av Pommerska s\u00e4llskapet 1929 f\u00f6r sj\u00f6fartsskolan i Gdynia. Sedan 1982 ligger hon f\u00f6rt\u00f6jd i Gdynia som museifartyg, en filial till Nationalmaritima museet i Gdansk. Under polsk flagg gjorde Dar Pomorza 102 skolresor, seglade en halv miljon nautiska mil \u2013 en str\u00e4cka som motsvarar cirka 25 resor jorden runt \u2013 och blev k\u00e4nt som det f\u00f6rsta fartyget i den polska handelsflottans historia som seglade jorden runt och utbildade 13 384 studenter. &nbsp;<\/p>\n","protected":false},"excerpt":{"rendered":"<p>Modell av segelfartyget Dar Pomorza 50 cm &nbsp; Modellen av det tremastade segelfartyget Dar Pomorza, k\u00e4nt som den &ldquo;vita fregatten&rdquo;, \u00e4r en utm\u00e4rkt id\u00e9 f\u00f6r en nautisk present eller stilfull inredningsdetalj. Den \u00e4r omsorgsfullt tillverkad av tr\u00e4, segelduk och metalldetaljer och imponerar med sin detaljrikedom och h\u00f6gkvalitativa utf\u00f6rande. &nbsp; ? Perfekt f\u00f6r havsentusiaster! &nbsp;&nbsp; Modellen [&hellip;]<\/p>\n","protected":false},"featured_media":44823,"comment_status":"open","ping_status":"closed","template":"","meta":[],"product_brand":[],"product_cat":[33],"product_tag":[],"class_list":{"0":"post-17467","1":"product","2":"type-product","3":"status-publish","4":"has-post-thumbnail","6":"product_cat-okategoriserad","8":"first","9":"instock","10":"shipping-taxable","11":"purchasable","12":"product-type-simple"},"_links":{"self":[{"href":"https:\/\/nordicmart.andreevmaster.com\/sv\/wp-json\/wp\/v2\/product\/17467","targetHints":{"allow":["GET"]}}],"collection":[{"href":"https:\/\/nordicmart.andreevmaster.com\/sv\/wp-json\/wp\/v2\/product"}],"about":[{"href":"https:\/\/nordicmart.andreevmaster.com\/sv\/wp-json\/wp\/v2\/types\/product"}],"replies":[{"embeddable":true,"href":"https:\/\/nordicmart.andreevmaster.com\/sv\/wp-json\/wp\/v2\/comments?post=17467"}],"wp:featuredmedia":[{"embeddable":true,"href":"https:\/\/nordicmart.andreevmaster.com\/sv\/wp-json\/wp\/v2\/media\/44823"}],"wp:attachment":[{"href":"https:\/\/nordicmart.andreevmaster.com\/sv\/wp-json\/wp\/v2\/media?parent=17467"}],"wp:term":[{"taxonomy":"product_brand","embeddable":true,"href":"https:\/\/nordicmart.andreevmaster.com\/sv\/wp-json\/wp\/v2\/product_brand?post=17467"},{"taxonomy":"product_cat","embeddable":true,"href":"https:\/\/nordicmart.andreevmaster.com\/sv\/wp-json\/wp\/v2\/product_cat?post=17467"},{"taxonomy":"product_tag","embeddable":true,"href":"https:\/\/nordicmart.andreevmaster.com\/sv\/wp-json\/wp\/v2\/product_tag?post=17467"}],"curies":[{"name":"wp","href":"https:\/\/api.w.org\/{rel}","templated":true}]}}