{"id":17466,"date":"2026-02-27T00:35:10","date_gmt":"2026-02-27T00:35:10","guid":{"rendered":"https:\/\/nordicmart.andreevmaster.com\/product\/solur-astronomiska-ringar-h21\/"},"modified":"2026-02-27T08:24:46","modified_gmt":"2026-02-27T08:24:46","slug":"solur-astronomiska-ringar-h21","status":"publish","type":"product","link":"https:\/\/nordicmart.andreevmaster.com\/sv\/produkt\/solur-astronomiska-ringar-h21\/","title":{"rendered":"Solur \u2013 Astronomiska ringar &#8211; H21"},"content":{"rendered":"<p>Solur \u2013 Astronomiska ringar \u2013 H21&nbsp;Vi presenterar ett solur \u2013 astronomiska ringar \u2013 modell H21. Detta \u00e4r ett universellt solur \u2013 f\u00f6r att best\u00e4mma alla breddgrader. Ett av de mest universella soluren under 1600- och 1700-talen. Soluret k\u00e4nnetecknas av rik ornamentik som ger det en unik karakt\u00e4r och g\u00f6r det vackert. Produkten \u00e4r tillverkad av zamak och m\u00e4ssing, lackerad enligt tekniken fr\u00e5n tidigare \u00e5rhundraden. Klockan st\u00e5r p\u00e5 ett tr\u00e4st\u00e4ll. &nbsp;Produktinformation:&nbsp;Material: tillverkad av en legering av zink med aluminium eller med aluminium och koppar. Mangan, magnesium och titan anv\u00e4nds ocks\u00e5 som tillsatser. Presentf\u00f6rpackning: en vacker presentask med formsprutning. Fantastiskt dekorativt element. Underbar present till resen\u00e4ren.&nbsp;M\u00e5tt:&nbsp;Max h\u00f6jd med stativ &ndash; 12 cm Bredd 10 cm Djup 0,4 cm Vikt 0,175 kg&nbsp;&nbsp;F\u00f6r att avl\u00e4sa tiden ska ekvatorialringen f\u00e4llas ut s\u00e5 att den ligger i ett plan vinkelr\u00e4tt mot meridianen. Sedan m\u00e5ste du best\u00e4mma latituden med hj\u00e4lp av tronen. St\u00e4ll in r\u00e4tt datum p\u00e5 deklinationsskalan. Du b\u00f6r h\u00e4nga upp enheten med tronen efter att ha st\u00e4llt in den verkliga latituden d\u00e4r vi befinner oss. Solens str\u00e5lar visar den korrekta soltiden. Observera att den officiella tiden kan skilja sig fr\u00e5n soltiden.&nbsp;<\/p>\n","protected":false},"excerpt":{"rendered":"<p>Solur \u2013 Astronomiska ringar \u2013 H21&nbsp;Vi presenterar ett solur \u2013 astronomiska ringar \u2013 modell H21. Detta \u00e4r ett universellt solur \u2013 f\u00f6r att best\u00e4mma alla breddgrader. Ett av de mest universella soluren under 1600- och 1700-talen. Soluret k\u00e4nnetecknas av rik ornamentik som ger det en unik karakt\u00e4r och g\u00f6r det vackert. Produkten \u00e4r tillverkad av [&hellip;]<\/p>\n","protected":false},"featured_media":44822,"comment_status":"open","ping_status":"closed","template":"","meta":[],"product_brand":[],"product_cat":[33],"product_tag":[],"class_list":{"0":"post-17466","1":"product","2":"type-product","3":"status-publish","4":"has-post-thumbnail","6":"product_cat-okategoriserad","8":"first","9":"instock","10":"shipping-taxable","11":"purchasable","12":"product-type-simple"},"_links":{"self":[{"href":"https:\/\/nordicmart.andreevmaster.com\/sv\/wp-json\/wp\/v2\/product\/17466","targetHints":{"allow":["GET"]}}],"collection":[{"href":"https:\/\/nordicmart.andreevmaster.com\/sv\/wp-json\/wp\/v2\/product"}],"about":[{"href":"https:\/\/nordicmart.andreevmaster.com\/sv\/wp-json\/wp\/v2\/types\/product"}],"replies":[{"embeddable":true,"href":"https:\/\/nordicmart.andreevmaster.com\/sv\/wp-json\/wp\/v2\/comments?post=17466"}],"wp:featuredmedia":[{"embeddable":true,"href":"https:\/\/nordicmart.andreevmaster.com\/sv\/wp-json\/wp\/v2\/media\/44822"}],"wp:attachment":[{"href":"https:\/\/nordicmart.andreevmaster.com\/sv\/wp-json\/wp\/v2\/media?parent=17466"}],"wp:term":[{"taxonomy":"product_brand","embeddable":true,"href":"https:\/\/nordicmart.andreevmaster.com\/sv\/wp-json\/wp\/v2\/product_brand?post=17466"},{"taxonomy":"product_cat","embeddable":true,"href":"https:\/\/nordicmart.andreevmaster.com\/sv\/wp-json\/wp\/v2\/product_cat?post=17466"},{"taxonomy":"product_tag","embeddable":true,"href":"https:\/\/nordicmart.andreevmaster.com\/sv\/wp-json\/wp\/v2\/product_tag?post=17466"}],"curies":[{"name":"wp","href":"https:\/\/api.w.org\/{rel}","templated":true}]}}