{"id":17465,"date":"2026-02-27T00:35:10","date_gmt":"2026-02-27T00:35:10","guid":{"rendered":"https:\/\/nordicmart.andreevmaster.com\/product\/massingssolur-med-kompass-urania-propitia-h45\/"},"modified":"2026-02-27T08:24:46","modified_gmt":"2026-02-27T08:24:46","slug":"massingssolur-med-kompass-urania-propitia-h45","status":"publish","type":"product","link":"https:\/\/nordicmart.andreevmaster.com\/sv\/produkt\/massingssolur-med-kompass-urania-propitia-h45\/","title":{"rendered":"M\u00e4ssingssolur med kompass \u2013 Urania propitia  H45"},"content":{"rendered":"<p>M\u00e4ssingssolur med kompass &ndash; Urania propitia H45&nbsp;&nbsp;Vi presenterar en vacker solur med kompass \u2013 modellen Urania Propitia. Produkten \u00e4r tillverkad av m\u00e4ssing. Vackra dekorationer i ren\u00e4ssansstil ger denna klocka med kompass en unik karakt\u00e4r. Kompassen \u00e4r till\u00e4gnad minnet av Maria Cunitz och den f\u00f6rsta kvinnan \u2013 astronomen, skaparen av verket Urania propitia \u2013 tillg\u00e4nglig astronomi. Produkten \u00e4r f\u00f6rpackad i en vacker presentask med en layette. Perfekt som dekoration i ett elegant kontor eller vardagsrum. Den ger en unik karakt\u00e4r till alla interi\u00f6rer. Och om du n\u00e5gonsin g\u00e5r vilse hj\u00e4lper kompassen dig att hitta r\u00e4tt v\u00e4g!&nbsp;&nbsp;Produktinformation:&nbsp;M\u00e5tt: H\u00f6jd 2,8 cm x bredd 8,4 cm Material: M\u00e4ssing H\u00f6gkvalitativ produkt F\u00f6rpackad i elegant l\u00e5da Maria Kunic (Cunitz, Cunitia) var en astronom f\u00f6dd p\u00e5 1600-talet i Wo\u0142\u00f3w i Nedre Schlesien. Hennes st\u00f6rsta verk \u00e4r Urania Propitia \u2013 \u201dtillg\u00e4nglig astronomi\u201d, d\u00e4r hon l\u00f6ste \u201dKeplers problem\u201d och placerade efemeriderna f\u00f6r Venus faser. Verket publicerades p\u00e5 tv\u00e5 spr\u00e5k: tyska och latin, och \u00e4r indelat i 23 kapitel. Det har 500 sidor. I den redigerade Maria Kunic om Keplers astronomiska tabeller, korrigerade dem, gjorde till\u00e4gg och f\u00f6renklade dem med hj\u00e4lp av en metod som utel\u00e4mnar logaritmer. Detta verk inneh\u00e5ller ocks\u00e5 en nyhet, n\u00e4mligen efemeriderna f\u00f6r Venus faser.&nbsp;<\/p>\n","protected":false},"excerpt":{"rendered":"<p>M\u00e4ssingssolur med kompass &ndash; Urania propitia H45&nbsp;&nbsp;Vi presenterar en vacker solur med kompass \u2013 modellen Urania Propitia. Produkten \u00e4r tillverkad av m\u00e4ssing. Vackra dekorationer i ren\u00e4ssansstil ger denna klocka med kompass en unik karakt\u00e4r. Kompassen \u00e4r till\u00e4gnad minnet av Maria Cunitz och den f\u00f6rsta kvinnan \u2013 astronomen, skaparen av verket Urania propitia \u2013 tillg\u00e4nglig astronomi. [&hellip;]<\/p>\n","protected":false},"featured_media":44821,"comment_status":"open","ping_status":"closed","template":"","meta":[],"product_brand":[],"product_cat":[33],"product_tag":[],"class_list":{"0":"post-17465","1":"product","2":"type-product","3":"status-publish","4":"has-post-thumbnail","6":"product_cat-okategoriserad","8":"first","9":"instock","10":"shipping-taxable","11":"purchasable","12":"product-type-simple"},"_links":{"self":[{"href":"https:\/\/nordicmart.andreevmaster.com\/sv\/wp-json\/wp\/v2\/product\/17465","targetHints":{"allow":["GET"]}}],"collection":[{"href":"https:\/\/nordicmart.andreevmaster.com\/sv\/wp-json\/wp\/v2\/product"}],"about":[{"href":"https:\/\/nordicmart.andreevmaster.com\/sv\/wp-json\/wp\/v2\/types\/product"}],"replies":[{"embeddable":true,"href":"https:\/\/nordicmart.andreevmaster.com\/sv\/wp-json\/wp\/v2\/comments?post=17465"}],"wp:featuredmedia":[{"embeddable":true,"href":"https:\/\/nordicmart.andreevmaster.com\/sv\/wp-json\/wp\/v2\/media\/44821"}],"wp:attachment":[{"href":"https:\/\/nordicmart.andreevmaster.com\/sv\/wp-json\/wp\/v2\/media?parent=17465"}],"wp:term":[{"taxonomy":"product_brand","embeddable":true,"href":"https:\/\/nordicmart.andreevmaster.com\/sv\/wp-json\/wp\/v2\/product_brand?post=17465"},{"taxonomy":"product_cat","embeddable":true,"href":"https:\/\/nordicmart.andreevmaster.com\/sv\/wp-json\/wp\/v2\/product_cat?post=17465"},{"taxonomy":"product_tag","embeddable":true,"href":"https:\/\/nordicmart.andreevmaster.com\/sv\/wp-json\/wp\/v2\/product_tag?post=17465"}],"curies":[{"name":"wp","href":"https:\/\/api.w.org\/{rel}","templated":true}]}}