{"id":17464,"date":"2026-02-27T00:35:10","date_gmt":"2026-02-27T00:35:10","guid":{"rendered":"https:\/\/nordicmart.andreevmaster.com\/product\/miniatyr-solur-astronomiska-ringar-h89\/"},"modified":"2026-02-27T08:24:46","modified_gmt":"2026-02-27T08:24:46","slug":"miniatyr-solur-astronomiska-ringar-h89","status":"publish","type":"product","link":"https:\/\/nordicmart.andreevmaster.com\/sv\/produkt\/miniatyr-solur-astronomiska-ringar-h89\/","title":{"rendered":"Miniatyr solur \u2013 astronomiska ringar \u2013 H89"},"content":{"rendered":"<p>&nbsp;Miniatyr solur &#8211; astronomiska ringar &#8211; H89&nbsp;&nbsp;H\u00f6gkvalitativ miniatyrkopia av ett solur fr\u00e5n 1600- och 1700-talet &#8211; astronomiska ringar. En utm\u00e4rkt present till navigat\u00f6rer, sj\u00f6m\u00e4n eller astronomiintresserade.&nbsp;&nbsp;Produktinformation:&nbsp;M\u00e5tt: h\u00f6jd 13 cm, diameter 4,5 cm, djup 4 cm.Vikt: 60 gMaterial: Tillverkad av znal och m\u00e4ssing, lackerad med en teknik som \u00e4r flera hundra \u00e5r gammal. Sitter p\u00e5 en tr\u00e4bas. Presentf\u00f6rpackning: vacker presentask med listverk. Bruksanvisning p\u00e5 engelska, franska, italienska och spanska. Levereras i en attraktiv dekorativ ask med listverk p\u00e5 vilken instrumentet vilar. Instrumentet best\u00e5r av: en tron \u2013 en r\u00f6rlig slinga f\u00f6r att best\u00e4mma latitud. Tronen kan flyttas f\u00f6r att st\u00e4lla in r\u00e4tt latitud. Meridian \u2013 en fast ring med latitudskala. R\u00f6rlig \u201dekvatorial\u201d ring med timskala. En r\u00f6rlig deklination skala f\u00f6r att best\u00e4mma m\u00e5nader (i mitten av enheten) \u2013 fungerar som en gnomon. Varje m\u00e5nad \u00e4r uppdelad i tre tredjedelar om 10 dagar vardera. M\u00e5nadernas namn symboliseras av bokst\u00e4ver, t.ex. O \u2013 oktober. I mitten finns ett litet r\u00f6rligt element som g\u00f6r att du kan st\u00e4lla in r\u00e4tt m\u00e5nad och datum.&nbsp;&nbsp;F\u00f6r att avl\u00e4sa tiden f\u00e4ller du ut ekvatorialringen s\u00e5 att den ligger i ett plan vinkelr\u00e4tt mot meridianen. Best\u00e4m sedan latituden med hj\u00e4lp av tronen. &nbsp;St\u00e4ll in r\u00e4tt datum p\u00e5 deklinationsskalan. H\u00e4ng upp anordningen med tronen efter att du har st\u00e4llt in den faktiska latituden d\u00e4r du befinner dig. Solens str\u00e5lar kommer att ange r\u00e4tt soltid. Observera att den officiella tiden kan skilja sig fr\u00e5n soltiden. &nbsp;&nbsp;&nbsp;&nbsp;<\/p>\n","protected":false},"excerpt":{"rendered":"<p>&nbsp;Miniatyr solur &#8211; astronomiska ringar &#8211; H89&nbsp;&nbsp;H\u00f6gkvalitativ miniatyrkopia av ett solur fr\u00e5n 1600- och 1700-talet &#8211; astronomiska ringar. En utm\u00e4rkt present till navigat\u00f6rer, sj\u00f6m\u00e4n eller astronomiintresserade.&nbsp;&nbsp;Produktinformation:&nbsp;M\u00e5tt: h\u00f6jd 13 cm, diameter 4,5 cm, djup 4 cm.Vikt: 60 gMaterial: Tillverkad av znal och m\u00e4ssing, lackerad med en teknik som \u00e4r flera hundra \u00e5r gammal. Sitter p\u00e5 en [&hellip;]<\/p>\n","protected":false},"featured_media":44820,"comment_status":"open","ping_status":"closed","template":"","meta":[],"product_brand":[],"product_cat":[33],"product_tag":[],"class_list":{"0":"post-17464","1":"product","2":"type-product","3":"status-publish","4":"has-post-thumbnail","6":"product_cat-okategoriserad","8":"first","9":"instock","10":"shipping-taxable","11":"purchasable","12":"product-type-simple"},"_links":{"self":[{"href":"https:\/\/nordicmart.andreevmaster.com\/sv\/wp-json\/wp\/v2\/product\/17464","targetHints":{"allow":["GET"]}}],"collection":[{"href":"https:\/\/nordicmart.andreevmaster.com\/sv\/wp-json\/wp\/v2\/product"}],"about":[{"href":"https:\/\/nordicmart.andreevmaster.com\/sv\/wp-json\/wp\/v2\/types\/product"}],"replies":[{"embeddable":true,"href":"https:\/\/nordicmart.andreevmaster.com\/sv\/wp-json\/wp\/v2\/comments?post=17464"}],"wp:featuredmedia":[{"embeddable":true,"href":"https:\/\/nordicmart.andreevmaster.com\/sv\/wp-json\/wp\/v2\/media\/44820"}],"wp:attachment":[{"href":"https:\/\/nordicmart.andreevmaster.com\/sv\/wp-json\/wp\/v2\/media?parent=17464"}],"wp:term":[{"taxonomy":"product_brand","embeddable":true,"href":"https:\/\/nordicmart.andreevmaster.com\/sv\/wp-json\/wp\/v2\/product_brand?post=17464"},{"taxonomy":"product_cat","embeddable":true,"href":"https:\/\/nordicmart.andreevmaster.com\/sv\/wp-json\/wp\/v2\/product_cat?post=17464"},{"taxonomy":"product_tag","embeddable":true,"href":"https:\/\/nordicmart.andreevmaster.com\/sv\/wp-json\/wp\/v2\/product_tag?post=17464"}],"curies":[{"name":"wp","href":"https:\/\/api.w.org\/{rel}","templated":true}]}}