{"id":17463,"date":"2026-02-27T00:35:09","date_gmt":"2026-02-27T00:35:09","guid":{"rendered":"https:\/\/nordicmart.andreevmaster.com\/product\/miniatyr-solur-astronomiska-ringar-h90\/"},"modified":"2026-02-27T08:24:46","modified_gmt":"2026-02-27T08:24:46","slug":"miniatyr-solur-astronomiska-ringar-h90","status":"publish","type":"product","link":"https:\/\/nordicmart.andreevmaster.com\/sv\/produkt\/miniatyr-solur-astronomiska-ringar-h90\/","title":{"rendered":"Miniatyr solur &#8211; astronomiska ringar &#8211; H90"},"content":{"rendered":"<p>Miniatyr solur &#8211; astronomiska ringar &#8211; H90&nbsp;&nbsp;Detta \u00e4r en miniatyrkopia av en anordning som anv\u00e4ndes under 1600- och 1700-talen. &#8211; universellt solur. Den \u00e4r tillverkad av znallium och m\u00e4ssing, lackerad med en teknik som \u00e4r flera hundra \u00e5r gammal.&nbsp;Produktinformation:&nbsp;M\u00e5tt: Diameter 0,5 cm x Djup 0,5 cmVikt: 50 gBruksanvisning p\u00e5 engelska, franska, italienska och spanska.Presentf\u00f6rpackning: Levereras i en attraktiv dekorativ l\u00e5da med ett gjutet foder d\u00e4r instrumentet vilar.Fantastisk present till navigat\u00f6rer, sj\u00f6m\u00e4n, astronomiintresserade. H\u00e4nge \u2013 rem i r\u00f6dbrun f\u00e4rg. Instrumentet best\u00e5r av: &#8211; en tron &#8211; en r\u00f6rlig rem f\u00f6r att best\u00e4mma latitud. Tronen kan flyttas f\u00f6r att st\u00e4lla in r\u00e4tt latitud. &#8211; meridian &#8211; en fast ring med latitudskala &#8211; r\u00f6rlig &#8221;ekvatorial&#8221; ring med timskala &#8211; en r\u00f6rlig deklination skala f\u00f6r att best\u00e4mma m\u00e5nader (i mitten av enheten) &#8211; fungerar som en gnomon. Varje m\u00e5nad \u00e4r uppdelad i tre tredjedelar om 10 dagar vardera. M\u00e5nadernas namn symboliseras av bokst\u00e4ver, t.ex. O &#8211; oktober. I mitten finns ett litet r\u00f6rligt element som g\u00f6r att du kan st\u00e4lla in r\u00e4tt m\u00e5nad och datum.&nbsp;<\/p>\n","protected":false},"excerpt":{"rendered":"<p>Miniatyr solur &#8211; astronomiska ringar &#8211; H90&nbsp;&nbsp;Detta \u00e4r en miniatyrkopia av en anordning som anv\u00e4ndes under 1600- och 1700-talen. &#8211; universellt solur. Den \u00e4r tillverkad av znallium och m\u00e4ssing, lackerad med en teknik som \u00e4r flera hundra \u00e5r gammal.&nbsp;Produktinformation:&nbsp;M\u00e5tt: Diameter 0,5 cm x Djup 0,5 cmVikt: 50 gBruksanvisning p\u00e5 engelska, franska, italienska och spanska.Presentf\u00f6rpackning: Levereras [&hellip;]<\/p>\n","protected":false},"featured_media":44819,"comment_status":"open","ping_status":"closed","template":"","meta":[],"product_brand":[],"product_cat":[33],"product_tag":[],"class_list":{"0":"post-17463","1":"product","2":"type-product","3":"status-publish","4":"has-post-thumbnail","6":"product_cat-okategoriserad","8":"first","9":"instock","10":"shipping-taxable","11":"purchasable","12":"product-type-simple"},"_links":{"self":[{"href":"https:\/\/nordicmart.andreevmaster.com\/sv\/wp-json\/wp\/v2\/product\/17463","targetHints":{"allow":["GET"]}}],"collection":[{"href":"https:\/\/nordicmart.andreevmaster.com\/sv\/wp-json\/wp\/v2\/product"}],"about":[{"href":"https:\/\/nordicmart.andreevmaster.com\/sv\/wp-json\/wp\/v2\/types\/product"}],"replies":[{"embeddable":true,"href":"https:\/\/nordicmart.andreevmaster.com\/sv\/wp-json\/wp\/v2\/comments?post=17463"}],"wp:featuredmedia":[{"embeddable":true,"href":"https:\/\/nordicmart.andreevmaster.com\/sv\/wp-json\/wp\/v2\/media\/44819"}],"wp:attachment":[{"href":"https:\/\/nordicmart.andreevmaster.com\/sv\/wp-json\/wp\/v2\/media?parent=17463"}],"wp:term":[{"taxonomy":"product_brand","embeddable":true,"href":"https:\/\/nordicmart.andreevmaster.com\/sv\/wp-json\/wp\/v2\/product_brand?post=17463"},{"taxonomy":"product_cat","embeddable":true,"href":"https:\/\/nordicmart.andreevmaster.com\/sv\/wp-json\/wp\/v2\/product_cat?post=17463"},{"taxonomy":"product_tag","embeddable":true,"href":"https:\/\/nordicmart.andreevmaster.com\/sv\/wp-json\/wp\/v2\/product_tag?post=17463"}],"curies":[{"name":"wp","href":"https:\/\/api.w.org\/{rel}","templated":true}]}}