{"id":17462,"date":"2026-02-27T00:35:09","date_gmt":"2026-02-27T00:35:09","guid":{"rendered":"https:\/\/nordicmart.andreevmaster.com\/product\/massingskalender-med-evig-kalender-pa-trabas-h27\/"},"modified":"2026-02-27T08:24:45","modified_gmt":"2026-02-27T08:24:45","slug":"massingskalender-med-evig-kalender-pa-trabas-h27","status":"publish","type":"product","link":"https:\/\/nordicmart.andreevmaster.com\/sv\/produkt\/massingskalender-med-evig-kalender-pa-trabas-h27\/","title":{"rendered":"M\u00e4ssingskalender med evig kalender p\u00e5 tr\u00e4bas \u2013 H27"},"content":{"rendered":"<p>Evig kalender H27 &nbsp;&nbsp;&nbsp;Med den eviga kalendern kan du hitta alla veckodagar fr\u00e5n 1600 till 2799! Kalendern anv\u00e4nder ett gammalt system som kallas dominical letters \u2013 s\u00f6ndagsbokst\u00e4ver. &nbsp;Kalendern \u00e4r vackert dekorerad i ren\u00e4ssansstil. &nbsp;Den passar utm\u00e4rkt som present till en historia- och teknikintresserad person, en chef eller en astrologientusiast. Den kommer att se bra ut p\u00e5 ett skrivbord i ett arbetsrum eller kontor.&nbsp;&nbsp;&nbsp;&nbsp;Produktinformation:&nbsp;&nbsp;M\u00e5tt: Diameter 9 cmRen\u00e4ssansstilOriginalinstruktionsbok p\u00e5 flera spr\u00e5k: engelska, franska, spanska, italienskaPresentf\u00f6rpackning: vacker presentask med gjuten l\u00e5da&nbsp;&nbsp;&nbsp;&nbsp;Hur anv\u00e4nder man den eviga kalendern?&nbsp;&nbsp;L\u00e5t oss s\u00e4ga att vi vill kolla vilken veckodag det \u00e4r den 2 mars 2019. F\u00f6r att g\u00f6ra detta v\u00e4nder vi kalendern till sidan med m\u00e5nens leende ansikte. Vi letar efter siffran 20 p\u00e5 den r\u00f6rliga ringen och riktar in den mot siffran 19, som vi hittar p\u00e5 den fasta skalan. D\u00e4refter flyttar vi bokstaven Letra Dominical till 19, vilket g\u00f6r att vi kan se vilken bokstav som fanns under 20 n\u00e4r 20 och 19 var i linje . I v\u00e5rt fall \u00e4r det bokstaven F.&nbsp;N\u00e4sta steg \u00e4r p\u00e5 sidan med solens leende ansikte. M\u00e5naden mars, markerad p\u00e5 den r\u00f6rliga ringen med bokst\u00e4verna MAR, placeras under F. D\u00e4refter ser vi att den andra dagen i m\u00e5naden \u2013 vi tittar nu p\u00e5 den nedre delen av den fasta skalan som visar dagarna fr\u00e5n 1 till 31 \u2013 sammanfaller med bokstaven S, vilket betyder att den 2 mars 2019 \u00e4r S \u2013 l\u00f6rdag.I fallet med ett skott\u00e5r kommer det att visa sig att vi m\u00f6ter tv\u00e5 bokst\u00e4ver i sceptret. D\u00e5 g\u00e4ller regeln att den f\u00f6rsta g\u00e4ller f\u00f6r dagen fram till den 1 mars ett givet \u00e5r, och den andra f\u00f6r alla dagar efter den 1 mars det \u00e5ret. \u00d6vriga steg som ovan. Exempel: l\u00e5t oss kolla vilken veckodag som infaller den 10 juni 2020. P\u00e5 m\u00e5nsidan st\u00e4ller vi in 20 p\u00e5 den r\u00f6rliga skalan under 20 p\u00e5 den fasta. Vi anv\u00e4nder lillfingret och ser att det finns bokst\u00e4verna D och E under 20. Vi talar om ett datum efter den 15 mars, s\u00e5 vi tar h\u00e4nsyn till bokstaven D. Med denna information g\u00e5r vi till sidan med solens smiley. JUN \u2013 juni \u00e4r inst\u00e4llt under D. L\u00e4ngst ner ser vi att den 10 juni \u00e4r under X-miercoles \u2013 onsdag.<\/p>\n","protected":false},"excerpt":{"rendered":"<p>Evig kalender H27 &nbsp;&nbsp;&nbsp;Med den eviga kalendern kan du hitta alla veckodagar fr\u00e5n 1600 till 2799! Kalendern anv\u00e4nder ett gammalt system som kallas dominical letters \u2013 s\u00f6ndagsbokst\u00e4ver. &nbsp;Kalendern \u00e4r vackert dekorerad i ren\u00e4ssansstil. &nbsp;Den passar utm\u00e4rkt som present till en historia- och teknikintresserad person, en chef eller en astrologientusiast. Den kommer att se bra ut [&hellip;]<\/p>\n","protected":false},"featured_media":44818,"comment_status":"open","ping_status":"closed","template":"","meta":[],"product_brand":[],"product_cat":[33],"product_tag":[],"class_list":{"0":"post-17462","1":"product","2":"type-product","3":"status-publish","4":"has-post-thumbnail","6":"product_cat-okategoriserad","8":"first","9":"instock","10":"shipping-taxable","11":"purchasable","12":"product-type-simple"},"_links":{"self":[{"href":"https:\/\/nordicmart.andreevmaster.com\/sv\/wp-json\/wp\/v2\/product\/17462","targetHints":{"allow":["GET"]}}],"collection":[{"href":"https:\/\/nordicmart.andreevmaster.com\/sv\/wp-json\/wp\/v2\/product"}],"about":[{"href":"https:\/\/nordicmart.andreevmaster.com\/sv\/wp-json\/wp\/v2\/types\/product"}],"replies":[{"embeddable":true,"href":"https:\/\/nordicmart.andreevmaster.com\/sv\/wp-json\/wp\/v2\/comments?post=17462"}],"wp:featuredmedia":[{"embeddable":true,"href":"https:\/\/nordicmart.andreevmaster.com\/sv\/wp-json\/wp\/v2\/media\/44818"}],"wp:attachment":[{"href":"https:\/\/nordicmart.andreevmaster.com\/sv\/wp-json\/wp\/v2\/media?parent=17462"}],"wp:term":[{"taxonomy":"product_brand","embeddable":true,"href":"https:\/\/nordicmart.andreevmaster.com\/sv\/wp-json\/wp\/v2\/product_brand?post=17462"},{"taxonomy":"product_cat","embeddable":true,"href":"https:\/\/nordicmart.andreevmaster.com\/sv\/wp-json\/wp\/v2\/product_cat?post=17462"},{"taxonomy":"product_tag","embeddable":true,"href":"https:\/\/nordicmart.andreevmaster.com\/sv\/wp-json\/wp\/v2\/product_tag?post=17462"}],"curies":[{"name":"wp","href":"https:\/\/api.w.org\/{rel}","templated":true}]}}