{"id":17461,"date":"2026-02-27T00:35:09","date_gmt":"2026-02-27T00:35:09","guid":{"rendered":"https:\/\/nordicmart.andreevmaster.com\/product\/brunton-kompass-i-tralada-cb5\/"},"modified":"2026-02-27T08:24:45","modified_gmt":"2026-02-27T08:24:45","slug":"brunton-kompass-i-tralada-cb5","status":"publish","type":"product","link":"https:\/\/nordicmart.andreevmaster.com\/sv\/produkt\/brunton-kompass-i-tralada-cb5\/","title":{"rendered":"Brunton-kompass i tr\u00e4l\u00e5da \u2013 CB5"},"content":{"rendered":"<p>Brunton-kompass i tr\u00e4l\u00e5da \u2013 CB5 &nbsp;&nbsp;Brunton-kompassen \u00e4r ett mycket precist tekniskt instrument f\u00f6r olika ber\u00e4kningar. Den eleganta och h\u00e5llbara m\u00e4ssingskompassen \u00e4r en praktisk present till ingenj\u00f6rer och lantm\u00e4tare.&nbsp;En f\u00f6rdel med Brunton-modellen \u00e4r spegeln och sikten under locket. De g\u00f6r det l\u00e4ttare att marschera p\u00e5 azimut. Spetsen p\u00e5 magnetn\u00e5len som anger norr \u00e4r r\u00f6d. P\u00e5 fodralet finns en sinusbord. Kompassen \u00e4r ocks\u00e5 utrustad med en libell som g\u00f6r det m\u00f6jligt att best\u00e4mma sm\u00e5 lutningsvinklar f\u00f6r raka linjer eller plan i f\u00f6rh\u00e5llande till horisontell eller vertikal riktning. &nbsp;Brunton-kompassen \u00e4r f\u00f6rpackad i en smakfull tr\u00e4l\u00e5da.&nbsp;&nbsp;Produktinformation:&nbsp;Material: m\u00e4ssing Fodralets f\u00e4rger: m\u00e4ssing Kompassl\u00e5da \u2013 l\u00e5sbar Spegel och sikteinstrument Libella Sinustabell p\u00e5 fodralet M\u00e5tt: 7,5 x 7 x 3,5 cm&nbsp;L\u00e5da:&nbsp;Material: tr\u00e4 Vadderad med bl\u00e5tt material M\u00e5tt: 10,5 x 9 x 6 cm&nbsp;<\/p>\n","protected":false},"excerpt":{"rendered":"<p>Brunton-kompass i tr\u00e4l\u00e5da \u2013 CB5 &nbsp;&nbsp;Brunton-kompassen \u00e4r ett mycket precist tekniskt instrument f\u00f6r olika ber\u00e4kningar. Den eleganta och h\u00e5llbara m\u00e4ssingskompassen \u00e4r en praktisk present till ingenj\u00f6rer och lantm\u00e4tare.&nbsp;En f\u00f6rdel med Brunton-modellen \u00e4r spegeln och sikten under locket. De g\u00f6r det l\u00e4ttare att marschera p\u00e5 azimut. Spetsen p\u00e5 magnetn\u00e5len som anger norr \u00e4r r\u00f6d. P\u00e5 fodralet [&hellip;]<\/p>\n","protected":false},"featured_media":44817,"comment_status":"open","ping_status":"closed","template":"","meta":[],"product_brand":[],"product_cat":[33],"product_tag":[],"class_list":{"0":"post-17461","1":"product","2":"type-product","3":"status-publish","4":"has-post-thumbnail","6":"product_cat-okategoriserad","8":"first","9":"instock","10":"shipping-taxable","11":"purchasable","12":"product-type-simple"},"_links":{"self":[{"href":"https:\/\/nordicmart.andreevmaster.com\/sv\/wp-json\/wp\/v2\/product\/17461","targetHints":{"allow":["GET"]}}],"collection":[{"href":"https:\/\/nordicmart.andreevmaster.com\/sv\/wp-json\/wp\/v2\/product"}],"about":[{"href":"https:\/\/nordicmart.andreevmaster.com\/sv\/wp-json\/wp\/v2\/types\/product"}],"replies":[{"embeddable":true,"href":"https:\/\/nordicmart.andreevmaster.com\/sv\/wp-json\/wp\/v2\/comments?post=17461"}],"wp:featuredmedia":[{"embeddable":true,"href":"https:\/\/nordicmart.andreevmaster.com\/sv\/wp-json\/wp\/v2\/media\/44817"}],"wp:attachment":[{"href":"https:\/\/nordicmart.andreevmaster.com\/sv\/wp-json\/wp\/v2\/media?parent=17461"}],"wp:term":[{"taxonomy":"product_brand","embeddable":true,"href":"https:\/\/nordicmart.andreevmaster.com\/sv\/wp-json\/wp\/v2\/product_brand?post=17461"},{"taxonomy":"product_cat","embeddable":true,"href":"https:\/\/nordicmart.andreevmaster.com\/sv\/wp-json\/wp\/v2\/product_cat?post=17461"},{"taxonomy":"product_tag","embeddable":true,"href":"https:\/\/nordicmart.andreevmaster.com\/sv\/wp-json\/wp\/v2\/product_tag?post=17461"}],"curies":[{"name":"wp","href":"https:\/\/api.w.org\/{rel}","templated":true}]}}