{"id":17460,"date":"2026-02-27T00:35:09","date_gmt":"2026-02-27T00:35:09","guid":{"rendered":"https:\/\/nordicmart.andreevmaster.com\/product\/traratt-massingsinsats-med-plats-for-kil-diameter-60-cm-sw3-24\/"},"modified":"2026-02-27T08:24:45","modified_gmt":"2026-02-27T08:24:45","slug":"traratt-massingsinsats-med-plats-for-kil-diameter-60-cm-sw3-24","status":"publish","type":"product","link":"https:\/\/nordicmart.andreevmaster.com\/sv\/produkt\/traratt-massingsinsats-med-plats-for-kil-diameter-60-cm-sw3-24\/","title":{"rendered":"Tr\u00e4ratt &#8211; M\u00e4ssingsinsats med plats f\u00f6r kil &#8211; Diameter 60 cm &#8211; SW3\/24"},"content":{"rendered":"<p>Tr\u00e4ratt &#8211; M\u00e4ssingsinsats med plats f\u00f6r kil &#8211; Diameter 60 cm &#8211; SW3\/24&nbsp;&nbsp;&nbsp;Tr\u00e4ratt \u00e4r en marin dekoration som ger din l\u00e4genhet en maritim touch. Det \u00e4r en symbolisk present till en sj\u00f6man.&nbsp;Detta ratt \u00e4r tillverkat av tr\u00e4 med ett centralt element i m\u00e4ssing och passar perfekt mot en bakgrund av bl\u00e5, gr\u00f6na eller vita v\u00e4ggar.&nbsp;&nbsp;Produktinformation:&nbsp;Material: tr\u00e4Insats: m\u00e4ssingRattens diameter: 60 cmPlats f\u00f6r kilStil: maritim, retro&nbsp;Perfekt som:&nbsp;Present till en sj\u00f6manSymbolisk presentMaritim dekoration&nbsp;<\/p>\n","protected":false},"excerpt":{"rendered":"<p>Tr\u00e4ratt &#8211; M\u00e4ssingsinsats med plats f\u00f6r kil &#8211; Diameter 60 cm &#8211; SW3\/24&nbsp;&nbsp;&nbsp;Tr\u00e4ratt \u00e4r en marin dekoration som ger din l\u00e4genhet en maritim touch. Det \u00e4r en symbolisk present till en sj\u00f6man.&nbsp;Detta ratt \u00e4r tillverkat av tr\u00e4 med ett centralt element i m\u00e4ssing och passar perfekt mot en bakgrund av bl\u00e5, gr\u00f6na eller vita v\u00e4ggar.&nbsp;&nbsp;Produktinformation:&nbsp;Material: [&hellip;]<\/p>\n","protected":false},"featured_media":44816,"comment_status":"open","ping_status":"closed","template":"","meta":[],"product_brand":[],"product_cat":[33],"product_tag":[],"class_list":{"0":"post-17460","1":"product","2":"type-product","3":"status-publish","4":"has-post-thumbnail","6":"product_cat-okategoriserad","8":"first","9":"instock","10":"shipping-taxable","11":"purchasable","12":"product-type-simple"},"_links":{"self":[{"href":"https:\/\/nordicmart.andreevmaster.com\/sv\/wp-json\/wp\/v2\/product\/17460","targetHints":{"allow":["GET"]}}],"collection":[{"href":"https:\/\/nordicmart.andreevmaster.com\/sv\/wp-json\/wp\/v2\/product"}],"about":[{"href":"https:\/\/nordicmart.andreevmaster.com\/sv\/wp-json\/wp\/v2\/types\/product"}],"replies":[{"embeddable":true,"href":"https:\/\/nordicmart.andreevmaster.com\/sv\/wp-json\/wp\/v2\/comments?post=17460"}],"wp:featuredmedia":[{"embeddable":true,"href":"https:\/\/nordicmart.andreevmaster.com\/sv\/wp-json\/wp\/v2\/media\/44816"}],"wp:attachment":[{"href":"https:\/\/nordicmart.andreevmaster.com\/sv\/wp-json\/wp\/v2\/media?parent=17460"}],"wp:term":[{"taxonomy":"product_brand","embeddable":true,"href":"https:\/\/nordicmart.andreevmaster.com\/sv\/wp-json\/wp\/v2\/product_brand?post=17460"},{"taxonomy":"product_cat","embeddable":true,"href":"https:\/\/nordicmart.andreevmaster.com\/sv\/wp-json\/wp\/v2\/product_cat?post=17460"},{"taxonomy":"product_tag","embeddable":true,"href":"https:\/\/nordicmart.andreevmaster.com\/sv\/wp-json\/wp\/v2\/product_tag?post=17460"}],"curies":[{"name":"wp","href":"https:\/\/api.w.org\/{rel}","templated":true}]}}